{"id":849,"date":"2021-07-19T13:39:03","date_gmt":"2021-07-19T11:39:03","guid":{"rendered":"https:\/\/arboretumdegalicia.com\/?page_id=849"},"modified":"2021-11-28T19:45:12","modified_gmt":"2021-11-28T17:45:12","slug":"visitas-al-arboretum","status":"publish","type":"page","link":"https:\/\/arboretumdegalicia.com\/en\/visitas-al-arboretum\/","title":{"rendered":"VISIT"},"content":{"rendered":"<p>[et_pb_section fb_built=\u00bb1&#8243; specialty=\u00bbon\u00bb _builder_version=\u00bb4.9.9&#8243; _module_preset=\u00bbdefault\u00bb background_color=\u00bb#F6F1E8&#8243; custom_padding=\u00bb35px|||||\u00bb global_colors_info=\u00bb{}\u00bb theme_builder_area=\u00bbpost_content\u00bb][et_pb_column type=\u00bb2_3&#8243; specialty_columns=\u00bb2&#8243; _builder_version=\u00bb3.25&#8243; custom_padding=\u00bb|||\u00bb global_colors_info=\u00bb{}\u00bb custom_padding__hover=\u00bb|||\u00bb theme_builder_area=\u00bbpost_content\u00bb][et_pb_row_inner _builder_version=\u00bb4.9.9&#8243; _module_preset=\u00bbdefault\u00bb custom_padding=\u00bb16px||7px|||\u00bb global_colors_info=\u00bb{}\u00bb theme_builder_area=\u00bbpost_content\u00bb][et_pb_column_inner saved_specialty_column_type=\u00bb2_3&#8243; _builder_version=\u00bb4.9.7&#8243; _module_preset=\u00bbdefault\u00bb global_colors_info=\u00bb{}\u00bb theme_builder_area=\u00bbpost_content\u00bb][et_pb_text module_class=\u00bbintro\u00bb _builder_version=\u00bb4.13.1&#8243; _module_preset=\u00bbdefault\u00bb header_2_font_size=\u00bb28px\u00bb max_width_tablet=\u00bb100%\u00bb max_width_last_edited=\u00bboff|desktop\u00bb global_colors_info=\u00bb{}\u00bb theme_builder_area=\u00bbpost_content\u00bb]<\/p>\n<h2>The Arboretum is easy to reach by car. It is located in the locality of San Vicente, between the provinces of A Coru\u00f1a and Lugo, 4 km from the crossroads between the A6 (Madrid-A Coru\u00f1a) and A8 (Autovia del Cant\u00e1brico) motorways. It is a pleasant stopover when traveling in the north-east of Spain. The Northern Way to Santiago de Compostela passes through Baamonde.\u00a0<\/h2>\n<p>[\/et_pb_text][et_pb_text _builder_version=\u00bb4.9.9&#8243; _module_preset=\u00bbdefault\u00bb global_colors_info=\u00bb{}\u00bb theme_builder_area=\u00bbpost_content\u00bb]<\/p>\n<p>One can visit the Arboretum at any time of the year. Spring and autumn are especially beautiful due to the flowering and spectacular colouring of many trees. The Arboretum is open to visitors:<\/p>\n<p>[\/et_pb_text][et_pb_text _builder_version=\u00bb4.9.9&#8243; _module_preset=\u00bbdefault\u00bb header_3_font_size=\u00bb28px\u00bb custom_margin=\u00bb||||false|false\u00bb global_colors_info=\u00bb{}\u00bb theme_builder_area=\u00bbpost_content\u00bb]<\/p>\n<h3>Free visit<\/h3>\n<p>[\/et_pb_text][et_pb_text _builder_version=\u00bb4.13.1&#8243; _module_preset=\u00bbdefault\u00bb custom_margin=\u00bb1px||56px|||\u00bb global_colors_info=\u00bb{}\u00bb theme_builder_area=\u00bbpost_content\u00bb]<\/p>\n<h4><span style=\"color: #ff6600;\"><strong>Open to the public from May 2022.<\/strong><\/span><\/h4>\n<p><strong>From April 15th to November 15th, Saturdays in two rounds: <\/strong><\/p>\n<p class=\" translation-block\">&gt; <strong>Morning<\/strong> from 10:00 to 14:00 \/\u00a0<strong>Afternoon<\/strong> from 15:00 to 19:00<\/p>\n<p class=\" translation-block\"><strong>Previous registration: <\/strong><a href=\"arboretumdegalicia@yahoo.es\" target=\"_self\">\u00a0arboretumdegalicia@yahoo.es<\/a><\/p>\n<p><b>A maximum of 25 people (over 10 years old) will be able to register for each time slot.\u00a0<\/b>There is no limit for children under 10 years old.<span><\/span><\/p>\n<p>Once registered, the visit is free. It is advisable to park in the esplanade of the Church of San Vicente and continue walking to the Arboretum. Enter the Arboretum freely and enjoy it!<\/p>\n<p>A central course is signposted with numbered stone poles. They are a reference for the walk but the visitor can move in total freedom.<\/p>\n<p><span style=\"text-decoration: underline;\"><strong><\/strong><\/span><\/p>\n<p><strong>The Northern Way: <\/strong><strong style=\"font-size: 19px;\">Pilgrims can access the Arboretum without prior registration every day of the year.<\/strong><\/p>\n<p>&nbsp;<\/p>\n<p>[\/et_pb_text][et_pb_divider divider_weight=\u00bb3px\u00bb _builder_version=\u00bb4.9.7&#8243; _module_preset=\u00bbdefault\u00bb width=\u00bb45%\u00bb custom_margin=\u00bb||7px|||\u00bb custom_padding=\u00bb||0px|||\u00bb global_colors_info=\u00bb{}\u00bb theme_builder_area=\u00bbpost_content\u00bb][\/et_pb_divider][\/et_pb_column_inner][\/et_pb_row_inner][et_pb_row_inner _builder_version=\u00bb4.9.9&#8243; _module_preset=\u00bbdefault\u00bb custom_padding=\u00bb19px||4px|||\u00bb global_colors_info=\u00bb{}\u00bb theme_builder_area=\u00bbpost_content\u00bb][et_pb_column_inner saved_specialty_column_type=\u00bb2_3&#8243; _builder_version=\u00bb4.9.7&#8243; _module_preset=\u00bbdefault\u00bb global_colors_info=\u00bb{}\u00bb theme_builder_area=\u00bbpost_content\u00bb][et_pb_text _builder_version=\u00bb4.9.9&#8243; _module_preset=\u00bbdefault\u00bb header_3_font_size=\u00bb28px\u00bb custom_margin=\u00bb||2px||false|false\u00bb global_colors_info=\u00bb{}\u00bb theme_builder_area=\u00bbpost_content\u00bb]<\/p>\n<h3>Group visits<\/h3>\n<p>[\/et_pb_text][et_pb_text _builder_version=\u00bb4.9.7&#8243; _module_preset=\u00bbdefault\u00bb custom_margin=\u00bb1px||59px|||\u00bb global_colors_info=\u00bb{}\u00bb theme_builder_area=\u00bbpost_content\u00bb]<\/p>\n<p>Previous registration:\u00a0<a>arboretumdegalicia@yahoo.es\u00a0<\/a>depending on availability.<\/p>\n<p class=\" translation-block\"><em style=\"font-style: italic\">School groups can arrange visits at any time of the year.<\/em><\/p>\n<p>[\/et_pb_text][et_pb_divider divider_weight=\u00bb3px\u00bb _builder_version=\u00bb4.9.7&#8243; _module_preset=\u00bbdefault\u00bb width=\u00bb45%\u00bb custom_margin=\u00bb||7px|||\u00bb global_colors_info=\u00bb{}\u00bb theme_builder_area=\u00bbpost_content\u00bb][\/et_pb_divider][\/et_pb_column_inner][\/et_pb_row_inner][et_pb_row_inner _builder_version=\u00bb4.9.9&#8243; _module_preset=\u00bbdefault\u00bb custom_padding=\u00bb16px|||||\u00bb global_colors_info=\u00bb{}\u00bb theme_builder_area=\u00bbpost_content\u00bb][et_pb_column_inner saved_specialty_column_type=\u00bb2_3&#8243; _builder_version=\u00bb4.9.7&#8243; _module_preset=\u00bbdefault\u00bb global_colors_info=\u00bb{}\u00bb theme_builder_area=\u00bbpost_content\u00bb][et_pb_text _builder_version=\u00bb4.9.9&#8243; _module_preset=\u00bbdefault\u00bb header_3_font_size=\u00bb28px\u00bb custom_margin=\u00bb||2px||false|false\u00bb global_colors_info=\u00bb{}\u00bb theme_builder_area=\u00bbpost_content\u00bb]<\/p>\n<h3>Guided visits<\/h3>\n<p>[\/et_pb_text][et_pb_text _builder_version=\u00bb4.9.7&#8243; _module_preset=\u00bbdefault\u00bb custom_margin=\u00bb1px|||||\u00bb global_colors_info=\u00bb{}\u00bb theme_builder_area=\u00bbpost_content\u00bb]<\/p>\n<p>Previous registration:\u00a0<a>arboretumdegalicia@yahoo.es\u00a0<\/a>depending on availability.<\/p>\n<p><i>They are reserved to professionals or botanical passionates.<\/i><\/p>\n<p>[\/et_pb_text][\/et_pb_column_inner][\/et_pb_row_inner][\/et_pb_column][et_pb_column type=\u00bb1_3&#8243; _builder_version=\u00bb3.25&#8243; custom_padding=\u00bb|||\u00bb global_colors_info=\u00bb{}\u00bb custom_padding__hover=\u00bb|||\u00bb theme_builder_area=\u00bbpost_content\u00bb][et_pb_blurb title=\u00bbCobertura telef\u00f3nica\u00bb use_icon=\u00bbon\u00bb font_icon=\u00bb&#xe090;||divi||400&#8243; icon_color=\u00bb#FFFFFF\u00bb image_icon_background_color=\u00bb#3A4A54&#8243; image_icon_width=\u00bb27px\u00bb icon_alignment=\u00bbleft\u00bb _builder_version=\u00bb4.13.0&#8243; _module_preset=\u00bbdefault\u00bb header_font_size=\u00bb24px\u00bb body_font_size=\u00bb16px\u00bb body_line_height=\u00bb1.2em\u00bb background_color=\u00bb#FFFFFF\u00bb image_icon_custom_padding=\u00bb25px|25px|25px|25px|false|false\u00bb custom_margin=\u00bb-26px|||||\u00bb custom_padding=\u00bb17px|21px|26px|21px|false|true\u00bb custom_css_blurb_title=\u00bbmargin-top:-10px;||\u00bb border_radii_image=\u00bbon|100%|100%|100%|100%\u00bb icon_font_size=\u00bb27px\u00bb use_circle=\u00bbon\u00bb circle_color=\u00bb#3A4A54&#8243; global_colors_info=\u00bb{}\u00bb image_icon_background_color__sticky_enabled=\u00bb#a87b25&#8243; image_icon_background_color__sticky=\u00bb#a87b25&#8243; theme_builder_area=\u00bbpost_content\u00bb]<\/p>\n<p><em><strong>There is no telephone coverage at the Arboretum de Galicia. Don\u2019t panic, you will survive it!<\/strong> If you need to make an emergency call go up to the top of one of the slopes and the signal will come. You won\u2019t be able to download a movie, but you should be able to make a call\u2026<\/em><\/p>\n<p>[\/et_pb_blurb][et_pb_blurb title=\u00bbPeligro de incendio\u00bb image=\u00bbhttps:\/\/arboretumdegalicia.com\/wp-content\/uploads\/2021\/07\/ico-incendio.svg\u00bb icon_alignment=\u00bbleft\u00bb _builder_version=\u00bb4.13.0&#8243; _module_preset=\u00bbdefault\u00bb header_font_size=\u00bb24px\u00bb body_font_size=\u00bb16px\u00bb body_line_height=\u00bb1.2em\u00bb background_color=\u00bb#FFFFFF\u00bb custom_margin=\u00bb-26px|||||\u00bb custom_padding=\u00bb17px|21px|26px|21px|false|true\u00bb custom_css_blurb_title=\u00bbmargin-top:-10px;||\u00bb global_colors_info=\u00bb{}\u00bb theme_builder_area=\u00bbpost_content\u00bb]<\/p>\n<p class=\" translation-block\">Villagers have no memory of fires in the Arboretum area...\nRegular cutting and cleaning work protects the ground from fire, as does planting cypresses within the most exposed limits, leaving firebreaks.<\/p>\n<p>&gt; <em>But it is worth reminding some basic and important rules:<\/em> the fire will always move upwards! In case of fire avoid the higher grounds and look for an exit following the stream that crosses the central part of the Arboretum.<\/p>\n<p>[\/et_pb_blurb][et_pb_blurb title=\u00bbPrimeros auxilios\u00bb image=\u00bbhttps:\/\/arboretumdegalicia.com\/wp-content\/uploads\/2021\/08\/png-transparent-white-and-red-cross-logo-red-cross-red-circle-texture-texture-flag-circle-frame-150&#215;150.png\u00bb icon_alignment=\u00bbleft\u00bb _builder_version=\u00bb4.13.0&#8243; _module_preset=\u00bbdefault\u00bb header_font_size=\u00bb24px\u00bb body_font_size=\u00bb16px\u00bb body_line_height=\u00bb1.2em\u00bb background_color=\u00bb#FFFFFF\u00bb custom_margin=\u00bb-26px|||||\u00bb custom_padding=\u00bb17px|21px|26px|21px|false|true\u00bb custom_css_blurb_title=\u00bbmargin-top:-10px;||\u00bb global_colors_info=\u00bb{}\u00bb theme_builder_area=\u00bbpost_content\u00bb]<\/p>\n<p><i>There is a first aid kit under the small attic (Horreo Viejo).<\/i><\/p>\n<p>[\/et_pb_blurb][et_pb_blurb title=\u00bbParking\u00bb image=\u00bbhttps:\/\/arboretumdegalicia.com\/wp-content\/uploads\/2021\/08\/P-DE-PARKING-150&#215;150.jpg\u00bb icon_alignment=\u00bbleft\u00bb _builder_version=\u00bb4.13.0&#8243; _module_preset=\u00bbdefault\u00bb header_font_size=\u00bb24px\u00bb body_font_size=\u00bb16px\u00bb body_line_height=\u00bb1.2em\u00bb background_color=\u00bb#FFFFFF\u00bb custom_margin=\u00bb-26px|||||\u00bb custom_padding=\u00bb17px|21px|26px|21px|false|true\u00bb custom_css_blurb_title=\u00bbmargin-top:-10px;||\u00bb global_colors_info=\u00bb{}\u00bb theme_builder_area=\u00bbpost_content\u00bb]<\/p>\n<p><i>Park your car in the esplanade of the church of San Vicente.<\/i><\/p>\n<p>Elderly people, families with babies or people with reduced mobility can leave their car at the entrance.<i><\/i><\/p>\n<p><i><\/i><\/p>\n<p>[\/et_pb_blurb][et_pb_blurb image=\u00bbhttps:\/\/arboretumdegalicia.com\/wp-content\/uploads\/2021\/11\/facebook_1625172351557_6816466894827343608.jpg\u00bb icon_alignment=\u00bbleft\u00bb _builder_version=\u00bb4.14.1&#8243; _module_preset=\u00bbdefault\u00bb header_font_size=\u00bb24px\u00bb body_font_size=\u00bb16px\u00bb body_line_height=\u00bb1.2em\u00bb background_color=\u00bb#FFFFFF\u00bb custom_margin=\u00bb-26px|||||\u00bb custom_padding=\u00bb17px|21px|26px|21px|false|true\u00bb hover_enabled=\u00bb0&#8243; custom_css_blurb_title=\u00bbmargin-top:-10px;||\u00bb global_colors_info=\u00bb{}\u00bb theme_builder_area=\u00bbpost_content\u00bb sticky_enabled=\u00bb0&#8243; title_text=\u00bbfacebook_1625172351557_6816466894827343608&#8243;]<\/p>\n<p><i><\/i><\/p>\n<p><i><\/i><\/p>\n<p>[\/et_pb_blurb][\/et_pb_column][\/et_pb_section][et_pb_section fb_built=\u00bb1&#8243; _builder_version=\u00bb4.9.9&#8243; _module_preset=\u00bbdefault\u00bb custom_padding=\u00bb50px|||||\u00bb global_colors_info=\u00bb{}\u00bb theme_builder_area=\u00bbpost_content\u00bb][et_pb_row _builder_version=\u00bb4.9.7&#8243; _module_preset=\u00bbdefault\u00bb custom_padding=\u00bb41px|||||\u00bb global_colors_info=\u00bb{}\u00bb theme_builder_area=\u00bbpost_content\u00bb][et_pb_column type=\u00bb4_4&#8243; _builder_version=\u00bb4.9.7&#8243; _module_preset=\u00bbdefault\u00bb global_colors_info=\u00bb{}\u00bb theme_builder_area=\u00bbpost_content\u00bb][et_pb_text _builder_version=\u00bb4.9.9&#8243; _module_preset=\u00bbdefault\u00bb custom_margin=\u00bb|-72px||||\u00bb global_colors_info=\u00bb{}\u00bb theme_builder_area=\u00bbpost_content\u00bb]<\/p>\n<blockquote><\/blockquote>\n<blockquote>\n<h3><b>All visits are free <\/b><\/h3>\n<\/blockquote>\n<p>The Arboretum de Galicia is a non-profit project, received no subsidies nor public or private financial support. If you want to contribute to the conservation and expansion of the Arboretum you can sponsor a tree.<\/p>\n<p>The Arboretum has an extension of 15 hectares. You can follow a marked route with numbered stone poles (from 1 to 90) or move freely. The tour can last between two and three hours, it depends on your pace, but you can shorten it if you wish.<\/p>\n<p><strong>To get there:<\/strong><strong> Google Maps : Arboretum de Galicia, Lugo. Navigator: Church of San Vicente de Pena, Lugo\u00a0 <\/strong><\/p>\n<p><strong>GPS coordinates: 43\u00ba 08' 200\" N ; 7\u00ba 44' 340\" W\u00a0\u00a0<\/strong><\/p>\n<p><b>Enjoy the visit!<\/b><\/p>\n<p>[\/et_pb_text][\/et_pb_column][\/et_pb_row][et_pb_row column_structure=\u00bb1_2,1_2&#8243; _builder_version=\u00bb4.14.1&#8243; _module_preset=\u00bbdefault\u00bb global_colors_info=\u00bb{}\u00bb theme_builder_area=\u00bbpost_content\u00bb][et_pb_column type=\u00bb1_2&#8243; _builder_version=\u00bb4.14.1&#8243; _module_preset=\u00bbdefault\u00bb global_colors_info=\u00bb{}\u00bb theme_builder_area=\u00bbpost_content\u00bb][et_pb_image src=\u00bbhttps:\/\/arboretumdegalicia.com\/wp-content\/uploads\/2021\/11\/IMG_20200610_150956.jpg\u00bb alt=\u00bbDEJESE GUIAR POR LOS MOJONES NUMERADOS\u00bb title_text=\u00bbIMG_20200610_150956&#8243; _builder_version=\u00bb4.14.1&#8243; _module_preset=\u00bbdefault\u00bb custom_margin=\u00bb||-48px|||\u00bb global_colors_info=\u00bb{}\u00bb theme_builder_area=\u00bbpost_content\u00bb][\/et_pb_image][\/et_pb_column][et_pb_column type=\u00bb1_2&#8243; _builder_version=\u00bb4.14.1&#8243; _module_preset=\u00bbdefault\u00bb global_colors_info=\u00bb{}\u00bb theme_builder_area=\u00bbpost_content\u00bb][et_pb_image src=\u00bbhttps:\/\/arboretumdegalicia.com\/wp-content\/uploads\/2021\/11\/IMG_20191125_142104-scaled.jpg\u00bb title_text=\u00bbMUCHOS ARBOLES ESTAN ETIQUETADOS\u00bb _builder_version=\u00bb4.14.1&#8243; _module_preset=\u00bbdefault\u00bb min_height=\u00bb538px\u00bb global_colors_info=\u00bb{}\u00bb theme_builder_area=\u00bbpost_content\u00bb][\/et_pb_image][\/et_pb_column][\/et_pb_row][et_pb_row _builder_version=\u00bb4.9.10&#8243; _module_preset=\u00bbdefault\u00bb global_colors_info=\u00bb{}\u00bb theme_builder_area=\u00bbpost_content\u00bb][et_pb_column type=\u00bb4_4&#8243; _builder_version=\u00bb4.9.10&#8243; _module_preset=\u00bbdefault\u00bb global_colors_info=\u00bb{}\u00bb theme_builder_area=\u00bbpost_content\u00bb][et_pb_accordion _builder_version=\u00bb4.9.10&#8243; _module_preset=\u00bbdefault\u00bb global_colors_info=\u00bb{}\u00bb theme_builder_area=\u00bbpost_content\u00bb][et_pb_accordion_item open=\u00bbon\u00bb _builder_version=\u00bb4.9.10&#8243; _module_preset=\u00bbdefault\u00bb global_colors_info=\u00bb{}\u00bb theme_builder_area=\u00bbpost_content\u00bb][\/et_pb_accordion_item][et_pb_accordion_item title=\u00bbResponsabilidad por da\u00f1os y accidentes\u00bb _builder_version=\u00bb4.9.10&#8243; _module_preset=\u00bbdefault\u00bb global_colors_info=\u00bb{}\u00bb theme_builder_area=\u00bbpost_content\u00bb open=\u00bboff\u00bb]<\/p>\n<p>Arboretum de Galicia assumes no responsibility in the event of an accident. The visitor assumes full responsibility in the event of damage or accidents taking place during his visit, which is carried out at his own risk; by doing so, he accepts these conditions.<\/p>\n<p>[\/et_pb_accordion_item][\/et_pb_accordion][\/et_pb_column][\/et_pb_row][\/et_pb_section][et_pb_section fb_built=\u00bb1&#8243; _builder_version=\u00bb4.9.9&#8243; _module_preset=\u00bbdefault\u00bb custom_margin=\u00bb0px||0px||false|false\u00bb custom_padding=\u00bb0px||0px||false|false\u00bb global_colors_info=\u00bb{}\u00bb theme_builder_area=\u00bbpost_content\u00bb][et_pb_row _builder_version=\u00bb4.9.9&#8243; _module_preset=\u00bbdefault\u00bb width=\u00bb100%\u00bb max_width=\u00bb100%\u00bb custom_margin=\u00bb0px||0px||false|false\u00bb custom_padding=\u00bb0px||0px||false|false\u00bb global_colors_info=\u00bb{}\u00bb theme_builder_area=\u00bbpost_content\u00bb][et_pb_column type=\u00bb4_4&#8243; _builder_version=\u00bb4.9.9&#8243; _module_preset=\u00bbdefault\u00bb global_colors_info=\u00bb{}\u00bb theme_builder_area=\u00bbpost_content\u00bb][et_pb_text _builder_version=\u00bb4.9.9&#8243; _module_preset=\u00bbdefault\u00bb global_colors_info=\u00bb{}\u00bb theme_builder_area=\u00bbpost_content\u00bb]<iframe src=\"https:\/\/www.google.com\/maps\/embed?pb=!1m18!1m12!1m3!1d156021.49443196537!2d-7.895944024718862!3d43.149951091470584!2m3!1f0!2f0!3f0!3m2!1i1024!2i768!4f13.1!3m3!1m2!1s0xd31d9b4216af4a3%3A0x6a03abd9e7ec3826!2sARBORETUM%20DE%20GALICIA!5e0!3m2!1ses!2ses!4v1626697016441!5m2!1ses!2ses\" width=\"1920\" height=\"600\" style=\"border:0;\" allowfullscreen=\"\" loading=\"lazy\"><\/iframe>[\/et_pb_text][\/et_pb_column][\/et_pb_row][\/et_pb_section]<\/p>","protected":false},"excerpt":{"rendered":"<p>Situado en el l\u00edmite entre la Provincia de A Coru\u00f1a y la de Lugo, a 3 km del cruce entre la A6 (Madrid- A Coru\u00f1a) y la A8 (Autov\u00eda del Cant\u00e1brico) en Baamonde, el Arboretum es de f\u00e1cil acceso desde cualquier punto de Galicia y una agradable parada y descanso en desplazamientos desde el Norte [&hellip;]<\/p>","protected":false},"author":1,"featured_media":1092,"parent":0,"menu_order":0,"comment_status":"closed","ping_status":"closed","template":"","meta":{"_et_pb_use_builder":"on","_et_pb_old_content":"","_et_gb_content_width":"","pgc_sgb_lightbox_settings":""},"_links":{"self":[{"href":"https:\/\/arboretumdegalicia.com\/en\/wp-json\/wp\/v2\/pages\/849"}],"collection":[{"href":"https:\/\/arboretumdegalicia.com\/en\/wp-json\/wp\/v2\/pages"}],"about":[{"href":"https:\/\/arboretumdegalicia.com\/en\/wp-json\/wp\/v2\/types\/page"}],"author":[{"embeddable":true,"href":"https:\/\/arboretumdegalicia.com\/en\/wp-json\/wp\/v2\/users\/1"}],"replies":[{"embeddable":true,"href":"https:\/\/arboretumdegalicia.com\/en\/wp-json\/wp\/v2\/comments?post=849"}],"version-history":[{"count":39,"href":"https:\/\/arboretumdegalicia.com\/en\/wp-json\/wp\/v2\/pages\/849\/revisions"}],"predecessor-version":[{"id":1823,"href":"https:\/\/arboretumdegalicia.com\/en\/wp-json\/wp\/v2\/pages\/849\/revisions\/1823"}],"wp:featuredmedia":[{"embeddable":true,"href":"https:\/\/arboretumdegalicia.com\/en\/wp-json\/wp\/v2\/media\/1092"}],"wp:attachment":[{"href":"https:\/\/arboretumdegalicia.com\/en\/wp-json\/wp\/v2\/media?parent=849"}],"curies":[{"name":"wp","href":"https:\/\/api.w.org\/{rel}","templated":true}]}}