{"id":863,"date":"2021-07-20T12:51:35","date_gmt":"2021-07-20T10:51:35","guid":{"rendered":"https:\/\/arboretumdegalicia.com\/?page_id=863"},"modified":"2021-11-27T11:21:59","modified_gmt":"2021-11-27T09:21:59","slug":"reglas-del-arboretum","status":"publish","type":"page","link":"https:\/\/arboretumdegalicia.com\/en\/reglas-del-arboretum\/","title":{"rendered":"Arboretum rules"},"content":{"rendered":"<p>[et_pb_section fb_built=\u00bb1&#8243; _builder_version=\u00bb4.9.10&#8243; _module_preset=\u00bbdefault\u00bb background_color=\u00bb#F6F1E8&#8243; custom_padding=\u00bb||116px|||\u00bb global_colors_info=\u00bb{}\u00bb theme_builder_area=\u00bbpost_content\u00bb][et_pb_row column_structure=\u00bb3_5,2_5&#8243; _builder_version=\u00bb4.14.1&#8243; _module_preset=\u00bbdefault\u00bb hover_enabled=\u00bb0&#8243; global_colors_info=\u00bb{}\u00bb theme_builder_area=\u00bbpost_content\u00bb sticky_enabled=\u00bb0&#8243;][et_pb_column type=\u00bb3_5&#8243; _builder_version=\u00bb4.14.1&#8243; _module_preset=\u00bbdefault\u00bb hover_enabled=\u00bb0&#8243; global_colors_info=\u00bb{}\u00bb theme_builder_area=\u00bbpost_content\u00bb sticky_enabled=\u00bb0&#8243;][et_pb_blurb title=\u00bbDeje que las flores florezcan y las plantas crezcan.\u00bb use_icon=\u00bbon\u00bb font_icon=\u00bb&#x5a;||divi||400&#8243; icon_placement=\u00bbleft\u00bb content_max_width=\u00bb100%\u00bb _builder_version=\u00bb4.13.0&#8243; _module_preset=\u00bbdefault\u00bb custom_padding=\u00bb|||0px|false|false\u00bb custom_css_blurb_image=\u00bbpadding-right:20px;\u00bb global_colors_info=\u00bb{}\u00bb theme_builder_area=\u00bbpost_content\u00bb]<\/p>\n<p><strong>Enjoy nature without damaging it. Remember you should leave no trace of your visit!<\/strong><br \/>When a flower, plant or fungus, regardless of its size, is collected or damaged, the natural balance of the forest is disturbed. Bees collect pollen and nectar from flowers and provide pollination. Fungi break down dead wood and provide important nutrients for other plant species. And for forest animals like squirrels, mice or beetles, mushrooms are a nutritious bite.<\/p>\n<p><strong>ATTENTION:<\/strong>: <em>many of the plants in the Arboretum are poisonous! Prevent children from touching plants they don't know.<\/em><\/p>\n<p>[\/et_pb_blurb][et_pb_blurb title=\u00bbLos animales tambi\u00e9n disfrutan de la paz, no hagan demasiado ruido.\u00bb use_icon=\u00bbon\u00bb font_icon=\u00bb&#x5a;||divi||400&#8243; icon_placement=\u00bbleft\u00bb content_max_width=\u00bb100%\u00bb _builder_version=\u00bb4.13.0&#8243; _module_preset=\u00bbdefault\u00bb custom_padding=\u00bb|||0px|false|false\u00bb custom_css_blurb_image=\u00bbpadding-right:20px;\u00bb global_colors_info=\u00bb{}\u00bb theme_builder_area=\u00bbpost_content\u00bb]<\/p>\n<p>Respect the silence of nature. Artificial noise changes the behavior of wildlife and deprives us of the tranquility and natural sounds of the forest. Do not use instruments such as megaphones, whistles, music reproducers etc., and lower the tone of your voice. Avoid any action that could endanger or frighten animals.<br \/>It's not just humans who enjoy peace in the forest. For many animals, sufficient rest is necessary for their survival. Migratory and breeding birds, for example, need tranquility to raise their chicks or to undertake their tiring annual migratory journey.<\/p>\n<p><em>The use of drones is strictly prohibited.<\/em><\/p>\n<p>[\/et_pb_blurb][et_pb_blurb title=\u00bbMantenga a su perro atado.\u00bb use_icon=\u00bbon\u00bb font_icon=\u00bb&#x5a;||divi||400&#8243; icon_placement=\u00bbleft\u00bb content_max_width=\u00bb100%\u00bb _builder_version=\u00bb4.13.0&#8243; _module_preset=\u00bbdefault\u00bb custom_padding=\u00bb|||0px|false|false\u00bb custom_css_blurb_image=\u00bbpadding-right:20px;\u00bb global_colors_info=\u00bb{}\u00bb theme_builder_area=\u00bbpost_content\u00bb]<\/p>\n<p>To make the Arboretum a safe place, visitors must keep their mascots on a leash at all times. Other visitors will appreciate it. There are people who are afraid of dogs. They also have the right to walk in nature.<\/p>\n<p>At the Arboretum there are shepherd dogs that guard our sheep. Avoid approaching them. They are sociable, are used to visits and they will not attack your dog. However, it is recommended to keep your dog leashed at all times and prevent them from getting too close to them\u2026 and the sheep!<\/p>\n<p>[\/et_pb_blurb][et_pb_blurb title=\u00bbCuide las plantas del Arboretum.\u00bb use_icon=\u00bbon\u00bb font_icon=\u00bb&#x5a;||divi||400&#8243; icon_placement=\u00bbleft\u00bb content_max_width=\u00bb100%\u00bb _builder_version=\u00bb4.13.0&#8243; _module_preset=\u00bbdefault\u00bb custom_padding=\u00bb|||0px|false|false\u00bb custom_css_blurb_image=\u00bbpadding-right:20px;\u00bb global_colors_info=\u00bb{}\u00bb theme_builder_area=\u00bbpost_content\u00bb]<\/p>\n<p>Do not pull out plants or flowers.<br \/>Engraving or scratching trees is tantamount to injuring them. The wound is a gateway to insects and parasites that can weaken it.<\/p>\n<p>[\/et_pb_blurb][et_pb_blurb title=\u00bbAyude a mantener limpio el bosque;  ll\u00e9vese sus desechos a casa.\u00bb use_icon=\u00bbon\u00bb font_icon=\u00bb&#x5a;||divi||400&#8243; icon_placement=\u00bbleft\u00bb content_max_width=\u00bb100%\u00bb _builder_version=\u00bb4.13.0&#8243; _module_preset=\u00bbdefault\u00bb custom_padding=\u00bb|||0px|false|false\u00bb custom_css_blurb_image=\u00bbpadding-right:20px;\u00bb global_colors_info=\u00bb{}\u00bb theme_builder_area=\u00bbpost_content\u00bb]<\/p>\n<p>In the arboretum you will not find bins. Make sure that there are no traces of your visit by taking your waste home.<br \/>The waste damages the landscape and disturbs other visitors. In addition, waste is harmful to people, animals and nature: it can contaminate the soil; animals can eat them or get tangled and injured with them.<\/p>\n<p>[\/et_pb_blurb][et_pb_blurb title=\u00bbMant\u00e9ngase en los caminos; no pisotee  el terreno.\u00bb use_icon=\u00bbon\u00bb font_icon=\u00bb&#x5a;||divi||400&#8243; icon_placement=\u00bbleft\u00bb content_max_width=\u00bb100%\u00bb _builder_version=\u00bb4.13.0&#8243; _module_preset=\u00bbdefault\u00bb custom_padding=\u00bb|||0px|false|false\u00bb custom_css_blurb_image=\u00bbpadding-right:20px;\u00bb global_colors_info=\u00bb{}\u00bb theme_builder_area=\u00bbpost_content\u00bb]<\/p>\n<p>You are asked to stay on the trails without trampling on the ground to prevent it from compressing and hardening. Air and water will no longer enter the roots of trees and plants, which can cause their degradation and death. Walking off trails can damage vulnerable plants and disrupt the life of the Arboretum.<br \/>You will find paths marked with numbered stone poles that can guide you in your walk. Choose the path that best suits your activity level and available time.<\/p>\n<p>[\/et_pb_blurb][et_pb_blurb title=\u00bbMant\u00e9nga el Arboretum a salvo del fuego: un incendio se propaga r\u00e1pidamente.\u00bb use_icon=\u00bbon\u00bb font_icon=\u00bb&#x5a;||divi||400&#8243; icon_placement=\u00bbleft\u00bb content_max_width=\u00bb100%\u00bb _builder_version=\u00bb4.13.0&#8243; _module_preset=\u00bbdefault\u00bb custom_padding=\u00bb|||0px|false|false\u00bb custom_css_blurb_image=\u00bbpadding-right:20px;\u00bb global_colors_info=\u00bb{}\u00bb theme_builder_area=\u00bbpost_content\u00bb]<\/p>\n<p>It is strictly forbidden to smoke or make fire. In dry periods, a cigarette butt may be enough to start a fire.<\/p>\n<p>[\/et_pb_blurb][et_pb_blurb title=\u00bbDeje la madera muerta: a los animales y plantas les gusta vivir all\u00ed.\u00bb use_icon=\u00bbon\u00bb font_icon=\u00bb&#x5a;||divi||400&#8243; icon_placement=\u00bbleft\u00bb content_max_width=\u00bb100%\u00bb _builder_version=\u00bb4.13.0&#8243; _module_preset=\u00bbdefault\u00bb custom_padding=\u00bb|||0px|false|false\u00bb custom_css_blurb_image=\u00bbpadding-right:20px;\u00bb global_colors_info=\u00bb{}\u00bb theme_builder_area=\u00bbpost_content\u00bb]<\/p>\n<p>Decaying dead wood increases forest biodiversity. It is a source of nutrients for many microorganisms and invertebrates and is therefore an important link in the forest ecosystem. Animals such as salamanders, bats and pine martens use dead trees as shelters.<\/p>\n<p>[\/et_pb_blurb][et_pb_blurb title=\u00bbEvite la entrada de animales y plantas ex\u00f3ticos o invasoras en el Arboretum. \u00bb use_icon=\u00bbon\u00bb font_icon=\u00bb&#x5a;||divi||400&#8243; icon_placement=\u00bbleft\u00bb content_max_width=\u00bb100%\u00bb _builder_version=\u00bb4.13.1&#8243; _module_preset=\u00bbdefault\u00bb custom_padding=\u00bb|||0px|false|false\u00bb custom_css_blurb_image=\u00bbpadding-right:20px;\u00bb global_colors_info=\u00bb{}\u00bb theme_builder_area=\u00bbpost_content\u00bb]<\/p>\n<p><strong>Do not introduce plants or animals.<\/strong> Invasive plants - such as the Pampa feather or acacia trees - represent an important problem for the conservation of our biotopes. They spread very quickly and displace native plants.<\/p>\n<p>[\/et_pb_blurb][et_pb_blurb title=\u00bbDisfrute  pero tambi\u00e9n respete a los vecinos y a los dem\u00e1s visitantes del Arboretum.\u00bb use_icon=\u00bbon\u00bb font_icon=\u00bb&#x5a;||divi||400&#8243; icon_placement=\u00bbleft\u00bb content_max_width=\u00bb100%\u00bb _builder_version=\u00bb4.13.0&#8243; _module_preset=\u00bbdefault\u00bb custom_padding=\u00bb|||0px|false|false\u00bb custom_css_blurb_image=\u00bbpadding-right:20px;\u00bb global_colors_info=\u00bb{}\u00bb theme_builder_area=\u00bbpost_content\u00bb]<\/p>\n<p>This rule sums up all the others well. By respecting nature and other people everyone will be able to fully benefit from the Arboretum, now and for generations to come.<br \/>Do not bring your vehicle (car, motorcycle or bicycle) into the Arboretum. You can park in the esplanade of the church of San Vicente. Be careful not to disturb the neighbours.<\/p>\n<p>[\/et_pb_blurb][et_pb_blurb title=\u00bbEvite riesgos.\u00bb use_icon=\u00bbon\u00bb font_icon=\u00bb&#x5a;||divi||400&#8243; icon_placement=\u00bbleft\u00bb content_max_width=\u00bb100%\u00bb _builder_version=\u00bb4.13.0&#8243; _module_preset=\u00bbdefault\u00bb custom_padding=\u00bb|||0px|false|false\u00bb custom_css_blurb_image=\u00bbpadding-right:20px;\u00bb global_colors_info=\u00bb{}\u00bb theme_builder_area=\u00bbpost_content\u00bb]<\/p>\n<p>The visitor is fully responsible for any accident that may occur during the visit. The Arboretum de Galicia disclaims all liability for any potential damage or injury that may have occurred during the visit.<\/p>\n<p>[\/et_pb_blurb][et_pb_text _builder_version=\u00bb4.10.7&#8243; _module_preset=\u00bbdefault\u00bb global_colors_info=\u00bb{}\u00bb theme_builder_area=\u00bbpost_content\u00bb]<\/p>\n<p>BY ACCESSING THE ARBORETUM YOU ACCEPT THESE STANDARDS AND ASSUME FULL RESPONSIBILITY<\/p>\n<p>[\/et_pb_text][\/et_pb_column][et_pb_column type=\u00bb2_5&#8243; _builder_version=\u00bb4.9.10&#8243; _module_preset=\u00bbdefault\u00bb global_colors_info=\u00bb{}\u00bb theme_builder_area=\u00bbpost_content\u00bb][et_pb_text _builder_version=\u00bb4.14.1&#8243; _module_preset=\u00bbdefault\u00bb text_font_size=\u00bb17px\u00bb text_line_height=\u00bb1.4em\u00bb header_3_font_size=\u00bb34px\u00bb background_color=\u00bb#D13E04&#8243; use_background_color_gradient=\u00bbon\u00bb background_color_gradient_end=\u00bbrgba(242,69,53,0.59)\u00bb custom_padding=\u00bb18px|10px|18px|25px|true|false\u00bb sticky_position=\u00bbtop\u00bb sticky_limit_bottom=\u00bbbody\u00bb hover_enabled=\u00bb0&#8243; sticky_position_tablet=\u00bbnone\u00bb sticky_position_phone=\u00bb\u00bb sticky_position_last_edited=\u00bbon|tablet\u00bb custom_css_main_element=\u00bbtext-transform:lowercase;\u00bb global_colors_info=\u00bb{}\u00bb theme_builder_area=\u00bbpost_content\u00bb module_alignment=\u00bbcenter\u00bb border_color_all=\u00bb#D13E04&#8243; border_style_all=\u00bbnone\u00bb sticky_enabled=\u00bb0&#8243; overflow-x=\u00bbhidden\u00bb overflow-y=\u00bbhidden\u00bb hover_transition_duration=\u00bb0ms\u00bb sticky_offset_surrounding=\u00bboff\u00bb sticky_transition=\u00bboff\u00bb]<\/p>\n<table cellspacing=\"0\" border=\"0\" width=\"346\" height=\"1003\">\n<colgroup width=\"695\"><\/colgroup>\n<tbody>\n<tr>\n<td height=\"37\" align=\"left\" valign=\"bottom\" style=\"width: 360.641px;\">\n<h1><span style=\"color: #ffffff;\">NOTICE :<\/span><\/h1>\n<\/td>\n<\/tr>\n<tr>\n<td height=\"37\" align=\"left\" valign=\"bottom\" style=\"width: 360.641px;\"><span style=\"color: #e8e8e8;\">\u2026 whoever throws garbage,<\/span><\/td>\n<\/tr>\n<tr>\n<td height=\"37\" align=\"left\" valign=\"bottom\" style=\"width: 360.641px;\"><span style=\"color: #e8e8e8;\">burns or tries to burn,<\/span><\/td>\n<\/tr>\n<tr>\n<td height=\"37\" align=\"left\" valign=\"bottom\" style=\"width: 360.641px;\"><span style=\"color: #e8e8e8;\">stealing or harming<\/span><\/td>\n<\/tr>\n<tr>\n<td height=\"37\" align=\"left\" valign=\"bottom\" style=\"width: 360.641px;\"><span style=\"color: #e8e8e8;\">the plants of this place,<\/span><\/td>\n<\/tr>\n<tr>\n<td height=\"37\" align=\"left\" valign=\"bottom\" style=\"width: 360.641px;\"><span style=\"color: #e8e8e8;\">let their hand<\/span><\/td>\n<\/tr>\n<tr>\n<td height=\"37\" align=\"left\" valign=\"bottom\" style=\"width: 360.641px;\"><span style=\"color: #e8e8e8;\">became a razor<\/span><\/td>\n<\/tr>\n<tr>\n<td height=\"37\" align=\"left\" valign=\"bottom\" style=\"width: 360.641px;\"><span style=\"color: #e8e8e8;\">and tear their skin,<\/span><\/td>\n<\/tr>\n<tr>\n<td height=\"37\" align=\"left\" valign=\"bottom\" style=\"width: 360.641px;\"><span style=\"color: #e8e8e8;\">let them remains paralysed and suffer<\/span><\/td>\n<\/tr>\n<tr>\n<td height=\"37\" align=\"left\" valign=\"bottom\" style=\"width: 360.641px;\"><span style=\"color: #e8e8e8;\">faint from pain<\/span><\/td>\n<\/tr>\n<tr>\n<td height=\"37\" align=\"left\" valign=\"bottom\" style=\"width: 360.641px;\"><span style=\"color: #e8e8e8;\">shout and cry out for mercy<\/span><\/td>\n<\/tr>\n<tr>\n<td height=\"37\" align=\"left\" valign=\"bottom\" style=\"width: 360.641px;\"><span style=\"color: #e8e8e8;\">and let nothing relieve their suffering<\/span><\/td>\n<\/tr>\n<tr>\n<td height=\"37\" align=\"left\" valign=\"bottom\" style=\"width: 360.641px;\"><span style=\"color: #e8e8e8;\">until their death.<\/span><\/td>\n<\/tr>\n<tr>\n<td height=\"37\" align=\"left\" valign=\"bottom\" style=\"width: 360.641px;\"><span style=\"color: #e8e8e8;\">Let the worms gnaw at their entrails<\/span><\/td>\n<\/tr>\n<tr>\n<td height=\"37\" align=\"left\" valign=\"bottom\" style=\"width: 360.641px;\"><span style=\"color: #f2f2f2;\">and, like the one who planted eucalyptus,<\/span><\/td>\n<\/tr>\n<tr>\n<td height=\"37\" align=\"left\" valign=\"bottom\" style=\"width: 360.641px;\"><span style=\"color: #f2f2f2;\">let their penis rot,<\/span><\/td>\n<\/tr>\n<tr>\n<td height=\"37\" align=\"left\" valign=\"bottom\" style=\"width: 360.641px;\"><span style=\"color: #f2f2f2;\">and when they finally<\/span><\/td>\n<\/tr>\n<tr>\n<td height=\"37\" align=\"left\" valign=\"bottom\" style=\"width: 360.641px;\"><span style=\"color: #efefef;\">descend into the eternel punishment,<\/span><\/td>\n<\/tr>\n<tr>\n<td height=\"37\" align=\"left\" valign=\"bottom\" style=\"width: 360.641px;\"><span style=\"color: #efefef;\">let the flames of the hell<\/span><\/td>\n<\/tr>\n<tr>\n<td height=\"37\" align=\"left\" valign=\"bottom\" style=\"width: 360.641px;\"><span style=\"color: #efefef;\">consume them forever,<\/span><\/td>\n<\/tr>\n<tr>\n<td height=\"37\" align=\"left\" valign=\"bottom\" style=\"width: 360.641px;\"><span style=\"color: #efefef;\">let the gods of heaven and earth<\/span><\/td>\n<\/tr>\n<tr>\n<td height=\"37\" align=\"left\" valign=\"bottom\" style=\"width: 360.641px;\">\n<p><span style=\"color: #efefef;\">punish them with this malediction,<\/span><\/p>\n<p><span style=\"color: #efefef;\">to them,<\/span><\/p>\n<\/td>\n<\/tr>\n<tr>\n<td height=\"37\" align=\"left\" valign=\"bottom\" style=\"width: 360.641px;\"><span style=\"color: #efefef;\">to their children and grandchildren,<\/span><\/td>\n<\/tr>\n<tr>\n<td height=\"37\" align=\"left\" valign=\"bottom\" style=\"width: 360.641px;\"><span style=\"color: #efefef;\">and their grandchildren\u2019s grandchildren,<\/span><\/td>\n<\/tr>\n<tr>\n<td height=\"37\" align=\"left\" valign=\"bottom\" style=\"width: 360.641px;\"><span style=\"color: #efefef;\">forever, eternally.<\/span><\/td>\n<\/tr>\n<tr>\n<td height=\"37\" align=\"left\" valign=\"bottom\" style=\"width: 360.641px;\"><span style=\"color: #efefef;\">Let you not forget \u2026<\/span><\/td>\n<\/tr>\n<\/tbody>\n<\/table>\n<p>&nbsp;<\/p>\n<p>[\/et_pb_text][\/et_pb_column][\/et_pb_row][\/et_pb_section][et_pb_section fb_built=\u00bb1&#8243; fullwidth=\u00bbon\u00bb _builder_version=\u00bb4.14.1&#8243; _module_preset=\u00bbdefault\u00bb global_colors_info=\u00bb{}\u00bb theme_builder_area=\u00bbpost_content\u00bb][et_pb_fullwidth_image src=\u00bbhttps:\/\/arboretumdegalicia.com\/wp-content\/uploads\/2021\/08\/monte-cesar-24-01-2013-026-scaled.jpg\u00bb title_text=\u00bbmonte cesar 24-01-2013 026&#8243; _builder_version=\u00bb4.14.1&#8243; _module_preset=\u00bbdefault\u00bb global_colors_info=\u00bb{}\u00bb theme_builder_area=\u00bbpost_content\u00bb][\/et_pb_fullwidth_image][\/et_pb_section]<\/p>","protected":false},"excerpt":{"rendered":"<p>Disfrute del entorno sin da\u00f1arlo.No importa cu\u00e1n peque\u00f1o sea, cuando se recoge o da\u00f1a una flor, una seta o una planta, se perturba el equilibrio natural en el bosque. Las abejas llegan al n\u00e9ctar de las flores y as\u00ed aseguran la polinizaci\u00f3n. Las setas descomponen la madera muerta y proporcionan nutrientes importantes para otras especies [&hellip;]<\/p>","protected":false},"author":1,"featured_media":68,"parent":0,"menu_order":0,"comment_status":"closed","ping_status":"closed","template":"","meta":{"_et_pb_use_builder":"on","_et_pb_old_content":"","_et_gb_content_width":"","pgc_sgb_lightbox_settings":""},"_links":{"self":[{"href":"https:\/\/arboretumdegalicia.com\/en\/wp-json\/wp\/v2\/pages\/863"}],"collection":[{"href":"https:\/\/arboretumdegalicia.com\/en\/wp-json\/wp\/v2\/pages"}],"about":[{"href":"https:\/\/arboretumdegalicia.com\/en\/wp-json\/wp\/v2\/types\/page"}],"author":[{"embeddable":true,"href":"https:\/\/arboretumdegalicia.com\/en\/wp-json\/wp\/v2\/users\/1"}],"replies":[{"embeddable":true,"href":"https:\/\/arboretumdegalicia.com\/en\/wp-json\/wp\/v2\/comments?post=863"}],"version-history":[{"count":21,"href":"https:\/\/arboretumdegalicia.com\/en\/wp-json\/wp\/v2\/pages\/863\/revisions"}],"predecessor-version":[{"id":1785,"href":"https:\/\/arboretumdegalicia.com\/en\/wp-json\/wp\/v2\/pages\/863\/revisions\/1785"}],"wp:featuredmedia":[{"embeddable":true,"href":"https:\/\/arboretumdegalicia.com\/en\/wp-json\/wp\/v2\/media\/68"}],"wp:attachment":[{"href":"https:\/\/arboretumdegalicia.com\/en\/wp-json\/wp\/v2\/media?parent=863"}],"curies":[{"name":"wp","href":"https:\/\/api.w.org\/{rel}","templated":true}]}}