{"id":1581,"date":"2021-08-23T10:24:20","date_gmt":"2021-08-23T08:24:20","guid":{"rendered":"https:\/\/arboretumdegalicia.com\/?page_id=1581"},"modified":"2021-11-27T11:44:12","modified_gmt":"2021-11-27T09:44:12","slug":"metodologia","status":"publish","type":"page","link":"https:\/\/arboretumdegalicia.com\/fr\/colecciones\/guia-de-plantas\/metodologia\/","title":{"rendered":"M\u00e9thodologie"},"content":{"rendered":"<p>[et_pb_section fb_built=\u00bb1&#8243; _builder_version=\u00bb4.9.4&#8243; _module_preset=\u00bbdefault\u00bb background_color=\u00bb#F6F1E8&#8243; custom_padding=\u00bb||26px|||\u00bb global_colors_info=\u00bb{}\u00bb theme_builder_area=\u00bbpost_content\u00bb][et_pb_row _builder_version=\u00bb4.9.4&#8243; _module_preset=\u00bbdefault\u00bb custom_padding=\u00bb12px|||||\u00bb global_colors_info=\u00bb{}\u00bb theme_builder_area=\u00bbpost_content\u00bb][et_pb_column type=\u00bb4_4&#8243; _builder_version=\u00bb4.9.4&#8243; _module_preset=\u00bbdefault\u00bb custom_padding=\u00bb|7%||7%|false|true\u00bb global_colors_info=\u00bb{}\u00bb theme_builder_area=\u00bbpost_content\u00bb][et_pb_text _builder_version=\u00bb4.9.10&#8243; _module_preset=\u00bbdefault\u00bb header_2_font=\u00bb|600|||||||\u00bb header_2_font_size=\u00bb25px\u00bb header_2_line_height=\u00bb1.3em\u00bb custom_margin=\u00bb||23px|||\u00bb global_colors_info=\u00bb{}\u00bb theme_builder_area=\u00bbpost_content\u00bb]<\/p>\n<h2>Le guide des plantes de l'Arboretum de Galicia est un outil permettant au visiteur de s'informer sur les principales caract\u00e9ristiques botaniques de certaines des esp\u00e8ces qui s'y trouvent.<\/h2>\n<p>[\/et_pb_text][et_pb_text _builder_version=\u00bb4.9.10&#8243; _module_preset=\u00bbdefault\u00bb custom_css_main_element=\u00bb column-count: 2;\u00bb global_colors_info=\u00bb{}\u00bb custom_css_main_element_last_edited=\u00bbon|tablet\u00bb custom_css_main_element_tablet=\u00bbcolumn-count:1;\u00bb custom_css_main_element_phone=\u00bbcolumn-count:1;\u00bb theme_builder_area=\u00bbpost_content\u00bb]<\/p>\n<p>Cette guide fait partie d'un ensemble d'instruments qui facilitent la visite et la connaissance des esp\u00e8ces pr\u00e9sentes \u00e0 l'Arboretum. Elle est structur\u00e9e en diff\u00e9rentes parties suivant le type de plante: arbres, foug\u00e8res, bruy\u00e8res, herbac\u00e9s et plantes de prairie. Cet outil ne pr\u00e9tend pas \u00eatre original ni exhaustif: seules le principales plantes de chaque cat\u00e9gorie y sont r\u00e9pertori\u00e9es. Ce n'est pas une r\u00e9f\u00e9rence scientifique mais un ''outil de terrain'' \u00e9labor\u00e9 \u00e0 partir de sources existantes et notre propre exp\u00e9rience dans le but de faciliter au visiteur l'acc\u00e8s \u00e0 l'information descriptive de base.\u00a0<b>Le guide r\u00e9unit plus de 400 fiches<\/b>dans pr\u00e8s de 1600 pages au total et environ 3000 photographies. Notre intention est de compl\u00e9ter ce guide au fur et \u00e0 mesure de l'introduction de nouvelles plantes dans l'Arboretum.<\/p>\n<p class=\" translation-block\">Chaque ann\u00e9e l'inventaire des plantes est mis \u00e0 jour et accessible via la page web. Le guide pour les buissi\u00e8res, arbres et arbustes indiquent la parcelle de l'Arboretum o\u00f9 ils se trouvent.<\/p>\n<p>[\/et_pb_text][\/et_pb_column][\/et_pb_row][\/et_pb_section][et_pb_section fb_built=\u00bb1&#8243; _builder_version=\u00bb4.9.4&#8243; _module_preset=\u00bbdefault\u00bb background_color=\u00bb#F6F1E8&#8243; collapsed=\u00bboff\u00bb global_colors_info=\u00bb{}\u00bb theme_builder_area=\u00bbpost_content\u00bb][et_pb_row column_structure=\u00bb1_2,1_2&#8243; use_custom_gutter=\u00bbon\u00bb gutter_width=\u00bb1&#8243; make_equal=\u00bbon\u00bb _builder_version=\u00bb4.9.4&#8243; _module_preset=\u00bbdefault\u00bb positioning=\u00bbnone\u00bb position_origin_a=\u00bbbottom_left\u00bb custom_margin=\u00bb0px||0px||false|false\u00bb custom_padding=\u00bb0px||0px||false|false\u00bb global_colors_info=\u00bb{}\u00bb theme_builder_area=\u00bbpost_content\u00bb][et_pb_column type=\u00bb1_2&#8243; _builder_version=\u00bb4.9.4&#8243; _module_preset=\u00bbdefault\u00bb background_color=\u00bb#F6F1E8&#8243; custom_padding=\u00bb|7%||7%|true|true\u00bb global_colors_info=\u00bb{}\u00bb theme_builder_area=\u00bbpost_content\u00bb][et_pb_text _builder_version=\u00bb4.9.4&#8243; _module_preset=\u00bbdefault\u00bb custom_margin=\u00bb||19px|||\u00bb global_colors_info=\u00bb{}\u00bb theme_builder_area=\u00bbpost_content\u00bb]<\/p>\n<h2>M\u00e9thodologie<\/h2>\n<p>[\/et_pb_text][\/et_pb_column][et_pb_column type=\u00bb1_2&#8243; _builder_version=\u00bb4.9.4&#8243; _module_preset=\u00bbdefault\u00bb global_colors_info=\u00bb{}\u00bb theme_builder_area=\u00bbpost_content\u00bb][\/et_pb_column][\/et_pb_row][et_pb_row column_structure=\u00bb1_2,1_2&#8243; _builder_version=\u00bb4.9.4&#8243; _module_preset=\u00bbdefault\u00bb global_colors_info=\u00bb{}\u00bb theme_builder_area=\u00bbpost_content\u00bb][et_pb_column type=\u00bb1_2&#8243; _builder_version=\u00bb4.9.4&#8243; _module_preset=\u00bbdefault\u00bb global_colors_info=\u00bb{}\u00bb theme_builder_area=\u00bbpost_content\u00bb][dsm_image_hotspots src=\u00bbhttps:\/\/arboretumdegalicia.com\/wp-content\/uploads\/2021\/06\/Arboretum-ficha-tipo.jpg\u00bb title_text=\u00bbArboretum-ficha-tipo\u00bb hotspot_padding=\u00bb||||true|true\u00bb _builder_version=\u00bb4.9.7&#8243; _module_preset=\u00bbdefault\u00bb text_font_size=\u00bb16px\u00bb border_color_all_hotspot=\u00bb#000000&#8243; global_colors_info=\u00bb{}\u00bb theme_builder_area=\u00bbpost_content\u00bb][dsm_image_hotspots_child font_icon=\u00bb&#xe064;||divi||400&#8243; left_position=\u00bb10%\u00bb top_position=\u00bb14%\u00bb _builder_version=\u00bb4.9.7&#8243; _module_preset=\u00bbdefault\u00bb global_colors_info=\u00bb{}\u00bb theme_builder_area=\u00bbpost_content\u00bb]<\/p>\n<p>Indica a que gu\u00eda pertenece la ficha<\/p>\n<p>[\/dsm_image_hotspots_child][dsm_image_hotspots_child font_icon=\u00bb&#xe064;||divi||400&#8243; left_position=\u00bb2%\u00bb top_position=\u00bb5%\u00bb _builder_version=\u00bb4.9.7&#8243; _module_preset=\u00bbdefault\u00bb global_colors_info=\u00bb{}\u00bb theme_builder_area=\u00bbpost_content\u00bb]<\/p>\n<p>Lema de Arboretum: <em><strong>Cuida la Tierra, es \u00fanica<\/strong><\/em><\/p>\n<p>[\/dsm_image_hotspots_child][dsm_image_hotspots_child font_icon=\u00bb&#xe064;||divi||400&#8243; left_position=\u00bb47%\u00bb top_position=\u00bb91%\u00bb _builder_version=\u00bb4.9.7&#8243; _module_preset=\u00bbdefault\u00bb global_colors_info=\u00bb{}\u00bb theme_builder_area=\u00bbpost_content\u00bb]<\/p>\n<p>Ideograma sino-japon\u00e9s\u00a0de\u00a0Arboretum. Est\u00e1 en las fichas de \u00e1rboles y de arbustos arb\u00f3reos.<\/p>\n<p>[\/dsm_image_hotspots_child][dsm_image_hotspots_child font_icon=\u00bb&#xe064;||divi||400&#8243; left_position=\u00bb55%\u00bb top_position=\u00bb91%\u00bb _builder_version=\u00bb4.9.7&#8243; _module_preset=\u00bbdefault\u00bb global_colors_info=\u00bb{}\u00bb theme_builder_area=\u00bbpost_content\u00bb]<\/p>\n<p>Ideograma para Aceretum, en las fichas de Arces<\/p>\n<p>[\/dsm_image_hotspots_child][dsm_image_hotspots_child font_icon=\u00bb&#xe064;||divi||400&#8243; left_position=\u00bb76%\u00bb top_position=\u00bb91%\u00bb _builder_version=\u00bb4.9.7&#8243; _module_preset=\u00bbdefault\u00bb global_colors_info=\u00bb{}\u00bb theme_builder_area=\u00bbpost_content\u00bb]<\/p>\n<p>Indica la o las parcelas en las que se encuentra la planta descrita.<\/p>\n<p>[\/dsm_image_hotspots_child][\/dsm_image_hotspots][\/et_pb_column][et_pb_column type=\u00bb1_2&#8243; _builder_version=\u00bb4.9.4&#8243; _module_preset=\u00bbdefault\u00bb global_colors_info=\u00bb{}\u00bb theme_builder_area=\u00bbpost_content\u00bb][et_pb_text _builder_version=\u00bb4.9.7&#8243; _module_preset=\u00bbdefault\u00bb header_2_font=\u00bb|600|||||||\u00bb header_2_font_size=\u00bb25px\u00bb header_2_line_height=\u00bb1.3em\u00bb header_3_font_size=\u00bb26px\u00bb custom_margin=\u00bb||23px|||\u00bb global_colors_info=\u00bb{}\u00bb theme_builder_area=\u00bbpost_content\u00bb]<\/p>\n<h3>Comment sont \u00e9labor\u00e9es les fiches?<\/h3>\n<p>[\/et_pb_text][et_pb_text _builder_version=\u00bb4.9.4&#8243; _module_preset=\u00bbdefault\u00bb text_font=\u00bb||||||||\u00bb global_colors_info=\u00bb{}\u00bb theme_builder_area=\u00bbpost_content\u00bb]<\/p>\n<p class=\" translation-block\">Les fiches ont \u00e9t\u00e9 pr\u00e9par\u00e9es sur base de la maquette et la description de Wikip\u00e9dia, puis compl\u00e9t\u00e9es avec de textes descriptifs de la s\u00e9rie Wikiespecies et d'autres sources. Pour les fiches en galicien Galipedia a \u00e9t\u00e9 la r\u00e9f\u00e9rence. Bien que cette derni\u00e8re source est loin d'\u00eatre exhaustive, sa qualit\u00e9 est bien sup\u00e9rieure \u00e1 celle de Wikip\u00e9dia gr\u00e2ce \u00e1 l'\u00e9norme travail r\u00e9alis\u00e9 par de botanistes galiciens. Les fiches ont \u00e9t\u00e9 compl\u00e9t\u00e9es avec des informations sur les caract\u00e9ristiques botaniques et les conditions de d\u00e9veloppement , multiplication et fitopatologie de chaque plante, bas\u00e9es sur de donn\u00e9es botaniques et de contributions et exp\u00e9riences propres. Les fiches indiquent la localisation de chaque plante dans l'Arboretum.<\/p>\n<p>[\/et_pb_text][et_pb_text _builder_version=\u00bb4.9.7&#8243; _module_preset=\u00bbdefault\u00bb header_2_font=\u00bb|600|||||||\u00bb header_2_font_size=\u00bb25px\u00bb header_2_line_height=\u00bb1.3em\u00bb header_3_font_size=\u00bb26px\u00bb custom_margin=\u00bb||23px|||\u00bb global_colors_info=\u00bb{}\u00bb theme_builder_area=\u00bbpost_content\u00bb]<\/p>\n<h3>Sur le mat\u00e9riel photographique<\/h3>\n<p>[\/et_pb_text][et_pb_text _builder_version=\u00bb4.9.7&#8243; _module_preset=\u00bbdefault\u00bb text_font=\u00bb||||||||\u00bb global_colors_info=\u00bb{}\u00bb theme_builder_area=\u00bbpost_content\u00bb]<\/p>\n<p class=\" translation-block\">Nous pr\u00e9sentons nos propres photographies ainsi que celles de Wikip\u00e9dia Commons ou d'autres sources ayant autoris\u00e9 sa publication. Nous remercions les photographes  (\u201cAh\u00ed est\u00e1\u201d flick, \u201cTeresalaloba\u201d, etc.) et les bases de donn\u00e9es botaniques (Telabot\u00e1nica, Visioora, etc) qui nous ont facilit\u00e9 l'acc\u00e8s et autoris\u00e9 l'utilisation de leurs travaux. A signaler l'\u00e9norme travail de Jes\u00fas Morado \u201cFlora de Galicia\u201d, base botanique de dimension encyclop\u00e9dique avec de qualit\u00e9s technique et photographique enviables.  Il s'agit d'un travail indispensable \u00e1 tous les amateurs de la nature galicienne. Nous remercions les photographes ainsi que Monsieur Morado par leur collaboration d\u00e9sint\u00e9ress\u00e9e.<\/p>\n<p>[\/et_pb_text][et_pb_text _builder_version=\u00bb4.9.7&#8243; _module_preset=\u00bbdefault\u00bb header_2_font=\u00bb|600|||||||\u00bb header_2_font_size=\u00bb25px\u00bb header_2_line_height=\u00bb1.3em\u00bb header_3_font_size=\u00bb26px\u00bb custom_margin=\u00bb||23px|||\u00bb global_colors_info=\u00bb{}\u00bb theme_builder_area=\u00bbpost_content\u00bb]<\/p>\n<h3>Concepts<\/h3>\n<p>[\/et_pb_text][et_pb_text _builder_version=\u00bb4.14.1&#8243; _module_preset=\u00bbdefault\u00bb text_font=\u00bb||||||||\u00bb global_colors_info=\u00bb{}\u00bb theme_builder_area=\u00bbpost_content\u00bb]<\/p>\n<p class=\" translation-block\">Pour faciliter l'utilisation des guides nous avons class\u00e9 les plantes de mani\u00e8re flexible et parfois peu orthodoxe. Dans la partie 'arbustes' sont inclues certains plantes qui pourraient \u00eatre catalogu\u00e9es comme des buissons. Ceci a pour objectif la simplification des guides. Esp\u00e9rons que le visiteur plus orthodoxe pourra nous pardonner.<\/p>\n<p>[\/et_pb_text][\/et_pb_column][\/et_pb_row][\/et_pb_section][et_pb_section fb_built=\u00bb1&#8243; admin_label=\u00bbEJEMPLO DE UNA FICHA DE LAS GUIAS DE CAMPO :\u00bb _builder_version=\u00bb4.14.1&#8243; _module_preset=\u00bbdefault\u00bb min_height=\u00bb471.4px\u00bb custom_margin=\u00bb-65px|||||\u00bb hover_enabled=\u00bb0&#8243; global_colors_info=\u00bb{}\u00bb theme_builder_area=\u00bbpost_content\u00bb sticky_enabled=\u00bb0&#8243;][et_pb_row _builder_version=\u00bb4.14.1&#8243; _module_preset=\u00bbdefault\u00bb theme_builder_area=\u00bbpost_content\u00bb hover_enabled=\u00bb0&#8243; sticky_enabled=\u00bb0&#8243; border_width_all=\u00bb0px\u00bb border_color_all=\u00bb#D13E04&#8243; background_color=\u00bb#F6F1E8&#8243;][et_pb_column _builder_version=\u00bb4.14.1&#8243; _module_preset=\u00bbdefault\u00bb type=\u00bb4_4&#8243; theme_builder_area=\u00bbpost_content\u00bb][et_pb_text _builder_version=\u00bb4.14.1&#8243; _module_preset=\u00bbdefault\u00bb theme_builder_area=\u00bbpost_content\u00bb hover_enabled=\u00bb0&#8243; sticky_enabled=\u00bb0&#8243; background_color=\u00bb#F6F1E8&#8243;]<\/p>\n<p><strong>EXEMPLE DE FICHE DE GUIDES DE TERRAIN : Quercus robur, Carballo, Roble<\/strong><\/p>\n<p>[\/et_pb_text][\/et_pb_column][\/et_pb_row][et_pb_row column_structure=\u00bb1_4,1_4,1_4,1_4&#8243; _builder_version=\u00bb4.14.1&#8243; _module_preset=\u00bbdefault\u00bb min_height=\u00bb372.3px\u00bb global_colors_info=\u00bb{}\u00bb theme_builder_area=\u00bbpost_content\u00bb][et_pb_column type=\u00bb1_4&#8243; _builder_version=\u00bb4.14.1&#8243; _module_preset=\u00bbdefault\u00bb global_colors_info=\u00bb{}\u00bb theme_builder_area=\u00bbpost_content\u00bb][et_pb_image src=\u00bbhttps:\/\/arboretumdegalicia.com\/wp-content\/uploads\/2021\/11\/Quercus-robur.jpg\u00bb title_text=\u00bbModelo ficha: Quercus robur\u00bb _builder_version=\u00bb4.14.1&#8243; _module_preset=\u00bbdefault\u00bb global_colors_info=\u00bb{}\u00bb theme_builder_area=\u00bbpost_content\u00bb][\/et_pb_image][\/et_pb_column][et_pb_column type=\u00bb1_4&#8243; _builder_version=\u00bb4.14.1&#8243; _module_preset=\u00bbdefault\u00bb global_colors_info=\u00bb{}\u00bb theme_builder_area=\u00bbpost_content\u00bb][et_pb_image src=\u00bbhttps:\/\/arboretumdegalicia.com\/wp-content\/uploads\/2021\/11\/Quercus-robur-pagina-2-1.jpg\u00bb title_text=\u00bbQuercus robur, p\u00e1gina 2-1&#8243; _builder_version=\u00bb4.14.1&#8243; _module_preset=\u00bbdefault\u00bb global_colors_info=\u00bb{}\u00bb theme_builder_area=\u00bbpost_content\u00bb][\/et_pb_image][\/et_pb_column][et_pb_column type=\u00bb1_4&#8243; _builder_version=\u00bb4.14.1&#8243; _module_preset=\u00bbdefault\u00bb global_colors_info=\u00bb{}\u00bb theme_builder_area=\u00bbpost_content\u00bb][et_pb_image src=\u00bbhttps:\/\/arboretumdegalicia.com\/wp-content\/uploads\/2021\/11\/Quercus-robur-pagina-3-1.jpg\u00bb title_text=\u00bbQuercus robur p\u00e1gina 3-1&#8243; _builder_version=\u00bb4.14.1&#8243; _module_preset=\u00bbdefault\u00bb global_colors_info=\u00bb{}\u00bb theme_builder_area=\u00bbpost_content\u00bb][\/et_pb_image][\/et_pb_column][et_pb_column type=\u00bb1_4&#8243; _builder_version=\u00bb4.14.1&#8243; _module_preset=\u00bbdefault\u00bb global_colors_info=\u00bb{}\u00bb theme_builder_area=\u00bbpost_content\u00bb][et_pb_image src=\u00bbhttps:\/\/arboretumdegalicia.com\/wp-content\/uploads\/2021\/11\/Quercus-robur-pagina-4-1.jpg\u00bb title_text=\u00bbQuercus robur p\u00e1gina 4-1&#8243; _builder_version=\u00bb4.14.1&#8243; _module_preset=\u00bbdefault\u00bb global_colors_info=\u00bb{}\u00bb theme_builder_area=\u00bbpost_content\u00bb][\/et_pb_image][\/et_pb_column][\/et_pb_row][\/et_pb_section][et_pb_section fb_built=\u00bb1&#8243; _builder_version=\u00bb4.14.1&#8243; _module_preset=\u00bbdefault\u00bb global_colors_info=\u00bb{}\u00bb theme_builder_area=\u00bbpost_content\u00bb][et_pb_row column_structure=\u00bb1_3,1_3,1_3&#8243; _builder_version=\u00bb4.14.1&#8243; _module_preset=\u00bbdefault\u00bb global_colors_info=\u00bb{}\u00bb theme_builder_area=\u00bbpost_content\u00bb][et_pb_column type=\u00bb1_3&#8243; _builder_version=\u00bb4.14.1&#8243; _module_preset=\u00bbdefault\u00bb global_colors_info=\u00bb{}\u00bb theme_builder_area=\u00bbpost_content\u00bb][et_pb_image src=\u00bbhttps:\/\/arboretumdegalicia.com\/wp-content\/uploads\/2021\/11\/Quercus-robur-pagina-5-1.jpg\u00bb title_text=\u00bbQuercus robur p\u00e1gina 5-1&#8243; _builder_version=\u00bb4.14.1&#8243; _module_preset=\u00bbdefault\u00bb global_colors_info=\u00bb{}\u00bb theme_builder_area=\u00bbpost_content\u00bb][\/et_pb_image][\/et_pb_column][et_pb_column type=\u00bb1_3&#8243; _builder_version=\u00bb4.14.1&#8243; _module_preset=\u00bbdefault\u00bb global_colors_info=\u00bb{}\u00bb theme_builder_area=\u00bbpost_content\u00bb][et_pb_image src=\u00bbhttps:\/\/arboretumdegalicia.com\/wp-content\/uploads\/2021\/11\/Quercus-robur-pagina-6.jpg\u00bb title_text=\u00bbQuercus-robur-p\u00e1gina-6&#8243; _builder_version=\u00bb4.14.1&#8243; _module_preset=\u00bbdefault\u00bb global_colors_info=\u00bb{}\u00bb theme_builder_area=\u00bbpost_content\u00bb][\/et_pb_image][\/et_pb_column][et_pb_column type=\u00bb1_3&#8243; _builder_version=\u00bb4.14.1&#8243; _module_preset=\u00bbdefault\u00bb global_colors_info=\u00bb{}\u00bb theme_builder_area=\u00bbpost_content\u00bb][et_pb_image src=\u00bbhttps:\/\/arboretumdegalicia.com\/wp-content\/uploads\/2021\/11\/Quercus-robur-pagina-7.jpg\u00bb title_text=\u00bbQuercus-robur-p\u00e1gina-7&#8243; _builder_version=\u00bb4.14.1&#8243; _module_preset=\u00bbdefault\u00bb global_colors_info=\u00bb{}\u00bb theme_builder_area=\u00bbpost_content\u00bb][\/et_pb_image][\/et_pb_column][\/et_pb_row][\/et_pb_section]<\/p>","protected":false},"excerpt":{"rendered":"<p>La Gu\u00eda de las principales plantas del Arboretum de Galicia es un \u00fatil de visita que permite informar sobre las principales caracter\u00edsticas bot\u00e1nicas y de cultivo de algunas de las plantas presentes en el Arboretum.Esta Gu\u00eda de Campo forma parte de un conjunto de instrumentos que facilitan la visita y el conocimiento\u00a0de las especies y [&hellip;]<\/p>","protected":false},"author":1,"featured_media":1552,"parent":668,"menu_order":0,"comment_status":"closed","ping_status":"closed","template":"","meta":{"_et_pb_use_builder":"on","_et_pb_old_content":"","_et_gb_content_width":"","pgc_sgb_lightbox_settings":""},"_links":{"self":[{"href":"https:\/\/arboretumdegalicia.com\/fr\/wp-json\/wp\/v2\/pages\/1581"}],"collection":[{"href":"https:\/\/arboretumdegalicia.com\/fr\/wp-json\/wp\/v2\/pages"}],"about":[{"href":"https:\/\/arboretumdegalicia.com\/fr\/wp-json\/wp\/v2\/types\/page"}],"author":[{"embeddable":true,"href":"https:\/\/arboretumdegalicia.com\/fr\/wp-json\/wp\/v2\/users\/1"}],"replies":[{"embeddable":true,"href":"https:\/\/arboretumdegalicia.com\/fr\/wp-json\/wp\/v2\/comments?post=1581"}],"version-history":[{"count":9,"href":"https:\/\/arboretumdegalicia.com\/fr\/wp-json\/wp\/v2\/pages\/1581\/revisions"}],"predecessor-version":[{"id":1788,"href":"https:\/\/arboretumdegalicia.com\/fr\/wp-json\/wp\/v2\/pages\/1581\/revisions\/1788"}],"up":[{"embeddable":true,"href":"https:\/\/arboretumdegalicia.com\/fr\/wp-json\/wp\/v2\/pages\/668"}],"wp:featuredmedia":[{"embeddable":true,"href":"https:\/\/arboretumdegalicia.com\/fr\/wp-json\/wp\/v2\/media\/1552"}],"wp:attachment":[{"href":"https:\/\/arboretumdegalicia.com\/fr\/wp-json\/wp\/v2\/media?parent=1581"}],"curies":[{"name":"wp","href":"https:\/\/api.w.org\/{rel}","templated":true}]}}