{"id":63,"date":"2021-06-04T13:56:55","date_gmt":"2021-06-04T11:56:55","guid":{"rendered":"https:\/\/arboretumdegalicia.com\/?page_id=63"},"modified":"2022-04-06T08:25:08","modified_gmt":"2022-04-06T06:25:08","slug":"inicio","status":"publish","type":"page","link":"https:\/\/arboretumdegalicia.com\/fr\/","title":{"rendered":"ACCUEIL"},"content":{"rendered":"<p>[et_pb_section fb_built=\u00bb1&#8243; _builder_version=\u00bb4.16&#8243; _module_preset=\u00bbdefault\u00bb background_color=\u00bbrgba(0,0,0,0.46)\u00bb background_image=\u00bbhttps:\/\/arboretumdegalicia.com\/wp-content\/uploads\/2021\/08\/IMG_8995-scaled.jpg\u00bb background_blend=\u00bbmultiply\u00bb custom_padding=\u00bb||0px||false|false\u00bb custom_css_main_element=\u00bbmin-height:100vh;||display:flex;||align-items:baseline;||flex-direction:column;\u00bb global_colors_info=\u00bb{}\u00bb][et_pb_row _builder_version=\u00bb4.16&#8243; _module_preset=\u00bbdefault\u00bb width_tablet=\u00bb\u00bb width_phone=\u00bb80%\u00bb width_last_edited=\u00bbon|phone\u00bb min_height=\u00bb552.2px\u00bb custom_padding=\u00bb155px||131px|||\u00bb global_colors_info=\u00bb{}\u00bb][et_pb_column type=\u00bb4_4&#8243; _builder_version=\u00bb4.16&#8243; _module_preset=\u00bbdefault\u00bb global_colors_info=\u00bb{}\u00bb][et_pb_text _builder_version=\u00bb4.16&#8243; _module_preset=\u00bbdefault\u00bb header_text_color=\u00bb#FFFFFF\u00bb header_font_size=\u00bb59px\u00bb header_2_text_color=\u00bb#F6F1E8&#8243; width=\u00bb60%\u00bb width_tablet=\u00bb100%\u00bb width_phone=\u00bb100%\u00bb width_last_edited=\u00bbon|desktop\u00bb module_alignment=\u00bbleft\u00bb custom_margin=\u00bb||21px|||\u00bb header_font_size_tablet=\u00bb\u00bb header_font_size_phone=\u00bb40px\u00bb header_font_size_last_edited=\u00bbon|phone\u00bb global_colors_info=\u00bb{}\u00bb]<\/p>\n<h1><span style=\"color: #ffffff;\">Bienvenus \u00e0 l'Arboretum de Galicia<\/span><\/h1>\n<p>[\/et_pb_text][et_pb_text _builder_version=\u00bb4.16.0&#8243; _module_preset=\u00bbdefault\u00bb text_font=\u00bb||||||||\u00bb text_text_color=\u00bb#F6F1E8&#8243; text_font_size=\u00bb26px\u00bb text_line_height=\u00bb1.3em\u00bb width=\u00bb74.3%\u00bb width_tablet=\u00bb80%\u00bb width_phone=\u00bb100%\u00bb width_last_edited=\u00bbon|tablet\u00bb min_height=\u00bb114px\u00bb text_font_size_tablet=\u00bb\u00bb text_font_size_phone=\u00bb21px\u00bb text_font_size_last_edited=\u00bbon|phone\u00bb text_line_height_tablet=\u00bb\u00bb text_line_height_phone=\u00bb1.3em\u00bb text_line_height_last_edited=\u00bbon|phone\u00bb global_colors_info=\u00bb{}\u00bb height__hover_enabled=\u00bbon|desktop\u00bb]<\/p>\n<p>Plus de 15 hectares de for\u00eat pour une promenade dans la nature.<br \/>Plus de 650 esp\u00e8ces diff\u00e9rentes et plus de 1500 vari\u00e9t\u00e9s.<\/p>\n<p>[\/et_pb_text][et_pb_text _builder_version=\u00bb4.16&#8243; _module_preset=\u00bbdefault\u00bb text_text_color=\u00bb#F6F1E8&#8243; text_font_size=\u00bb24px\u00bb width=\u00bb50%\u00bb width_tablet=\u00bb80%\u00bb width_phone=\u00bb100%\u00bb width_last_edited=\u00bbon|tablet\u00bb text_font_size_tablet=\u00bb\u00bb text_font_size_phone=\u00bb21px\u00bb text_font_size_last_edited=\u00bbon|phone\u00bb text_line_height_tablet=\u00bb\u00bb text_line_height_phone=\u00bb1.3em\u00bb text_line_height_last_edited=\u00bbon|phone\u00bb global_colors_info=\u00bb{}\u00bb][\/et_pb_text][et_pb_button button_url=\u00bb@ET-DC@eyJkeW5hbWljIjp0cnVlLCJjb250ZW50IjoicG9zdF9saW5rX3VybF9wYWdlIiwic2V0dGluZ3MiOnsicG9zdF9pZCI6IjgzNiJ9fQ==@\u00bb button_text=\u00bbCon\u00f3zcanos\u00bb _builder_version=\u00bb4.16&#8243; _dynamic_attributes=\u00bbbutton_url\u00bb _module_preset=\u00bbdefault\u00bb global_colors_info=\u00bb{}\u00bb][\/et_pb_button][\/et_pb_column][\/et_pb_row][\/et_pb_section][et_pb_section fb_built=\u00bb1&#8243; _builder_version=\u00bb4.16&#8243; _module_preset=\u00bbdefault\u00bb custom_padding=\u00bb64px|||||\u00bb global_colors_info=\u00bb{}\u00bb][et_pb_row column_structure=\u00bb1_2,1_2&#8243; _builder_version=\u00bb4.16&#8243; _module_preset=\u00bbdefault\u00bb custom_padding=\u00bb6.3%||10%||false|false\u00bb global_colors_info=\u00bb{}\u00bb][et_pb_column type=\u00bb1_2&#8243; _builder_version=\u00bb4.16&#8243; _module_preset=\u00bbdefault\u00bb global_colors_info=\u00bb{}\u00bb][dsm_floating_multi_images _builder_version=\u00bb4.16&#8243; _module_preset=\u00bbdefault\u00bb global_colors_info=\u00bb{}\u00bb][dsm_floating_multi_images_child src=\u00bbhttps:\/\/arboretumdegalicia.com\/wp-content\/uploads\/2021\/06\/fondo-a01.jpg\u00bb _builder_version=\u00bb4.16&#8243; _module_preset=\u00bbdefault\u00bb max_width=\u00bb100%\u00bb global_colors_info=\u00bb{}\u00bb][\/dsm_floating_multi_images_child][dsm_floating_multi_images_child src=\u00bbhttps:\/\/arboretumdegalicia.com\/wp-content\/uploads\/2021\/06\/arboretum-de-galicia-Visitas-a01.jpg\u00bb _builder_version=\u00bb4.16&#8243; _module_preset=\u00bbdefault\u00bb max_width=\u00bb100%\u00bb global_colors_info=\u00bb{}\u00bb][\/dsm_floating_multi_images_child][\/dsm_floating_multi_images][\/et_pb_column][et_pb_column type=\u00bb1_2&#8243; _builder_version=\u00bb4.16&#8243; _module_preset=\u00bbdefault\u00bb global_colors_info=\u00bb{}\u00bb][et_pb_text _builder_version=\u00bb4.16.0&#8243; _module_preset=\u00bbdefault\u00bb text_font=\u00bbDancing Script||on||||||\u00bb text_text_color=\u00bb#A87B25&#8243; text_font_size=\u00bb52px\u00bb global_colors_info=\u00bb{}\u00bb]<\/p>\n<p>Rapprochez-vous de la nature<\/p>\n<p>[\/et_pb_text][et_pb_text _builder_version=\u00bb4.16&#8243; _module_preset=\u00bbdefault\u00bb global_colors_info=\u00bb{}\u00bb]<\/p>\n<h3>Visitez l'Arboretum de Galicia<\/h3>\n<p>[\/et_pb_text][et_pb_text _builder_version=\u00bb4.16&#8243; _module_preset=\u00bbdefault\u00bb global_colors_info=\u00bb{}\u00bb]<\/p>\n<p>Vous pouvez acc\u00e9der facilement a l'Arboretum d\u00e8s n'importe quel point de la Galice. C'est un arr\u00eat agr\u00e9able et reposant lors des voyages dans le Nord ou Centre de l'Espagne<\/p>\n<p>[\/et_pb_text][et_pb_button button_url=\u00bb@ET-DC@eyJkeW5hbWljIjp0cnVlLCJjb250ZW50IjoicG9zdF9saW5rX3VybF9wYWdlIiwic2V0dGluZ3MiOnsicG9zdF9pZCI6Ijg0OSJ9fQ==@\u00bb button_text=\u00bbC\u00d3MO VISITARNOS\u00bb _builder_version=\u00bb4.16&#8243; _dynamic_attributes=\u00bbbutton_url\u00bb _module_preset=\u00bbdefault\u00bb global_colors_info=\u00bb{}\u00bb][\/et_pb_button][\/et_pb_column][\/et_pb_row][\/et_pb_section][et_pb_section fb_built=\u00bb1&#8243; prev_background_color=\u00bb#ffffff\u00bb _builder_version=\u00bb4.16&#8243; _module_preset=\u00bbdefault\u00bb background_image=\u00bbhttps:\/\/arboretumdegalicia.com\/wp-content\/uploads\/2021\/11\/IMG_20211030_141109-scaled.jpg\u00bb parallax=\u00bbon\u00bb transform_scale=\u00bb94%|94%\u00bb width=\u00bb100%\u00bb top_divider_style=\u00bbcurve2&#8243; top_divider_height=\u00bb72px\u00bb top_divider_repeat=\u00bb0x\u00bb top_divider_arrangement=\u00bbabove_content\u00bb top_divider_height_tablet=\u00bb49px\u00bb top_divider_height_phone=\u00bb21px\u00bb top_divider_height_last_edited=\u00bbon|phone\u00bb custom_css_main_element=\u00bbdisplay:flex;||height:100vh;\u00bb global_colors_info=\u00bb{}\u00bb][et_pb_row _builder_version=\u00bb4.16&#8243; _module_preset=\u00bbdefault\u00bb global_colors_info=\u00bb{}\u00bb][et_pb_column type=\u00bb4_4&#8243; _builder_version=\u00bb4.16&#8243; _module_preset=\u00bbdefault\u00bb global_colors_info=\u00bb{}\u00bb][et_pb_text _builder_version=\u00bb4.16&#8243; _module_preset=\u00bbdefault\u00bb text_font=\u00bbDancing Script||on||||||\u00bb text_text_color=\u00bb#FFFFFF\u00bb text_font_size=\u00bb54px\u00bb global_colors_info=\u00bb{}\u00bb]<\/p>\n<p>Notre collection<\/p>\n<p>[\/et_pb_text][et_pb_text _builder_version=\u00bb4.16.0&#8243; _module_preset=\u00bbdefault\u00bb header_2_text_color=\u00bb#F6F1E8&#8243; global_colors_info=\u00bb{}\u00bb]<\/p>\n<h2>Plus de 650 esp\u00e8ces<\/h2>\n<p>[\/et_pb_text][et_pb_text _builder_version=\u00bb4.16&#8243; _module_preset=\u00bbdefault\u00bb text_text_color=\u00bb#F6F1E8&#8243; text_font_size=\u00bb24px\u00bb width=\u00bb74.3%\u00bb width_tablet=\u00bb80%\u00bb width_phone=\u00bb100%\u00bb width_last_edited=\u00bbon|tablet\u00bb min_height=\u00bb114px\u00bb text_font_size_tablet=\u00bb\u00bb text_font_size_phone=\u00bb21px\u00bb text_font_size_last_edited=\u00bbon|phone\u00bb text_line_height_tablet=\u00bb\u00bb text_line_height_phone=\u00bb1.3em\u00bb text_line_height_last_edited=\u00bbon|phone\u00bb global_colors_info=\u00bb{}\u00bb height__hover_enabled=\u00bbon|desktop\u00bb]<\/p>\n<p>L'inventaire de l'Arboretum rassemble autour de 1500 taxons de plantes et chaque ann\u00e9e nous introduisons de nouvelles esp\u00e8ces ou vari\u00e9t\u00e9s. D\u00e9couvrez-les ici.<\/p>\n<p>[\/et_pb_text][et_pb_button button_url=\u00bb@ET-DC@eyJkeW5hbWljIjp0cnVlLCJjb250ZW50IjoicG9zdF9saW5rX3VybF9wYWdlIiwic2V0dGluZ3MiOnsicG9zdF9pZCI6IjIwMCJ9fQ==@\u00bb button_text=\u00bbDescubra m\u00e1s\u00bb _builder_version=\u00bb4.16&#8243; _dynamic_attributes=\u00bbbutton_url\u00bb _module_preset=\u00bbdefault\u00bb global_colors_info=\u00bb{}\u00bb][\/et_pb_button][\/et_pb_column][\/et_pb_row][\/et_pb_section][et_pb_section fb_built=\u00bb1&#8243; disabled_on=\u00bbon|on|on\u00bb _builder_version=\u00bb4.16&#8243; _module_preset=\u00bbdefault\u00bb background_color=\u00bb#F6F1E8&#8243; custom_padding=\u00bb||20px|||\u00bb disabled=\u00bbon\u00bb global_colors_info=\u00bb{}\u00bb][et_pb_row column_structure=\u00bb1_2,1_2&#8243; use_custom_gutter=\u00bbon\u00bb gutter_width=\u00bb1&#8243; make_equal=\u00bbon\u00bb _builder_version=\u00bb4.16&#8243; _module_preset=\u00bbdefault\u00bb custom_margin=\u00bb-118px||||false|false\u00bb custom_padding=\u00bb0px||||false|false\u00bb global_colors_info=\u00bb{}\u00bb][et_pb_column type=\u00bb1_2&#8243; _builder_version=\u00bb4.16&#8243; _module_preset=\u00bbdefault\u00bb background_color=\u00bb#A87B25&#8243; custom_padding=\u00bb15px|28px|15px|28px|true|true\u00bb global_colors_info=\u00bb{}\u00bb][dsm_icon_list icon_color=\u00bb#F6F1E8&#8243; icon_background_color=\u00bbRGBA(0,0,0,0)\u00bb _builder_version=\u00bb4.16&#8243; _module_preset=\u00bbdefault\u00bb text_text_color=\u00bb#F6F1E8&#8243; global_colors_info=\u00bb{}\u00bb][dsm_icon_list_child text=\u00bb\u00bfQU\u00c9 VER EN ARBORETUM DE GALICIA?\u00bb font_icon=\u00bb&#xe00f;||divi||400&#8243; icon_color=\u00bb#F6F1E8&#8243; icon_padding=\u00bb7px\u00bb icon_font_size=\u00bb26px\u00bb _builder_version=\u00bb4.16&#8243; _module_preset=\u00bbdefault\u00bb global_colors_info=\u00bb{}\u00bb][\/dsm_icon_list_child][\/dsm_icon_list][et_pb_text _builder_version=\u00bb4.16&#8243; _module_preset=\u00bbdefault\u00bb header_3_text_color=\u00bb#F6F1E8&#8243; header_3_font_size=\u00bb34px\u00bb global_colors_info=\u00bb{}\u00bb]<\/p>\n<h3>Calendario de especies.<\/h3>\n<p>[\/et_pb_text][\/et_pb_column][et_pb_column type=\u00bb1_2&#8243; _builder_version=\u00bb4.16&#8243; _module_preset=\u00bbdefault\u00bb background_color=\u00bb#FFFFFF\u00bb global_colors_info=\u00bb{}\u00bb][dsm_card_carousel pause_on_hover=\u00bbon\u00bb space_between=\u00bb18&#8243; equal_height=\u00bbon\u00bb layout=\u00bbinline\u00bb dots=\u00bboff\u00bb _builder_version=\u00bb4.16&#8243; _module_preset=\u00bbdefault\u00bb header_text_align=\u00bbcenter\u00bb header_font_size=\u00bb19px\u00bb header_letter_spacing=\u00bb3px\u00bb background_color=\u00bb#FFFFFF\u00bb width=\u00bb80%\u00bb module_alignment=\u00bbcenter\u00bb custom_margin=\u00bb0px||0px||false|false\u00bb custom_padding=\u00bb4px||||false|false\u00bb global_colors_info=\u00bb{}\u00bb background__hover_enabled=\u00bboff|desktop\u00bb background_color__hover=\u00bb#3A4A54&#8243; background_enable_color__hover=\u00bbon\u00bb][dsm_card_carousel_child title=\u00bbPRIMAVERA\u00bb content_padding=\u00bb46px|25px|33px|25px|false|true\u00bb button_url_new_window=\u00bb1&#8243; _builder_version=\u00bb4.16&#8243; _module_preset=\u00bbdefault\u00bb background_color=\u00bb#FFFFFF\u00bb background_enable_color=\u00bbon\u00bb global_colors_info=\u00bb{}\u00bb background__hover_enabled=\u00bbon|hover\u00bb background_color__hover=\u00bb#3A4A54&#8243; background_enable_color__hover=\u00bbon\u00bb header_text_color__hover_enabled=\u00bbon|hover\u00bb header_text_color__hover=\u00bb#FFFFFF\u00bb parent_button=\u00bboff\u00bb][\/dsm_card_carousel_child][dsm_card_carousel_child title=\u00bbVERANO\u00bb content_padding=\u00bb46px|25px|33px|25px|false|true\u00bb button_url_new_window=\u00bb1&#8243; _builder_version=\u00bb4.16&#8243; _module_preset=\u00bbdefault\u00bb background_color=\u00bb#FFFFFF\u00bb background_enable_color=\u00bbon\u00bb global_colors_info=\u00bb{}\u00bb background__hover_enabled=\u00bbon|hover\u00bb background_color__hover=\u00bb#3A4A54&#8243; background_enable_color__hover=\u00bbon\u00bb header_text_color__hover_enabled=\u00bbon|hover\u00bb header_text_color__hover=\u00bb#FFFFFF\u00bb parent_button=\u00bboff\u00bb][\/dsm_card_carousel_child][dsm_card_carousel_child title=\u00bbOTO\u00d1O\u00bb content_padding=\u00bb46px|25px|33px|25px|false|true\u00bb button_url_new_window=\u00bb1&#8243; _builder_version=\u00bb4.16&#8243; _module_preset=\u00bbdefault\u00bb background_color=\u00bb#FFFFFF\u00bb background_enable_color=\u00bbon\u00bb global_colors_info=\u00bb{}\u00bb background__hover_enabled=\u00bbon|hover\u00bb background_color__hover=\u00bb#3A4A54&#8243; background_enable_color__hover=\u00bbon\u00bb header_text_color__hover_enabled=\u00bbon|hover\u00bb header_text_color__hover=\u00bb#FFFFFF\u00bb parent_button=\u00bboff\u00bb][\/dsm_card_carousel_child][dsm_card_carousel_child title=\u00bbINVIERNO\u00bb content_padding=\u00bb46px|25px|33px|25px|false|true\u00bb button_url_new_window=\u00bb1&#8243; _builder_version=\u00bb4.16&#8243; _module_preset=\u00bbdefault\u00bb background_color=\u00bb#FFFFFF\u00bb background_enable_color=\u00bbon\u00bb global_colors_info=\u00bb{}\u00bb background__hover_enabled=\u00bbon|hover\u00bb background_color__hover=\u00bb#3A4A54&#8243; background_enable_color__hover=\u00bbon\u00bb header_text_color__hover_enabled=\u00bbon|hover\u00bb header_text_color__hover=\u00bb#FFFFFF\u00bb parent_button=\u00bboff\u00bb][\/dsm_card_carousel_child][\/dsm_card_carousel][\/et_pb_column][\/et_pb_row][\/et_pb_section][et_pb_section fb_built=\u00bb1&#8243; _builder_version=\u00bb4.16&#8243; _module_preset=\u00bbdefault\u00bb background_color=\u00bb#F6F1E8&#8243; custom_padding=\u00bb43px|||||\u00bb bottom_divider_color=\u00bb#1F2C33&#8243; bottom_divider_flip=\u00bbvertical\u00bb global_colors_info=\u00bb{}\u00bb][et_pb_row module_class=\u00bbgaleria-post\u00bb _builder_version=\u00bb4.16&#8243; _module_preset=\u00bbdefault\u00bb custom_padding=\u00bb115px||0px||false|false\u00bb custom_css_main_element=\u00bbalign-self:flex-end;\u00bb global_colors_info=\u00bb{}\u00bb][et_pb_column type=\u00bb4_4&#8243; _builder_version=\u00bb4.16&#8243; _module_preset=\u00bbdefault\u00bb global_colors_info=\u00bb{}\u00bb][et_pb_text _builder_version=\u00bb4.16&#8243; _module_preset=\u00bbdefault\u00bb global_colors_info=\u00bb{}\u00bb]<\/p>\n<h3>Derni\u00e8res publications<\/h3>\n<p>[\/et_pb_text][dsm_blog_carousel posts_number=\u00bb3&#8243; include_categories=\u00bb3&#8243; use_overlay=\u00bbon\u00bb overlay_icon_color=\u00bb#FFFFFF\u00bb overlay_icon_size=\u00bb54px\u00bb hover_overlay_color=\u00bbrgba(246,241,232,0.53)\u00bb thumbnail_height=\u00bb190px\u00bb use_excerpt=\u00bboff\u00bb use_date=\u00bboff\u00bb meta_date=\u00bbj M, Y\u00bb use_author=\u00bboff\u00bb spacing=\u00bb12&#8243; pause_on_hover=\u00bbon\u00bb use_pagi=\u00bboff\u00bb post_equal_height=\u00bbon\u00bb post_item_bg_color=\u00bb#1F2C33&#8243; content_wrapper=\u00bb20px|39px|20px|39px|false|true\u00bb _builder_version=\u00bb4.16&#8243; _module_preset=\u00bbdefault\u00bb title_text_align=\u00bbleft\u00bb title_text_color=\u00bb#F6F1E8&#8243; title_font_size=\u00bb22px\u00bb background_enable_color=\u00bboff\u00bb custom_css_main_element=\u00bbalign-self:flex-end;\u00bb global_colors_info=\u00bb{}\u00bb][\/dsm_blog_carousel][\/et_pb_column][\/et_pb_row][et_pb_row disabled_on=\u00bbon|on|on\u00bb _builder_version=\u00bb4.16&#8243; _module_preset=\u00bbdefault\u00bb disabled=\u00bbon\u00bb global_colors_info=\u00bb{}\u00bb][et_pb_column type=\u00bb4_4&#8243; _builder_version=\u00bb4.16&#8243; _module_preset=\u00bbdefault\u00bb global_colors_info=\u00bb{}\u00bb][et_pb_text _builder_version=\u00bb4.16&#8243; _module_preset=\u00bbdefault\u00bb text_font=\u00bbDancing Script||on||||||\u00bb text_text_color=\u00bb#A87B25&#8243; text_font_size=\u00bb40px\u00bb global_colors_info=\u00bb{}\u00bb]<\/p>\n<p>De nuestra comunidad<\/p>\n<p>[\/et_pb_text][et_pb_text _builder_version=\u00bb4.16&#8243; _module_preset=\u00bbdefault\u00bb global_colors_info=\u00bb{}\u00bb]<\/p>\n<h3>Por nuestros amigos<\/h3>\n<p>[\/et_pb_text][dsm_image_carousel gallery_ids=\u00bb72,76,110,68&#8243; sizes=\u00bbet-pb-post-main-image-fullwidth\u00bb horizontal_alignment=\u00bbflex-start\u00bb arrows=\u00bboff\u00bb dots=\u00bboff\u00bb _builder_version=\u00bb4.16&#8243; _module_preset=\u00bbdefault\u00bb global_colors_info=\u00bb{}\u00bb][\/dsm_image_carousel][\/et_pb_column][\/et_pb_row][\/et_pb_section]<\/p>","protected":false},"excerpt":{"rendered":"<p>Bienvenidos al Arboretum de GaliciaM\u00e1s de 15 hect\u00e1reas de bosque para pasear y sumergirse en la naturaleza.650 especies diferentes y m\u00e1s de 1500 varietales.<div class=\"et_pb_module dsm_floating_multi_images dsm_floating_multi_images_0\">\n\t\t\t\t\n\t\t\t\t\n\t\t\t\t\n\t\t\t\t\n\t\t\t\t\n\t\t\t\t\n\t\t\t\t<div class=\"et_pb_module_inner\">\n\t\t\t\t\t<div class=\"dsm_floating_multi_images_container\"><div class=\"et_pb_module dsm_floating_multi_images_child dsm_floating_multi_images_child_0\">\n\t\t\t\t\n\t\t\t\t\n\t\t\t\t\n\t\t\t\t\n\t\t\t\t\n\t\t\t\t\n\t\t\t\t<div class=\"et_pb_module_inner\">\n\t\t\t\t\t<img src=\"https:\/\/arboretumdegalicia.com\/wp-content\/uploads\/2021\/06\/fondo-a01.jpg\" alt=\"\" \/>\n\t\t\t\t<\/div>\n\t\t\t<\/div><div class=\"et_pb_module dsm_floating_multi_images_child dsm_floating_multi_images_child_1\">\n\t\t\t\t\n\t\t\t\t\n\t\t\t\t\n\t\t\t\t\n\t\t\t\t\n\t\t\t\t\n\t\t\t\t<div class=\"et_pb_module_inner\">\n\t\t\t\t\t<img src=\"https:\/\/arboretumdegalicia.com\/wp-content\/uploads\/2021\/06\/arboretum-de-galicia-Visitas-a01.jpg\" alt=\"\" \/>\n\t\t\t\t<\/div>\n\t\t\t<\/div><\/div>\n\t\t\t\t<\/div>\n\t\t\t<\/div>Ac\u00e9rcate a la naturalezaVisita Arboretum de GaliciaArboretum es de f\u00e1cil acceso desde cualquier punto de Galicia y una agradable [&hellip;]<\/p>","protected":false},"author":1,"featured_media":0,"parent":0,"menu_order":0,"comment_status":"closed","ping_status":"closed","template":"","meta":{"_et_pb_use_builder":"on","_et_pb_old_content":"","_et_gb_content_width":"2880","pgc_sgb_lightbox_settings":""},"_links":{"self":[{"href":"https:\/\/arboretumdegalicia.com\/fr\/wp-json\/wp\/v2\/pages\/63"}],"collection":[{"href":"https:\/\/arboretumdegalicia.com\/fr\/wp-json\/wp\/v2\/pages"}],"about":[{"href":"https:\/\/arboretumdegalicia.com\/fr\/wp-json\/wp\/v2\/types\/page"}],"author":[{"embeddable":true,"href":"https:\/\/arboretumdegalicia.com\/fr\/wp-json\/wp\/v2\/users\/1"}],"replies":[{"embeddable":true,"href":"https:\/\/arboretumdegalicia.com\/fr\/wp-json\/wp\/v2\/comments?post=63"}],"version-history":[{"count":77,"href":"https:\/\/arboretumdegalicia.com\/fr\/wp-json\/wp\/v2\/pages\/63\/revisions"}],"predecessor-version":[{"id":2030,"href":"https:\/\/arboretumdegalicia.com\/fr\/wp-json\/wp\/v2\/pages\/63\/revisions\/2030"}],"wp:attachment":[{"href":"https:\/\/arboretumdegalicia.com\/fr\/wp-json\/wp\/v2\/media?parent=63"}],"curies":[{"name":"wp","href":"https:\/\/api.w.org\/{rel}","templated":true}]}}