{"id":836,"date":"2021-07-15T14:10:05","date_gmt":"2021-07-15T12:10:05","guid":{"rendered":"https:\/\/arboretumdegalicia.com\/?page_id=836"},"modified":"2021-12-19T09:23:39","modified_gmt":"2021-12-19T07:23:39","slug":"historia-de-un-proyecto","status":"publish","type":"page","link":"https:\/\/arboretumdegalicia.com\/fr\/historia-de-un-proyecto\/","title":{"rendered":"Histoire d'un projet"},"content":{"rendered":"<p>[et_pb_section fb_built=\u00bb1&#8243; _builder_version=\u00bb4.9.4&#8243; _module_preset=\u00bbdefault\u00bb background_color=\u00bb#F6F1E8&#8243; width=\u00bb100%\u00bb min_height=\u00bb1134.5px\u00bb custom_padding=\u00bb||26px|||\u00bb global_colors_info=\u00bb{}\u00bb theme_builder_area=\u00bbpost_content\u00bb][et_pb_row _builder_version=\u00bb4.9.7&#8243; _module_preset=\u00bbdefault\u00bb custom_padding=\u00bb12px||64px||false|false\u00bb global_colors_info=\u00bb{}\u00bb theme_builder_area=\u00bbpost_content\u00bb][et_pb_column type=\u00bb4_4&#8243; _builder_version=\u00bb4.9.7&#8243; _module_preset=\u00bbdefault\u00bb custom_padding=\u00bb||||false|false\u00bb global_colors_info=\u00bb{}\u00bb theme_builder_area=\u00bbpost_content\u00bb][et_pb_text module_class=\u00bbintro\u00bb _builder_version=\u00bb4.9.9&#8243; _module_preset=\u00bbdefault\u00bb header_2_font_size=\u00bb28px\u00bb max_width=\u00bb73%\u00bb max_width_tablet=\u00bb100%\u00bb max_width_phone=\u00bb\u00bb max_width_last_edited=\u00bbon|tablet\u00bb global_colors_info=\u00bb{}\u00bb theme_builder_area=\u00bbpost_content\u00bb]<\/p>\n<h2>Le projet de l'Arboretum de Galicia commence en septembre 2010 avec l'acquisition d'un terrain de huit hectares dans le site de Reiriz, San Vicente de Pena, Begonte (Lugo).<\/h2>\n<p>[\/et_pb_text][et_pb_text _builder_version=\u00bb4.9.10&#8243; _module_preset=\u00bbdefault\u00bb custom_css_main_element=\u00bbcolumn-count:2;\u00bb global_colors_info=\u00bb{}\u00bb theme_builder_area=\u00bbpost_content\u00bb]<\/p>\n<p>Le terrain avait une for\u00eat de ch\u00eanes et arbres de rivi\u00e8re. La propri\u00e9t\u00e9 avait \u00e9t\u00e9 abandonn\u00e9e pendant plus de 30 ans et la for\u00eat \u00e9tait donc assez bien conserv\u00e9e. Nous avons coup\u00e9 des eucalyptus et d'autres arbres. Les plantations de nouvelles esp\u00e8ces ont d\u00e9marr\u00e9 en 2011. En m\u00eame temps nous nous sommes engag\u00e9s dans la r\u00e9habilitation des structures agricoles effondr\u00e9es ou envahies par le sous-bois: chemins et murs de pierres s\u00e8ches, moulins et cabanes en pierre; nous avons introduit deux greniers et fait construite de cabanes pour l'abri et la mise \u00e0 bas des moutons. Tout cela dans le respect des techniques de construction et mat\u00e9riaux  traditionnels, en faisant appel \u00e0 des ma\u00e7ons de la localit\u00e9. Le terrain s'est agrandi progressivement gr\u00e2ce \u00e0 l'acquisition des parcelles attenantes et connait actuellement une surface de quinze hectares.<\/p>\n<p>Nous sommes deux biologistes galiciens qui, apr\u00e8s 45 ans de vie \u00e0 l'\u00e9tranger dans des organisations internationales et dans l'Union europ\u00e9enne, ont d\u00e9cid\u00e9 de consacrer nos efforts \u00e0 une initiative de protection d'un espace naturel en Galice \u00e0 des fins \u00e9ducatives. Famille et amis ont rejoint ce projet.<\/p>\n<p>\u00a0 Ce projet n'est pas seulement le fruit de la volont\u00e9 de ses promoteurs. Il doit \u00e9norm\u00e9ment aux efforts de famille et amis, de certains voisins de San Vicente en particulier Martin Castro et sa famille, Teresa et Carlos; de Elena L\u00f3pez; de professionnels et artisans de la zone tels Jos\u00e9 Luis L\u00f3pez et les tailleurs de pierre Hermanos Quijada. Ils ont tous apport\u00e9, et certains continuent d'apporter, leur effort, leur savoir et leur  connaissances de ce lieu qui les a vu grandir. <strong>L'Arboretum de Galicia leur appartient \u00e9galement.<\/strong>.<\/p>\n<p><strong>C\u00e9sar et Bego\u00f1a<\/strong><\/p>\n<p>[\/et_pb_text][\/et_pb_column][\/et_pb_row][et_pb_row column_structure=\u00bb1_2,1_2&#8243; _builder_version=\u00bb4.9.7&#8243; _module_preset=\u00bbdefault\u00bb custom_padding=\u00bb16px|||||\u00bb global_colors_info=\u00bb{}\u00bb theme_builder_area=\u00bbpost_content\u00bb][et_pb_column type=\u00bb1_2&#8243; _builder_version=\u00bb4.9.7&#8243; _module_preset=\u00bbdefault\u00bb global_colors_info=\u00bb{}\u00bb theme_builder_area=\u00bbpost_content\u00bb][et_pb_text _builder_version=\u00bb4.9.7&#8243; _module_preset=\u00bbdefault\u00bb header_3_font_size=\u00bb24px\u00bb custom_margin=\u00bb||||false|false\u00bb global_colors_info=\u00bb{}\u00bb theme_builder_area=\u00bbpost_content\u00bb]<\/p>\n<h3>Un arboretum est un projet de plusieurs g\u00e9n\u00e9rations ...<\/h3>\n<p>[\/et_pb_text][et_pb_text _builder_version=\u00bb4.9.7&#8243; _module_preset=\u00bbdefault\u00bb global_colors_info=\u00bb{}\u00bb theme_builder_area=\u00bbpost_content\u00bb]<\/p>\n<p>Apr\u00e8s dix ann\u00e9es de travaux et de de plantations, les collections se d\u00e9veloppent tandis qu'en parall\u00e8le  de nouveaux arbres et arbustes sont introduits. Nous avons trouv\u00e9 la plupart des plantes chez de p\u00e9pini\u00e9ristes en Belgique, Pays Bas, France, Royaume Uni et l'Espagne. Par de raisons phytosanitaires nous ne faisons pas venir de plantes hors Union Europ\u00e9enne. L'Arboretum a pour r\u00e8gle le recours \u00e0 de pratiques respectueuses de l'environnement; l'emploi d'insecticides, herbicides et produis agro-chimiques est totalement exclue.<\/p>\n<p>[\/et_pb_text][\/et_pb_column][et_pb_column type=\u00bb1_2&#8243; _builder_version=\u00bb4.9.7&#8243; _module_preset=\u00bbdefault\u00bb global_colors_info=\u00bb{}\u00bb theme_builder_area=\u00bbpost_content\u00bb][et_pb_divider divider_weight=\u00bb3px\u00bb _builder_version=\u00bb4.9.7&#8243; _module_preset=\u00bbdefault\u00bb width=\u00bb45%\u00bb custom_margin=\u00bb||7px|||\u00bb global_colors_info=\u00bb{}\u00bb theme_builder_area=\u00bbpost_content\u00bb][\/et_pb_divider][et_pb_text quote_border_weight=\u00bb0px\u00bb _builder_version=\u00bb4.9.10&#8243; _module_preset=\u00bbdefault\u00bb text_text_color=\u00bb#1F2C33&#8243; quote_font=\u00bb|300|on||||||\u00bb quote_text_color=\u00bb#000000&#8243; quote_font_size=\u00bb28px\u00bb quote_line_height=\u00bb1.3em\u00bb custom_margin=\u00bb10px||||false|false\u00bb scroll_vertical_motion=\u00bb0|50|50|100|-1|0|1&#8243; border_color_bottom=\u00bb#A87B25&#8243; global_colors_info=\u00bb{}\u00bb theme_builder_area=\u00bbpost_content\u00bb]<\/p>\n<blockquote><p>Un projet comme celui-ci a un d\u00e9but mais pas une fin\u2026.. Pers\u00e9v\u00e9rer, pas abandonner \u2026 ''NON DEFICERE''<\/p><\/blockquote>\n<p>[\/et_pb_text][\/et_pb_column][\/et_pb_row][et_pb_row _builder_version=\u00bb4.14.1&#8243; _module_preset=\u00bbdefault\u00bb width=\u00bb100%\u00bb max_width=\u00bb2560px\u00bb min_height=\u00bb664.3px\u00bb global_colors_info=\u00bb{}\u00bb theme_builder_area=\u00bbpost_content\u00bb][et_pb_column type=\u00bb4_4&#8243; _builder_version=\u00bb4.14.1&#8243; _module_preset=\u00bbdefault\u00bb global_colors_info=\u00bb{}\u00bb theme_builder_area=\u00bbpost_content\u00bb][et_pb_image src=\u00bbhttps:\/\/arboretumdegalicia.com\/wp-content\/uploads\/2021\/11\/IMG_20211105_155349-1.jpg\u00bb _builder_version=\u00bb4.14.1&#8243; _module_preset=\u00bbdefault\u00bb global_colors_info=\u00bb{}\u00bb theme_builder_area=\u00bbpost_content\u00bb][\/et_pb_image][\/et_pb_column][\/et_pb_row][et_pb_row column_structure=\u00bb1_2,1_2&#8243; use_custom_gutter=\u00bbon\u00bb make_equal=\u00bbon\u00bb _builder_version=\u00bb4.14.2&#8243; _module_preset=\u00bbdefault\u00bb width=\u00bb100%\u00bb min_height=\u00bb235.7px\u00bb custom_margin=\u00bb-14px|51px||-23px||\u00bb custom_padding=\u00bb33px|0px|43px|0px||\u00bb global_colors_info=\u00bb{}\u00bb theme_builder_area=\u00bbpost_content\u00bb][et_pb_column type=\u00bb1_2&#8243; _builder_version=\u00bb4.14.2&#8243; _module_preset=\u00bbdefault\u00bb global_colors_info=\u00bb{}\u00bb theme_builder_area=\u00bbpost_content\u00bb][et_pb_image src=\u00bbhttps:\/\/arboretumdegalicia.com\/wp-content\/uploads\/2021\/12\/WEB10.jpg\u00bb title_text=\u00bbWEB10&#8243; _builder_version=\u00bb4.14.2&#8243; _module_preset=\u00bbdefault\u00bb custom_padding=\u00bb||4px|||\u00bb global_colors_info=\u00bb{}\u00bb theme_builder_area=\u00bbpost_content\u00bb][\/et_pb_image][\/et_pb_column][et_pb_column type=\u00bb1_2&#8243; _builder_version=\u00bb4.14.2&#8243; _module_preset=\u00bbdefault\u00bb global_colors_info=\u00bb{}\u00bb theme_builder_area=\u00bbpost_content\u00bb][et_pb_image src=\u00bbhttps:\/\/arboretumdegalicia.com\/wp-content\/uploads\/2021\/11\/WEB15.jpg\u00bb title_text=\u00bbWEB15&#8243; force_fullwidth=\u00bbon\u00bb _builder_version=\u00bb4.14.2&#8243; _module_preset=\u00bbdefault\u00bb height=\u00bb309px\u00bb custom_margin=\u00bb-22px||13px|||\u00bb custom_padding=\u00bb|||0px||\u00bb global_colors_info=\u00bb{}\u00bb theme_builder_area=\u00bbpost_content\u00bb][\/et_pb_image][\/et_pb_column][\/et_pb_row][\/et_pb_section][et_pb_section fb_built=\u00bb1&#8243; theme_builder_area=\u00bbpost_content\u00bb _builder_version=\u00bb4.14.4&#8243; _module_preset=\u00bbdefault\u00bb][et_pb_row _builder_version=\u00bb4.14.4&#8243; _module_preset=\u00bbdefault\u00bb theme_builder_area=\u00bbpost_content\u00bb column_structure=\u00bb1_3,1_3,1_3&#8243;][et_pb_column _builder_version=\u00bb4.14.4&#8243; _module_preset=\u00bbdefault\u00bb type=\u00bb1_3&#8243; theme_builder_area=\u00bbpost_content\u00bb][et_pb_image src=\u00bbhttps:\/\/arboretumdegalicia.com\/wp-content\/uploads\/2021\/12\/1637595571481-1-scaled.jpg\u00bb _builder_version=\u00bb4.14.4&#8243; _module_preset=\u00bbdefault\u00bb theme_builder_area=\u00bbpost_content\u00bb title_text=\u00bb1637595571481 (1)\u00bb hover_enabled=\u00bb0&#8243; sticky_enabled=\u00bb0&#8243;][\/et_pb_image][\/et_pb_column][et_pb_column _builder_version=\u00bb4.14.4&#8243; _module_preset=\u00bbdefault\u00bb type=\u00bb1_3&#8243; theme_builder_area=\u00bbpost_content\u00bb][et_pb_image src=\u00bbhttps:\/\/arboretumdegalicia.com\/wp-content\/uploads\/2021\/11\/1637596083104-scaled.jpg\u00bb _builder_version=\u00bb4.14.4&#8243; _module_preset=\u00bbdefault\u00bb theme_builder_area=\u00bbpost_content\u00bb title_text=\u00bb1637596083104&#8243; hover_enabled=\u00bb0&#8243; sticky_enabled=\u00bb0&#8243;][\/et_pb_image][\/et_pb_column][et_pb_column _builder_version=\u00bb4.14.4&#8243; _module_preset=\u00bbdefault\u00bb type=\u00bb1_3&#8243; theme_builder_area=\u00bbpost_content\u00bb][et_pb_image src=\u00bbhttps:\/\/arboretumdegalicia.com\/wp-content\/uploads\/2021\/08\/fotos-monte-cesar-4-202-scaled.jpg\u00bb _builder_version=\u00bb4.14.4&#8243; _module_preset=\u00bbdefault\u00bb theme_builder_area=\u00bbpost_content\u00bb title_text=\u00bbfotos monte cesar 4 202&#8243; hover_enabled=\u00bb0&#8243; sticky_enabled=\u00bb0&#8243;][\/et_pb_image][\/et_pb_column][\/et_pb_row][\/et_pb_section]<\/p>","protected":false},"excerpt":{"rendered":"<p>El proyecto del Arboretum de Galicia se inicia en Septiembre de 2010 con la compra de una finca de 8 hect\u00e1reas situada en el lugar de Reiriz, San Vicente de Pena, Begonte (Lugo).La finca conservaba un bosque compuesto por una carballeira y un bosque de ribera relativamente bien conservados dado que la propiedad permaneci\u00f3 abandonada [&hellip;]<\/p>","protected":false},"author":1,"featured_media":1094,"parent":0,"menu_order":0,"comment_status":"closed","ping_status":"closed","template":"","meta":{"_et_pb_use_builder":"on","_et_pb_old_content":"","_et_gb_content_width":"","pgc_sgb_lightbox_settings":""},"_links":{"self":[{"href":"https:\/\/arboretumdegalicia.com\/fr\/wp-json\/wp\/v2\/pages\/836"}],"collection":[{"href":"https:\/\/arboretumdegalicia.com\/fr\/wp-json\/wp\/v2\/pages"}],"about":[{"href":"https:\/\/arboretumdegalicia.com\/fr\/wp-json\/wp\/v2\/types\/page"}],"author":[{"embeddable":true,"href":"https:\/\/arboretumdegalicia.com\/fr\/wp-json\/wp\/v2\/users\/1"}],"replies":[{"embeddable":true,"href":"https:\/\/arboretumdegalicia.com\/fr\/wp-json\/wp\/v2\/comments?post=836"}],"version-history":[{"count":21,"href":"https:\/\/arboretumdegalicia.com\/fr\/wp-json\/wp\/v2\/pages\/836\/revisions"}],"predecessor-version":[{"id":1840,"href":"https:\/\/arboretumdegalicia.com\/fr\/wp-json\/wp\/v2\/pages\/836\/revisions\/1840"}],"wp:featuredmedia":[{"embeddable":true,"href":"https:\/\/arboretumdegalicia.com\/fr\/wp-json\/wp\/v2\/media\/1094"}],"wp:attachment":[{"href":"https:\/\/arboretumdegalicia.com\/fr\/wp-json\/wp\/v2\/media?parent=836"}],"curies":[{"name":"wp","href":"https:\/\/api.w.org\/{rel}","templated":true}]}}