{"id":849,"date":"2021-07-19T13:39:03","date_gmt":"2021-07-19T11:39:03","guid":{"rendered":"https:\/\/arboretumdegalicia.com\/?page_id=849"},"modified":"2021-11-28T19:45:12","modified_gmt":"2021-11-28T17:45:12","slug":"visitas-al-arboretum","status":"publish","type":"page","link":"https:\/\/arboretumdegalicia.com\/fr\/visitas-al-arboretum\/","title":{"rendered":"VISITES"},"content":{"rendered":"<p>[et_pb_section fb_built=\u00bb1&#8243; specialty=\u00bbon\u00bb _builder_version=\u00bb4.9.9&#8243; _module_preset=\u00bbdefault\u00bb background_color=\u00bb#F6F1E8&#8243; custom_padding=\u00bb35px|||||\u00bb global_colors_info=\u00bb{}\u00bb theme_builder_area=\u00bbpost_content\u00bb][et_pb_column type=\u00bb2_3&#8243; specialty_columns=\u00bb2&#8243; _builder_version=\u00bb3.25&#8243; custom_padding=\u00bb|||\u00bb global_colors_info=\u00bb{}\u00bb custom_padding__hover=\u00bb|||\u00bb theme_builder_area=\u00bbpost_content\u00bb][et_pb_row_inner _builder_version=\u00bb4.9.9&#8243; _module_preset=\u00bbdefault\u00bb custom_padding=\u00bb16px||7px|||\u00bb global_colors_info=\u00bb{}\u00bb theme_builder_area=\u00bbpost_content\u00bb][et_pb_column_inner saved_specialty_column_type=\u00bb2_3&#8243; _builder_version=\u00bb4.9.7&#8243; _module_preset=\u00bbdefault\u00bb global_colors_info=\u00bb{}\u00bb theme_builder_area=\u00bbpost_content\u00bb][et_pb_text module_class=\u00bbintro\u00bb _builder_version=\u00bb4.13.1&#8243; _module_preset=\u00bbdefault\u00bb header_2_font_size=\u00bb28px\u00bb max_width_tablet=\u00bb100%\u00bb max_width_last_edited=\u00bboff|desktop\u00bb global_colors_info=\u00bb{}\u00bb theme_builder_area=\u00bbpost_content\u00bb]<\/p>\n<h2>l'Arboretum de Galicia est facilement accessibles. Il est situ\u00e9 entre les provinces de La Corogne et de Lugo, \u00e0 4 km de la crois\u00e9e entre les autoroutes  A6 (Madrid-La Corogne) et A8 (Autovia del Cant\u00e1brico) \u00e0 Baamonde. C'es une escale agr\u00e9able lors des d\u00e9placements dans le nord-est de l'Espagne. Le Chemin du Nort \u00e0 Sait-Jacques de Compostelle passe par Baamonde.\u00a0<\/h2>\n<p>[\/et_pb_text][et_pb_text _builder_version=\u00bb4.9.9&#8243; _module_preset=\u00bbdefault\u00bb global_colors_info=\u00bb{}\u00bb theme_builder_area=\u00bbpost_content\u00bb]<\/p>\n<p>L'on peut visiter l'Arboretum \u00e0 n'importe quel p\u00e9riode de l'ann\u00e9e. Le printemps et l'automne sont particuli\u00e8rement beaux en raison de la floraison et de la coloration spectaculaire de beaucoup d'arbres. L'Arboretum est ouvert aux visiteurs:<\/p>\n<p>[\/et_pb_text][et_pb_text _builder_version=\u00bb4.9.9&#8243; _module_preset=\u00bbdefault\u00bb header_3_font_size=\u00bb28px\u00bb custom_margin=\u00bb||||false|false\u00bb global_colors_info=\u00bb{}\u00bb theme_builder_area=\u00bbpost_content\u00bb]<\/p>\n<h3>Visite libre<\/h3>\n<p>[\/et_pb_text][et_pb_text _builder_version=\u00bb4.13.1&#8243; _module_preset=\u00bbdefault\u00bb custom_margin=\u00bb1px||56px|||\u00bb global_colors_info=\u00bb{}\u00bb theme_builder_area=\u00bbpost_content\u00bb]<\/p>\n<h4><span style=\"color: #ff6600;\"><strong>Ouvert au public d\u00e8s Mai 2022.<\/strong><\/span><\/h4>\n<p><strong>Du 15 avril au 15 novembre, les samedis en deux tours: <\/strong><\/p>\n<p class=\" translation-block\">Matin de 10:00 \u00e0 14:00 \/ Apr\u00e8s-midi de 15:00 \u00e0 19:00<\/p>\n<p class=\" translation-block\"><strong>Inscription pr\u00e9alable:<\/strong><a href=\"arboretumdegalicia@yahoo.es\" target=\"_self\">\u00a0arboretumdegalicia@yahoo.es<\/a><\/p>\n<p><b>Un maximum de 25 personnes (de plus de 10 ans) pourront s'inscrire dans chaque tour.\u00a0<\/b>Pour les enfants de moins de 10 ans il n'y a pas de nombre limit\u00e9.<span><\/span><\/p>\n<p>Une fois inscrit, la visite est libre. Il est conseill\u00e9 de se garer dans l'esplanade de l'\u00e9glise de San Vicente et de continuer \u00e0 pied jusqu'\u00e0 l'Arboretum. Entrez librement dans l'Arboretum et profitez-en au maximum!<\/p>\n<p>Un parcours central est signal\u00e9 avec de poteaux en pierre num\u00e9rot\u00e9s. Ils sont une r\u00e9f\u00e9rence pour la promenade mais le visiteur peut se d\u00e9placer en totale libert\u00e9.<\/p>\n<p><span style=\"text-decoration: underline;\"><strong><\/strong><\/span><\/p>\n<p><strong>Chemin du Nord: <\/strong><strong style=\"font-size: 19px;\">Les p\u00e8lerins peuvent y acc\u00e9der sans inscription pr\u00e9alable tous les jours de l'ann\u00e9e.<\/strong><\/p>\n<p>&nbsp;<\/p>\n<p>[\/et_pb_text][et_pb_divider divider_weight=\u00bb3px\u00bb _builder_version=\u00bb4.9.7&#8243; _module_preset=\u00bbdefault\u00bb width=\u00bb45%\u00bb custom_margin=\u00bb||7px|||\u00bb custom_padding=\u00bb||0px|||\u00bb global_colors_info=\u00bb{}\u00bb theme_builder_area=\u00bbpost_content\u00bb][\/et_pb_divider][\/et_pb_column_inner][\/et_pb_row_inner][et_pb_row_inner _builder_version=\u00bb4.9.9&#8243; _module_preset=\u00bbdefault\u00bb custom_padding=\u00bb19px||4px|||\u00bb global_colors_info=\u00bb{}\u00bb theme_builder_area=\u00bbpost_content\u00bb][et_pb_column_inner saved_specialty_column_type=\u00bb2_3&#8243; _builder_version=\u00bb4.9.7&#8243; _module_preset=\u00bbdefault\u00bb global_colors_info=\u00bb{}\u00bb theme_builder_area=\u00bbpost_content\u00bb][et_pb_text _builder_version=\u00bb4.9.9&#8243; _module_preset=\u00bbdefault\u00bb header_3_font_size=\u00bb28px\u00bb custom_margin=\u00bb||2px||false|false\u00bb global_colors_info=\u00bb{}\u00bb theme_builder_area=\u00bbpost_content\u00bb]<\/p>\n<h3>Visites libres en groupe<\/h3>\n<p>[\/et_pb_text][et_pb_text _builder_version=\u00bb4.9.7&#8243; _module_preset=\u00bbdefault\u00bb custom_margin=\u00bb1px||59px|||\u00bb global_colors_info=\u00bb{}\u00bb theme_builder_area=\u00bbpost_content\u00bb]<\/p>\n<p>Inscription pr\u00e9alable:\u00a0<a>arboretumdegalicia@yahoo.es\u00a0<\/a>suivant disponibilit\u00e9.<\/p>\n<p class=\" translation-block\">Les groupes scolaires peuvent organiser les visites \u00e0 n'importe quel moment de l'ann\u00e9e.<\/p>\n<p>[\/et_pb_text][et_pb_divider divider_weight=\u00bb3px\u00bb _builder_version=\u00bb4.9.7&#8243; _module_preset=\u00bbdefault\u00bb width=\u00bb45%\u00bb custom_margin=\u00bb||7px|||\u00bb global_colors_info=\u00bb{}\u00bb theme_builder_area=\u00bbpost_content\u00bb][\/et_pb_divider][\/et_pb_column_inner][\/et_pb_row_inner][et_pb_row_inner _builder_version=\u00bb4.9.9&#8243; _module_preset=\u00bbdefault\u00bb custom_padding=\u00bb16px|||||\u00bb global_colors_info=\u00bb{}\u00bb theme_builder_area=\u00bbpost_content\u00bb][et_pb_column_inner saved_specialty_column_type=\u00bb2_3&#8243; _builder_version=\u00bb4.9.7&#8243; _module_preset=\u00bbdefault\u00bb global_colors_info=\u00bb{}\u00bb theme_builder_area=\u00bbpost_content\u00bb][et_pb_text _builder_version=\u00bb4.9.9&#8243; _module_preset=\u00bbdefault\u00bb header_3_font_size=\u00bb28px\u00bb custom_margin=\u00bb||2px||false|false\u00bb global_colors_info=\u00bb{}\u00bb theme_builder_area=\u00bbpost_content\u00bb]<\/p>\n<h3>Visites guid\u00e9es<\/h3>\n<p>[\/et_pb_text][et_pb_text _builder_version=\u00bb4.9.7&#8243; _module_preset=\u00bbdefault\u00bb custom_margin=\u00bb1px|||||\u00bb global_colors_info=\u00bb{}\u00bb theme_builder_area=\u00bbpost_content\u00bb]<\/p>\n<p>Inscription pr\u00e9alable:\u00a0<a>arboretumdegalicia@yahoo.es\u00a0<\/a>suivant disponibilit\u00e9.<\/p>\n<p><i>Elles sont r\u00e9serv\u00e9es aux professionnels ou amateurs de botanique.<\/i><\/p>\n<p>[\/et_pb_text][\/et_pb_column_inner][\/et_pb_row_inner][\/et_pb_column][et_pb_column type=\u00bb1_3&#8243; _builder_version=\u00bb3.25&#8243; custom_padding=\u00bb|||\u00bb global_colors_info=\u00bb{}\u00bb custom_padding__hover=\u00bb|||\u00bb theme_builder_area=\u00bbpost_content\u00bb][et_pb_blurb title=\u00bbCobertura telef\u00f3nica\u00bb use_icon=\u00bbon\u00bb font_icon=\u00bb&#xe090;||divi||400&#8243; icon_color=\u00bb#FFFFFF\u00bb image_icon_background_color=\u00bb#3A4A54&#8243; image_icon_width=\u00bb27px\u00bb icon_alignment=\u00bbleft\u00bb _builder_version=\u00bb4.13.0&#8243; _module_preset=\u00bbdefault\u00bb header_font_size=\u00bb24px\u00bb body_font_size=\u00bb16px\u00bb body_line_height=\u00bb1.2em\u00bb background_color=\u00bb#FFFFFF\u00bb image_icon_custom_padding=\u00bb25px|25px|25px|25px|false|false\u00bb custom_margin=\u00bb-26px|||||\u00bb custom_padding=\u00bb17px|21px|26px|21px|false|true\u00bb custom_css_blurb_title=\u00bbmargin-top:-10px;||\u00bb border_radii_image=\u00bbon|100%|100%|100%|100%\u00bb icon_font_size=\u00bb27px\u00bb use_circle=\u00bbon\u00bb circle_color=\u00bb#3A4A54&#8243; global_colors_info=\u00bb{}\u00bb image_icon_background_color__sticky_enabled=\u00bb#a87b25&#8243; image_icon_background_color__sticky=\u00bb#a87b25&#8243; theme_builder_area=\u00bbpost_content\u00bb]<\/p>\n<p><em><strong>En el Arboretum no hay cobertura telef\u00f3nica. No tenga miedo. No pasa nada. Sobrevivir\u00e1 \ud83d\ude09<\/strong> Si necesita hacer una llamada urgente (o simplemente caes en mono\u2026) suba hasta la cumbre de una de las laderas&#8230;no podr\u00e1 bajarse una peli pero con suerte podr\u00e1 hacer una simple llamada\u2026<\/em><\/p>\n<p>[\/et_pb_blurb][et_pb_blurb title=\u00bbPeligro de incendio\u00bb image=\u00bbhttps:\/\/arboretumdegalicia.com\/wp-content\/uploads\/2021\/07\/ico-incendio.svg\u00bb icon_alignment=\u00bbleft\u00bb _builder_version=\u00bb4.13.0&#8243; _module_preset=\u00bbdefault\u00bb header_font_size=\u00bb24px\u00bb body_font_size=\u00bb16px\u00bb body_line_height=\u00bb1.2em\u00bb background_color=\u00bb#FFFFFF\u00bb custom_margin=\u00bb-26px|||||\u00bb custom_padding=\u00bb17px|21px|26px|21px|false|true\u00bb custom_css_blurb_title=\u00bbmargin-top:-10px;||\u00bb global_colors_info=\u00bb{}\u00bb theme_builder_area=\u00bbpost_content\u00bb]<\/p>\n<p class=\" translation-block\"><em>De memoria de lugare\u00f1o nunca ha habido un incendio en el Arboretum\u2026.<\/em><br>Desbrozamos y limpiamos sistem\u00e1ticamente el bosque y plantamos cipreses en los limites m\u00e1s expuestos dejando cortafuegos\u2026<\/p>\n<p>&gt; <em>Mais il convient de rappeler les consignes de base:<\/em> le feu va toujours vers le haut ! En cas d'incendie \u00e9vitez les parties hautes et chercher \u00e1 sortir suivant le cours d'eau qui traverse la partie centrale l'Arboretum.<\/p>\n<p>[\/et_pb_blurb][et_pb_blurb title=\u00bbPrimeros auxilios\u00bb image=\u00bbhttps:\/\/arboretumdegalicia.com\/wp-content\/uploads\/2021\/08\/png-transparent-white-and-red-cross-logo-red-cross-red-circle-texture-texture-flag-circle-frame-150&#215;150.png\u00bb icon_alignment=\u00bbleft\u00bb _builder_version=\u00bb4.13.0&#8243; _module_preset=\u00bbdefault\u00bb header_font_size=\u00bb24px\u00bb body_font_size=\u00bb16px\u00bb body_line_height=\u00bb1.2em\u00bb background_color=\u00bb#FFFFFF\u00bb custom_margin=\u00bb-26px|||||\u00bb custom_padding=\u00bb17px|21px|26px|21px|false|true\u00bb custom_css_blurb_title=\u00bbmargin-top:-10px;||\u00bb global_colors_info=\u00bb{}\u00bb theme_builder_area=\u00bbpost_content\u00bb]<\/p>\n<p><i>Il y a une trousse de secours sous le petit grenier.<\/i><\/p>\n<p>[\/et_pb_blurb][et_pb_blurb title=\u00bbParking\u00bb image=\u00bbhttps:\/\/arboretumdegalicia.com\/wp-content\/uploads\/2021\/08\/P-DE-PARKING-150&#215;150.jpg\u00bb icon_alignment=\u00bbleft\u00bb _builder_version=\u00bb4.13.0&#8243; _module_preset=\u00bbdefault\u00bb header_font_size=\u00bb24px\u00bb body_font_size=\u00bb16px\u00bb body_line_height=\u00bb1.2em\u00bb background_color=\u00bb#FFFFFF\u00bb custom_margin=\u00bb-26px|||||\u00bb custom_padding=\u00bb17px|21px|26px|21px|false|true\u00bb custom_css_blurb_title=\u00bbmargin-top:-10px;||\u00bb global_colors_info=\u00bb{}\u00bb theme_builder_area=\u00bbpost_content\u00bb]<\/p>\n<p><i>Garez votre voiture dans l'esplanade de l'\u00e9glise de San Vicente<\/i><\/p>\n<p>Les personnes \u00e2g\u00e9es, familles avec b\u00e9b\u00e9s ou personnes avec mobilit\u00e9 r\u00e9duite peuvent laisser leur voiture \u00e0 l'entr\u00e9e.<i><\/i><\/p>\n<p><i><\/i><\/p>\n<p>[\/et_pb_blurb][et_pb_blurb image=\u00bbhttps:\/\/arboretumdegalicia.com\/wp-content\/uploads\/2021\/11\/facebook_1625172351557_6816466894827343608.jpg\u00bb icon_alignment=\u00bbleft\u00bb _builder_version=\u00bb4.14.1&#8243; _module_preset=\u00bbdefault\u00bb header_font_size=\u00bb24px\u00bb body_font_size=\u00bb16px\u00bb body_line_height=\u00bb1.2em\u00bb background_color=\u00bb#FFFFFF\u00bb custom_margin=\u00bb-26px|||||\u00bb custom_padding=\u00bb17px|21px|26px|21px|false|true\u00bb hover_enabled=\u00bb0&#8243; custom_css_blurb_title=\u00bbmargin-top:-10px;||\u00bb global_colors_info=\u00bb{}\u00bb theme_builder_area=\u00bbpost_content\u00bb sticky_enabled=\u00bb0&#8243; title_text=\u00bbfacebook_1625172351557_6816466894827343608&#8243;]<\/p>\n<p><i><\/i><\/p>\n<p><i><\/i><\/p>\n<p>[\/et_pb_blurb][\/et_pb_column][\/et_pb_section][et_pb_section fb_built=\u00bb1&#8243; _builder_version=\u00bb4.9.9&#8243; _module_preset=\u00bbdefault\u00bb custom_padding=\u00bb50px|||||\u00bb global_colors_info=\u00bb{}\u00bb theme_builder_area=\u00bbpost_content\u00bb][et_pb_row _builder_version=\u00bb4.9.7&#8243; _module_preset=\u00bbdefault\u00bb custom_padding=\u00bb41px|||||\u00bb global_colors_info=\u00bb{}\u00bb theme_builder_area=\u00bbpost_content\u00bb][et_pb_column type=\u00bb4_4&#8243; _builder_version=\u00bb4.9.7&#8243; _module_preset=\u00bbdefault\u00bb global_colors_info=\u00bb{}\u00bb theme_builder_area=\u00bbpost_content\u00bb][et_pb_text _builder_version=\u00bb4.9.9&#8243; _module_preset=\u00bbdefault\u00bb custom_margin=\u00bb|-72px||||\u00bb global_colors_info=\u00bb{}\u00bb theme_builder_area=\u00bbpost_content\u00bb]<\/p>\n<blockquote><\/blockquote>\n<blockquote>\n<h3><b>Toutes les visites sont gratuites. <\/b><\/h3>\n<\/blockquote>\n<p>L'Arboretum de Galicia n'a pas un but lucratif, n'a pas de subventions ni d'appuis financiers publics ni priv\u00e9s. Si vous voulez contribuer \u00e0 la conservation et \u00e0 l'expansion de l'Arboretum vous pouvez parrainer un arbre.<\/p>\n<p>L'Arboretum a une extension de 15 hectares. Vous pouvez suivre un parcours signal\u00e9 avec des poteaux de pierre num\u00e9rot\u00e9s (du 1 au 90) ou vous d\u00e9placer librement. La visite peut durer entre deux et trois heures, cela d\u00e9pend  de votre rythme, mais vous pouvez la raccourcir si vous le souhaitez.<\/p>\n<p><strong>Pour y arriver:<\/strong><strong> Google Maps : Arboretum de Galicia, Lugo   Navigateur: Eglise de San Vicente de Pena, Lugo\u00a0 <\/strong><\/p>\n<p><strong>Coordonn\u00e9es g\u00e9ographiques: 43\u00ba 08' 200\" N ; 7\u00ba 44' 340\" W\u00a0\u00a0<\/strong><\/p>\n<p><b>Bonne promenade!<\/b><\/p>\n<p>[\/et_pb_text][\/et_pb_column][\/et_pb_row][et_pb_row column_structure=\u00bb1_2,1_2&#8243; _builder_version=\u00bb4.14.1&#8243; _module_preset=\u00bbdefault\u00bb global_colors_info=\u00bb{}\u00bb theme_builder_area=\u00bbpost_content\u00bb][et_pb_column type=\u00bb1_2&#8243; _builder_version=\u00bb4.14.1&#8243; _module_preset=\u00bbdefault\u00bb global_colors_info=\u00bb{}\u00bb theme_builder_area=\u00bbpost_content\u00bb][et_pb_image src=\u00bbhttps:\/\/arboretumdegalicia.com\/wp-content\/uploads\/2021\/11\/IMG_20200610_150956.jpg\u00bb alt=\u00bbDEJESE GUIAR POR LOS MOJONES NUMERADOS\u00bb title_text=\u00bbIMG_20200610_150956&#8243; _builder_version=\u00bb4.14.1&#8243; _module_preset=\u00bbdefault\u00bb custom_margin=\u00bb||-48px|||\u00bb global_colors_info=\u00bb{}\u00bb theme_builder_area=\u00bbpost_content\u00bb][\/et_pb_image][\/et_pb_column][et_pb_column type=\u00bb1_2&#8243; _builder_version=\u00bb4.14.1&#8243; _module_preset=\u00bbdefault\u00bb global_colors_info=\u00bb{}\u00bb theme_builder_area=\u00bbpost_content\u00bb][et_pb_image src=\u00bbhttps:\/\/arboretumdegalicia.com\/wp-content\/uploads\/2021\/11\/IMG_20191125_142104-scaled.jpg\u00bb title_text=\u00bbMUCHOS ARBOLES ESTAN ETIQUETADOS\u00bb _builder_version=\u00bb4.14.1&#8243; _module_preset=\u00bbdefault\u00bb min_height=\u00bb538px\u00bb global_colors_info=\u00bb{}\u00bb theme_builder_area=\u00bbpost_content\u00bb][\/et_pb_image][\/et_pb_column][\/et_pb_row][et_pb_row _builder_version=\u00bb4.9.10&#8243; _module_preset=\u00bbdefault\u00bb global_colors_info=\u00bb{}\u00bb theme_builder_area=\u00bbpost_content\u00bb][et_pb_column type=\u00bb4_4&#8243; _builder_version=\u00bb4.9.10&#8243; _module_preset=\u00bbdefault\u00bb global_colors_info=\u00bb{}\u00bb theme_builder_area=\u00bbpost_content\u00bb][et_pb_accordion _builder_version=\u00bb4.9.10&#8243; _module_preset=\u00bbdefault\u00bb global_colors_info=\u00bb{}\u00bb theme_builder_area=\u00bbpost_content\u00bb][et_pb_accordion_item open=\u00bbon\u00bb _builder_version=\u00bb4.9.10&#8243; _module_preset=\u00bbdefault\u00bb global_colors_info=\u00bb{}\u00bb theme_builder_area=\u00bbpost_content\u00bb][\/et_pb_accordion_item][et_pb_accordion_item title=\u00bbResponsabilidad por da\u00f1os y accidentes\u00bb _builder_version=\u00bb4.9.10&#8243; _module_preset=\u00bbdefault\u00bb global_colors_info=\u00bb{}\u00bb theme_builder_area=\u00bbpost_content\u00bb open=\u00bboff\u00bb]<\/p>\n<p>L'Arboretum n'assume aucune responsabilit\u00e9 en cas d'accident. Le visiteur assume l'enti\u00e8re responsabilit\u00e9 en cas de dommages ou accidents ayant lieu durant sa visite, qui s'effectue \u00e0 ses risques et p\u00e9rils; en le faisant, il accepte ces conditions.<\/p>\n<p>[\/et_pb_accordion_item][\/et_pb_accordion][\/et_pb_column][\/et_pb_row][\/et_pb_section][et_pb_section fb_built=\u00bb1&#8243; _builder_version=\u00bb4.9.9&#8243; _module_preset=\u00bbdefault\u00bb custom_margin=\u00bb0px||0px||false|false\u00bb custom_padding=\u00bb0px||0px||false|false\u00bb global_colors_info=\u00bb{}\u00bb theme_builder_area=\u00bbpost_content\u00bb][et_pb_row _builder_version=\u00bb4.9.9&#8243; _module_preset=\u00bbdefault\u00bb width=\u00bb100%\u00bb max_width=\u00bb100%\u00bb custom_margin=\u00bb0px||0px||false|false\u00bb custom_padding=\u00bb0px||0px||false|false\u00bb global_colors_info=\u00bb{}\u00bb theme_builder_area=\u00bbpost_content\u00bb][et_pb_column type=\u00bb4_4&#8243; _builder_version=\u00bb4.9.9&#8243; _module_preset=\u00bbdefault\u00bb global_colors_info=\u00bb{}\u00bb theme_builder_area=\u00bbpost_content\u00bb][et_pb_text _builder_version=\u00bb4.9.9&#8243; _module_preset=\u00bbdefault\u00bb global_colors_info=\u00bb{}\u00bb theme_builder_area=\u00bbpost_content\u00bb]<iframe src=\"https:\/\/www.google.com\/maps\/embed?pb=!1m18!1m12!1m3!1d156021.49443196537!2d-7.895944024718862!3d43.149951091470584!2m3!1f0!2f0!3f0!3m2!1i1024!2i768!4f13.1!3m3!1m2!1s0xd31d9b4216af4a3%3A0x6a03abd9e7ec3826!2sARBORETUM%20DE%20GALICIA!5e0!3m2!1ses!2ses!4v1626697016441!5m2!1ses!2ses\" width=\"1920\" height=\"600\" style=\"border:0;\" allowfullscreen=\"\" loading=\"lazy\"><\/iframe>[\/et_pb_text][\/et_pb_column][\/et_pb_row][\/et_pb_section]<\/p>","protected":false},"excerpt":{"rendered":"<p>Situado en el l\u00edmite entre la Provincia de A Coru\u00f1a y la de Lugo, a 3 km del cruce entre la A6 (Madrid- A Coru\u00f1a) y la A8 (Autov\u00eda del Cant\u00e1brico) en Baamonde, el Arboretum es de f\u00e1cil acceso desde cualquier punto de Galicia y una agradable parada y descanso en desplazamientos desde el Norte [&hellip;]<\/p>","protected":false},"author":1,"featured_media":1092,"parent":0,"menu_order":0,"comment_status":"closed","ping_status":"closed","template":"","meta":{"_et_pb_use_builder":"on","_et_pb_old_content":"","_et_gb_content_width":"","pgc_sgb_lightbox_settings":""},"_links":{"self":[{"href":"https:\/\/arboretumdegalicia.com\/fr\/wp-json\/wp\/v2\/pages\/849"}],"collection":[{"href":"https:\/\/arboretumdegalicia.com\/fr\/wp-json\/wp\/v2\/pages"}],"about":[{"href":"https:\/\/arboretumdegalicia.com\/fr\/wp-json\/wp\/v2\/types\/page"}],"author":[{"embeddable":true,"href":"https:\/\/arboretumdegalicia.com\/fr\/wp-json\/wp\/v2\/users\/1"}],"replies":[{"embeddable":true,"href":"https:\/\/arboretumdegalicia.com\/fr\/wp-json\/wp\/v2\/comments?post=849"}],"version-history":[{"count":39,"href":"https:\/\/arboretumdegalicia.com\/fr\/wp-json\/wp\/v2\/pages\/849\/revisions"}],"predecessor-version":[{"id":1823,"href":"https:\/\/arboretumdegalicia.com\/fr\/wp-json\/wp\/v2\/pages\/849\/revisions\/1823"}],"wp:featuredmedia":[{"embeddable":true,"href":"https:\/\/arboretumdegalicia.com\/fr\/wp-json\/wp\/v2\/media\/1092"}],"wp:attachment":[{"href":"https:\/\/arboretumdegalicia.com\/fr\/wp-json\/wp\/v2\/media?parent=849"}],"curies":[{"name":"wp","href":"https:\/\/api.w.org\/{rel}","templated":true}]}}