{"id":863,"date":"2021-07-20T12:51:35","date_gmt":"2021-07-20T10:51:35","guid":{"rendered":"https:\/\/arboretumdegalicia.com\/?page_id=863"},"modified":"2021-11-27T11:21:59","modified_gmt":"2021-11-27T09:21:59","slug":"reglas-del-arboretum","status":"publish","type":"page","link":"https:\/\/arboretumdegalicia.com\/fr\/reglas-del-arboretum\/","title":{"rendered":"R\u00e8glement des visites"},"content":{"rendered":"<p>[et_pb_section fb_built=\u00bb1&#8243; _builder_version=\u00bb4.9.10&#8243; _module_preset=\u00bbdefault\u00bb background_color=\u00bb#F6F1E8&#8243; custom_padding=\u00bb||116px|||\u00bb global_colors_info=\u00bb{}\u00bb theme_builder_area=\u00bbpost_content\u00bb][et_pb_row column_structure=\u00bb3_5,2_5&#8243; _builder_version=\u00bb4.14.1&#8243; _module_preset=\u00bbdefault\u00bb hover_enabled=\u00bb0&#8243; global_colors_info=\u00bb{}\u00bb theme_builder_area=\u00bbpost_content\u00bb sticky_enabled=\u00bb0&#8243;][et_pb_column type=\u00bb3_5&#8243; _builder_version=\u00bb4.14.1&#8243; _module_preset=\u00bbdefault\u00bb hover_enabled=\u00bb0&#8243; global_colors_info=\u00bb{}\u00bb theme_builder_area=\u00bbpost_content\u00bb sticky_enabled=\u00bb0&#8243;][et_pb_blurb title=\u00bbDeje que las flores florezcan y las plantas crezcan.\u00bb use_icon=\u00bbon\u00bb font_icon=\u00bb&#x5a;||divi||400&#8243; icon_placement=\u00bbleft\u00bb content_max_width=\u00bb100%\u00bb _builder_version=\u00bb4.13.0&#8243; _module_preset=\u00bbdefault\u00bb custom_padding=\u00bb|||0px|false|false\u00bb custom_css_blurb_image=\u00bbpadding-right:20px;\u00bb global_colors_info=\u00bb{}\u00bb theme_builder_area=\u00bbpost_content\u00bb]<\/p>\n<p><strong>Profitez de la nature sans l'endommager.<\/strong><br \/>Lorsque l'on ramasse ou l'on ab\u00eeme une fleur, une plante ou un champignon, quel qu'il soit sa taille, l'\u00e9quilibre naturel de la for\u00eat est perturb\u00e9. Les abeilles r\u00e9coltent le pollen et le nectar des fleurs et assurent la pollinisation. Les champignons d\u00e9composent le bois mort et apportent nutriments importants pour d'autres esp\u00e8ces de plantes. Et pour les animaux de la for\u00eat comme l'\u00e9cureuil, le souris ou l'scarab\u00e9e, les champignons constituent une bouch\u00e9e nutritive.<\/p>\n<p><strong>ATTENTION:<\/strong>: <em>dans l'Arboretum il y a de plantes toxiques!. Evitez que les enfants touchent des plantes qu'ils ne connaissent pas.<\/em><\/p>\n<p>[\/et_pb_blurb][et_pb_blurb title=\u00bbLos animales tambi\u00e9n disfrutan de la paz, no hagan demasiado ruido.\u00bb use_icon=\u00bbon\u00bb font_icon=\u00bb&#x5a;||divi||400&#8243; icon_placement=\u00bbleft\u00bb content_max_width=\u00bb100%\u00bb _builder_version=\u00bb4.13.0&#8243; _module_preset=\u00bbdefault\u00bb custom_padding=\u00bb|||0px|false|false\u00bb custom_css_blurb_image=\u00bbpadding-right:20px;\u00bb global_colors_info=\u00bb{}\u00bb theme_builder_area=\u00bbpost_content\u00bb]<\/p>\n<p>Respectez le silence de la nature. Le bruit artificiel modifie le comportement de la faune et nous prive de la tranquillit\u00e9 et des sons naturels dont nous avons besoin. Ne vous servez pas d'instruments tels m\u00e9gaphones, sifflets, reproducteurs de musique etc., et diminuez le ton de votre voix. Evitez toute action pouvant mettre en danger ou faire peur aux animaux.<br \/>Il n'y a pas que les humains qui appr\u00e9cient la paix dans la for\u00eat. Pour de nombreux animaux, un repos suffisant est n\u00e9cessaire \u00e0 leur survie. Les oiseaux migrateurs et reproducteurs, par exemple, ont besoin de tranquillit\u00e9 pour \u00e9lever leurs poussins ou pour entreprendre leur fatigant voyage migratoire annuel.<\/p>\n<p><em>L'usage de drones est interdit.<\/em><\/p>\n<p>[\/et_pb_blurb][et_pb_blurb title=\u00bbMantenga a su perro atado.\u00bb use_icon=\u00bbon\u00bb font_icon=\u00bb&#x5a;||divi||400&#8243; icon_placement=\u00bbleft\u00bb content_max_width=\u00bb100%\u00bb _builder_version=\u00bb4.13.0&#8243; _module_preset=\u00bbdefault\u00bb custom_padding=\u00bb|||0px|false|false\u00bb custom_css_blurb_image=\u00bbpadding-right:20px;\u00bb global_colors_info=\u00bb{}\u00bb theme_builder_area=\u00bbpost_content\u00bb]<\/p>\n<p>Pour faire de l'Arboretum un lieu s\u00fbr, les visiteurs doivent tenir leurs mascottes en laisse \u00e0 tout moment. Les autres visiteurs l'appr\u00e9cieront. Il y a de gens qui ont peur des chiens. Ils ont aussi le droit de se promener dans la nature.<\/p>\n<p>A l'Arboretum il y a de chiens de berger qui gardent nos moutons. Evitez de les approcher. Ils sont sociables, sont habitu\u00e9s aux visites et ils n'attaqueront pas votre chien. Il est cependant recommand\u00e9 de le garder attach\u00e9.<\/p>\n<p>[\/et_pb_blurb][et_pb_blurb title=\u00bbCuide las plantas del Arboretum.\u00bb use_icon=\u00bbon\u00bb font_icon=\u00bb&#x5a;||divi||400&#8243; icon_placement=\u00bbleft\u00bb content_max_width=\u00bb100%\u00bb _builder_version=\u00bb4.13.0&#8243; _module_preset=\u00bbdefault\u00bb custom_padding=\u00bb|||0px|false|false\u00bb custom_css_blurb_image=\u00bbpadding-right:20px;\u00bb global_colors_info=\u00bb{}\u00bb theme_builder_area=\u00bbpost_content\u00bb]<\/p>\n<p>Ne coupez pas de boutures; n'arrachez pas de plantes ni de fleurs.<br \/>Graver ou rayer les arbres \u00e9quivaut \u00e0 les blesser. La blessure est une porte d'entr\u00e9e aux insectes et parasites qui peuvent l'affaiblir.<\/p>\n<p>[\/et_pb_blurb][et_pb_blurb title=\u00bbAyude a mantener limpio el bosque;  ll\u00e9vese sus desechos a casa.\u00bb use_icon=\u00bbon\u00bb font_icon=\u00bb&#x5a;||divi||400&#8243; icon_placement=\u00bbleft\u00bb content_max_width=\u00bb100%\u00bb _builder_version=\u00bb4.13.0&#8243; _module_preset=\u00bbdefault\u00bb custom_padding=\u00bb|||0px|false|false\u00bb custom_css_blurb_image=\u00bbpadding-right:20px;\u00bb global_colors_info=\u00bb{}\u00bb theme_builder_area=\u00bbpost_content\u00bb]<\/p>\n<p>Dans l'arboretum, vous ne trouverez pas de poubelles. Assurez-vous qu'il n'y a aucune trace de votre visite en emportant vos d\u00e9chets \u00e0 la maison.<br \/>Les d\u00e9chets ab\u00eement le paysage et d\u00e9rangent les autres visiteurs de la for\u00eat. Par ailleurs, les d\u00e9chets sont nocifs aux personnes, aux animaux et \u00e0 la nature: ils peuvent contaminer le sol; les animaux peuvent les manger et s'emm\u00ealer ou se blesser avec eux.<\/p>\n<p>[\/et_pb_blurb][et_pb_blurb title=\u00bbMant\u00e9ngase en los caminos; no pisotee  el terreno.\u00bb use_icon=\u00bbon\u00bb font_icon=\u00bb&#x5a;||divi||400&#8243; icon_placement=\u00bbleft\u00bb content_max_width=\u00bb100%\u00bb _builder_version=\u00bb4.13.0&#8243; _module_preset=\u00bbdefault\u00bb custom_padding=\u00bb|||0px|false|false\u00bb custom_css_blurb_image=\u00bbpadding-right:20px;\u00bb global_colors_info=\u00bb{}\u00bb theme_builder_area=\u00bbpost_content\u00bb]<\/p>\n<p>Pour \u00e9viter qu'il ne compresse et s'endurcisse. L'air et l'eau n'entreront plus dans les racines des arbres et des plantes ce qui pourra provoquer leur d\u00e9gradation et leur mort. Se promener hors de sentiers pourra endommager de plantes vuln\u00e9rables et  perturber la vie de l'Arboretum.<br \/>Vous trouverez de chemins marqu\u00e9s avec des poteaux en pierre num\u00e9rot\u00e9s qui pourront vous orienter dans votre promenade. Optez par le chemin le plus adapt\u00e9 \u00e0 votre niveau d'activit\u00e9 et au temps disponible.<\/p>\n<p>[\/et_pb_blurb][et_pb_blurb title=\u00bbMant\u00e9nga el Arboretum a salvo del fuego: un incendio se propaga r\u00e1pidamente.\u00bb use_icon=\u00bbon\u00bb font_icon=\u00bb&#x5a;||divi||400&#8243; icon_placement=\u00bbleft\u00bb content_max_width=\u00bb100%\u00bb _builder_version=\u00bb4.13.0&#8243; _module_preset=\u00bbdefault\u00bb custom_padding=\u00bb|||0px|false|false\u00bb custom_css_blurb_image=\u00bbpadding-right:20px;\u00bb global_colors_info=\u00bb{}\u00bb theme_builder_area=\u00bbpost_content\u00bb]<\/p>\n<p>Il est strictement interdit de fumer ou faire du feu. En p\u00e9riode s\u00e8che, un m\u00e9got peut suffire \u00e0 d\u00e9clencher un incendie.<\/p>\n<p>[\/et_pb_blurb][et_pb_blurb title=\u00bbDeje la madera muerta: a los animales y plantas les gusta vivir all\u00ed.\u00bb use_icon=\u00bbon\u00bb font_icon=\u00bb&#x5a;||divi||400&#8243; icon_placement=\u00bbleft\u00bb content_max_width=\u00bb100%\u00bb _builder_version=\u00bb4.13.0&#8243; _module_preset=\u00bbdefault\u00bb custom_padding=\u00bb|||0px|false|false\u00bb custom_css_blurb_image=\u00bbpadding-right:20px;\u00bb global_colors_info=\u00bb{}\u00bb theme_builder_area=\u00bbpost_content\u00bb]<\/p>\n<p>Le bois mort en d\u00e9composition augmente la biodiversit\u00e9 foresti\u00e8re. C'est une source de nutriments pour des nombreux microorganismes et invert\u00e9br\u00e9s et constitue par cons\u00e9quent un maillon important de l'\u00e9cosyst\u00e8me forestier. Des animaux tels la salamandre, le chauve-souris ou la martre des pins, se servent des arbres morts comme refuge.<\/p>\n<p>[\/et_pb_blurb][et_pb_blurb title=\u00bbEvite la entrada de animales y plantas ex\u00f3ticos o invasoras en el Arboretum. \u00bb use_icon=\u00bbon\u00bb font_icon=\u00bb&#x5a;||divi||400&#8243; icon_placement=\u00bbleft\u00bb content_max_width=\u00bb100%\u00bb _builder_version=\u00bb4.13.1&#8243; _module_preset=\u00bbdefault\u00bb custom_padding=\u00bb|||0px|false|false\u00bb custom_css_blurb_image=\u00bbpadding-right:20px;\u00bb global_colors_info=\u00bb{}\u00bb theme_builder_area=\u00bbpost_content\u00bb]<\/p>\n<p><strong>No introduzca plantas o animales.<\/strong> La lucha contra plantas invasoras como el plumero de la Pampa y las acacias en nuestros bosques representa un problema muy importante para la conservaci\u00f3n de nuestros biotopos. Se propagan muy r\u00e1pidamente y desplazan a las plantas nativas.<\/p>\n<p>[\/et_pb_blurb][et_pb_blurb title=\u00bbDisfrute  pero tambi\u00e9n respete a los vecinos y a los dem\u00e1s visitantes del Arboretum.\u00bb use_icon=\u00bbon\u00bb font_icon=\u00bb&#x5a;||divi||400&#8243; icon_placement=\u00bbleft\u00bb content_max_width=\u00bb100%\u00bb _builder_version=\u00bb4.13.0&#8243; _module_preset=\u00bbdefault\u00bb custom_padding=\u00bb|||0px|false|false\u00bb custom_css_blurb_image=\u00bbpadding-right:20px;\u00bb global_colors_info=\u00bb{}\u00bb theme_builder_area=\u00bbpost_content\u00bb]<\/p>\n<p>Cette r\u00e8gle r\u00e9sume bien toutes les autres. En respectant la nature et les autres gens tout le monde pourra b\u00e9n\u00e9ficier pleinement de l'Arboretum, maintenant et pour les g\u00e9n\u00e9rations \u00e0 venir.<br \/>N'introduisez pas votre v\u00e9hicule (voiture, moto ou v\u00e9lo) dans l'Arboretum. Vous pouvez vous garer dans l'esplanade de l'\u00e9glise de San Vicente. Veillez \u00e0 ne pas d\u00e9ranger les voisins.<\/p>\n<p>[\/et_pb_blurb][et_pb_blurb title=\u00bbEvite riesgos.\u00bb use_icon=\u00bbon\u00bb font_icon=\u00bb&#x5a;||divi||400&#8243; icon_placement=\u00bbleft\u00bb content_max_width=\u00bb100%\u00bb _builder_version=\u00bb4.13.0&#8243; _module_preset=\u00bbdefault\u00bb custom_padding=\u00bb|||0px|false|false\u00bb custom_css_blurb_image=\u00bbpadding-right:20px;\u00bb global_colors_info=\u00bb{}\u00bb theme_builder_area=\u00bbpost_content\u00bb]<\/p>\n<p>Le visiteur est enti\u00e8rement responsable de tout accident pouvant survenir pendant la visite. L'Arboretum de Galicia d\u00e9gage toute responsabilit\u00e9 vis \u00e0 vis des potentiels dommages ou blessures survenus au cours de la visite.<\/p>\n<p>[\/et_pb_blurb][et_pb_text _builder_version=\u00bb4.10.7&#8243; _module_preset=\u00bbdefault\u00bb global_colors_info=\u00bb{}\u00bb theme_builder_area=\u00bbpost_content\u00bb]<\/p>\n<p>EN ACCEDANT A L'ARBORETUM VOUS ACCEPTEZ CES NORMES ET ASSUMEZ L'ENTI\u00c8RE RESPONSABILIT\u00c9<\/p>\n<p>[\/et_pb_text][\/et_pb_column][et_pb_column type=\u00bb2_5&#8243; _builder_version=\u00bb4.9.10&#8243; _module_preset=\u00bbdefault\u00bb global_colors_info=\u00bb{}\u00bb theme_builder_area=\u00bbpost_content\u00bb][et_pb_text _builder_version=\u00bb4.14.1&#8243; _module_preset=\u00bbdefault\u00bb text_font_size=\u00bb17px\u00bb text_line_height=\u00bb1.4em\u00bb header_3_font_size=\u00bb34px\u00bb background_color=\u00bb#D13E04&#8243; use_background_color_gradient=\u00bbon\u00bb background_color_gradient_end=\u00bbrgba(242,69,53,0.59)\u00bb custom_padding=\u00bb18px|10px|18px|25px|true|false\u00bb sticky_position=\u00bbtop\u00bb sticky_limit_bottom=\u00bbbody\u00bb hover_enabled=\u00bb0&#8243; sticky_position_tablet=\u00bbnone\u00bb sticky_position_phone=\u00bb\u00bb sticky_position_last_edited=\u00bbon|tablet\u00bb custom_css_main_element=\u00bbtext-transform:lowercase;\u00bb global_colors_info=\u00bb{}\u00bb theme_builder_area=\u00bbpost_content\u00bb module_alignment=\u00bbcenter\u00bb border_color_all=\u00bb#D13E04&#8243; border_style_all=\u00bbnone\u00bb sticky_enabled=\u00bb0&#8243; overflow-x=\u00bbhidden\u00bb overflow-y=\u00bbhidden\u00bb hover_transition_duration=\u00bb0ms\u00bb sticky_offset_surrounding=\u00bboff\u00bb sticky_transition=\u00bboff\u00bb]<\/p>\n<table cellspacing=\"0\" border=\"0\" width=\"346\" height=\"1003\">\n<colgroup width=\"695\"><\/colgroup>\n<tbody>\n<tr>\n<td height=\"37\" align=\"left\" valign=\"bottom\" style=\"width: 360.641px;\">\n<h1><span style=\"color: #ffffff;\">Aviso:<\/span><\/h1>\n<\/td>\n<\/tr>\n<tr>\n<td height=\"37\" align=\"left\" valign=\"bottom\" style=\"width: 360.641px;\"><span style=\"color: #e8e8e8;\">\u2026 celui qui jettera des d\u00e9chets, celui qui br\u00fblera<\/span><\/td>\n<\/tr>\n<tr>\n<td height=\"37\" align=\"left\" valign=\"bottom\" style=\"width: 360.641px;\"><span style=\"color: #e8e8e8;\">ou tentera de br\u00fbler,<\/span><\/td>\n<\/tr>\n<tr>\n<td height=\"37\" align=\"left\" valign=\"bottom\" style=\"width: 360.641px;\"><span style=\"color: #e8e8e8;\">voler ou endommager<\/span><\/td>\n<\/tr>\n<tr>\n<td height=\"37\" align=\"left\" valign=\"bottom\" style=\"width: 360.641px;\"><span style=\"color: #e8e8e8;\">les plantes de ce lieu,<\/span><\/td>\n<\/tr>\n<tr>\n<td height=\"37\" align=\"left\" valign=\"bottom\" style=\"width: 360.641px;\"><span style=\"color: #e8e8e8;\">verra comment sa main<\/span><\/td>\n<\/tr>\n<tr>\n<td height=\"37\" align=\"left\" valign=\"bottom\" style=\"width: 360.641px;\"><span style=\"color: #e8e8e8;\">devienne un couteau<\/span><\/td>\n<\/tr>\n<tr>\n<td height=\"37\" align=\"left\" valign=\"bottom\" style=\"width: 360.641px;\"><span style=\"color: #e8e8e8;\">et d\u00e9chire sa peau.<\/span><\/td>\n<\/tr>\n<tr>\n<td height=\"37\" align=\"left\" valign=\"bottom\" style=\"width: 360.641px;\"><span style=\"color: #e8e8e8;\">Qu'il reste paralys\u00e9 et souffre<\/span><\/td>\n<\/tr>\n<tr>\n<td height=\"37\" align=\"left\" valign=\"bottom\" style=\"width: 360.641px;\"><span style=\"color: #e8e8e8;\">qu'il s'\u00e9vanouisse de douleur<\/span><\/td>\n<\/tr>\n<tr>\n<td height=\"37\" align=\"left\" valign=\"bottom\" style=\"width: 360.641px;\"><span style=\"color: #e8e8e8;\">qu'il crie et clame mis\u00e9ricorde<\/span><\/td>\n<\/tr>\n<tr>\n<td height=\"37\" align=\"left\" valign=\"bottom\" style=\"width: 360.641px;\"><span style=\"color: #e8e8e8;\">et que rien ne soulage sa souffrance<\/span><\/td>\n<\/tr>\n<tr>\n<td height=\"37\" align=\"left\" valign=\"bottom\" style=\"width: 360.641px;\"><span style=\"color: #e8e8e8;\">jusqu'\u00e0 la mort.<\/span><\/td>\n<\/tr>\n<tr>\n<td height=\"37\" align=\"left\" valign=\"bottom\" style=\"width: 360.641px;\"><span style=\"color: #e8e8e8;\">Que les verres minent ses entrailles<\/span><\/td>\n<\/tr>\n<tr>\n<td height=\"37\" align=\"left\" valign=\"bottom\" style=\"width: 360.641px;\"><span style=\"color: #f2f2f2;\">et que, comme celui qui a plant\u00e9 des eucalyptus,<\/span><\/td>\n<\/tr>\n<tr>\n<td height=\"37\" align=\"left\" valign=\"bottom\" style=\"width: 360.641px;\"><span style=\"color: #f2f2f2;\">son sexe pourrisse.<\/span><\/td>\n<\/tr>\n<tr>\n<td height=\"37\" align=\"left\" valign=\"bottom\" style=\"width: 360.641px;\"><span style=\"color: #f2f2f2;\">Et que, lorsque finalement<\/span><\/td>\n<\/tr>\n<tr>\n<td height=\"37\" align=\"left\" valign=\"bottom\" style=\"width: 360.641px;\"><span style=\"color: #efefef;\">descendra au ch\u00e2timent \u00e9ternel,<\/span><\/td>\n<\/tr>\n<tr>\n<td height=\"37\" align=\"left\" valign=\"bottom\" style=\"width: 360.641px;\"><span style=\"color: #efefef;\">que les flammes de l'enfer<\/span><\/td>\n<\/tr>\n<tr>\n<td height=\"37\" align=\"left\" valign=\"bottom\" style=\"width: 360.641px;\"><span style=\"color: #efefef;\">le consomment pour toujours<\/span><\/td>\n<\/tr>\n<tr>\n<td height=\"37\" align=\"left\" valign=\"bottom\" style=\"width: 360.641px;\"><span style=\"color: #efefef;\">que les dieux du ciel et de la terre<\/span><\/td>\n<\/tr>\n<tr>\n<td height=\"37\" align=\"left\" valign=\"bottom\" style=\"width: 360.641px;\">\n<p><span style=\"color: #efefef;\">le punissent<\/span><\/p>\n<p><span style=\"color: #efefef;\">avec cette mal\u00e9diction<\/span><\/p>\n<\/td>\n<\/tr>\n<tr>\n<td height=\"37\" align=\"left\" valign=\"bottom\" style=\"width: 360.641px;\"><span style=\"color: #efefef;\">ainsi qu'\u00e1 ses enfants et petits enfants<\/span><\/td>\n<\/tr>\n<tr>\n<td height=\"37\" align=\"left\" valign=\"bottom\" style=\"width: 360.641px;\"><span style=\"color: #efefef;\">et arri\u00e8re petits enfants<\/span><\/td>\n<\/tr>\n<tr>\n<td height=\"37\" align=\"left\" valign=\"bottom\" style=\"width: 360.641px;\"><span style=\"color: #efefef;\">por siempre, etrnamente.<\/span><\/td>\n<\/tr>\n<tr>\n<td height=\"37\" align=\"left\" valign=\"bottom\" style=\"width: 360.641px;\"><span style=\"color: #efefef;\">N'oubliez pas \u2026<\/span><\/td>\n<\/tr>\n<\/tbody>\n<\/table>\n<p>&nbsp;<\/p>\n<p>[\/et_pb_text][\/et_pb_column][\/et_pb_row][\/et_pb_section][et_pb_section fb_built=\u00bb1&#8243; fullwidth=\u00bbon\u00bb _builder_version=\u00bb4.14.1&#8243; _module_preset=\u00bbdefault\u00bb global_colors_info=\u00bb{}\u00bb theme_builder_area=\u00bbpost_content\u00bb][et_pb_fullwidth_image src=\u00bbhttps:\/\/arboretumdegalicia.com\/wp-content\/uploads\/2021\/08\/monte-cesar-24-01-2013-026-scaled.jpg\u00bb title_text=\u00bbmonte cesar 24-01-2013 026&#8243; _builder_version=\u00bb4.14.1&#8243; _module_preset=\u00bbdefault\u00bb global_colors_info=\u00bb{}\u00bb theme_builder_area=\u00bbpost_content\u00bb][\/et_pb_fullwidth_image][\/et_pb_section]<\/p>","protected":false},"excerpt":{"rendered":"<p>Disfrute del entorno sin da\u00f1arlo.No importa cu\u00e1n peque\u00f1o sea, cuando se recoge o da\u00f1a una flor, una seta o una planta, se perturba el equilibrio natural en el bosque. Las abejas llegan al n\u00e9ctar de las flores y as\u00ed aseguran la polinizaci\u00f3n. Las setas descomponen la madera muerta y proporcionan nutrientes importantes para otras especies [&hellip;]<\/p>","protected":false},"author":1,"featured_media":68,"parent":0,"menu_order":0,"comment_status":"closed","ping_status":"closed","template":"","meta":{"_et_pb_use_builder":"on","_et_pb_old_content":"","_et_gb_content_width":"","pgc_sgb_lightbox_settings":""},"_links":{"self":[{"href":"https:\/\/arboretumdegalicia.com\/fr\/wp-json\/wp\/v2\/pages\/863"}],"collection":[{"href":"https:\/\/arboretumdegalicia.com\/fr\/wp-json\/wp\/v2\/pages"}],"about":[{"href":"https:\/\/arboretumdegalicia.com\/fr\/wp-json\/wp\/v2\/types\/page"}],"author":[{"embeddable":true,"href":"https:\/\/arboretumdegalicia.com\/fr\/wp-json\/wp\/v2\/users\/1"}],"replies":[{"embeddable":true,"href":"https:\/\/arboretumdegalicia.com\/fr\/wp-json\/wp\/v2\/comments?post=863"}],"version-history":[{"count":21,"href":"https:\/\/arboretumdegalicia.com\/fr\/wp-json\/wp\/v2\/pages\/863\/revisions"}],"predecessor-version":[{"id":1785,"href":"https:\/\/arboretumdegalicia.com\/fr\/wp-json\/wp\/v2\/pages\/863\/revisions\/1785"}],"wp:featuredmedia":[{"embeddable":true,"href":"https:\/\/arboretumdegalicia.com\/fr\/wp-json\/wp\/v2\/media\/68"}],"wp:attachment":[{"href":"https:\/\/arboretumdegalicia.com\/fr\/wp-json\/wp\/v2\/media?parent=863"}],"curies":[{"name":"wp","href":"https:\/\/api.w.org\/{rel}","templated":true}]}}