{"id":875,"date":"2021-07-20T13:01:29","date_gmt":"2021-07-20T11:01:29","guid":{"rendered":"https:\/\/arboretumdegalicia.com\/?page_id=875"},"modified":"2021-11-27T20:02:06","modified_gmt":"2021-11-27T18:02:06","slug":"apadrina-un-arbol","status":"publish","type":"page","link":"https:\/\/arboretumdegalicia.com\/fr\/apadrina-un-arbol\/","title":{"rendered":"Parrainer une plante"},"content":{"rendered":"<p>[et_pb_section fb_built=\u00bb1&#8243; _builder_version=\u00bb4.9.10&#8243; _module_preset=\u00bbdefault\u00bb background_color=\u00bb#F6F1E8&#8243; custom_padding=\u00bb||116px|||\u00bb global_colors_info=\u00bb{}\u00bb theme_builder_area=\u00bbpost_content\u00bb][et_pb_row column_structure=\u00bb3_5,2_5&#8243; _builder_version=\u00bb4.9.10&#8243; _module_preset=\u00bbdefault\u00bb min_height=\u00bb443.5px\u00bb global_colors_info=\u00bb{}\u00bb theme_builder_area=\u00bbpost_content\u00bb][et_pb_column type=\u00bb3_5&#8243; _builder_version=\u00bb4.9.10&#8243; _module_preset=\u00bbdefault\u00bb global_colors_info=\u00bb{}\u00bb theme_builder_area=\u00bbpost_content\u00bb][et_pb_blurb title=\u00bbApoye el desarrollo de Arboretum\u00bb use_icon=\u00bbon\u00bb font_icon=\u00bb&#x5a;||divi||400&#8243; icon_placement=\u00bbleft\u00bb content_max_width=\u00bb100%\u00bb _builder_version=\u00bb4.13.0&#8243; _module_preset=\u00bbdefault\u00bb custom_padding=\u00bb|||0px|false|false\u00bb custom_css_blurb_image=\u00bbpadding-right:20px;\u00bb global_colors_info=\u00bb{}\u00bb theme_builder_area=\u00bbpost_content\u00bb]<\/p>\n<p>Si vous voulez appuyer le d\u00e9veloppement de l'Arboretum nous vous proposons d'adopter une plante, un arbuste ou un arbre.<\/p>\n<p>Signalez votre int\u00e9r\u00eat lors de votre inscription \u00e0 la visite. Dans la mesure du possible, vous trouverez la plante \u00e0 votre arriv\u00e9e. Nous vous indiquerons o\u00f9 elle se trouve, o\u00f9 et comment la planter. Nous vous fournirons les outils \u00e0 cet effet ainsi qu'une \u00e9tiquette en ardoise pour son identification. Vous \u00e9crirez le nom de la plante sur le recto et votre nom sur le verso.<\/p>\n<p>Si vous souhaitez contribuer vous pouvez nous \u00e9crire \u00e0: <strong><a>arboretumdegalicia@yahoo.es<\/a>\u00a0<\/strong><\/p>\n<p>&nbsp;<\/p>\n<p>&nbsp;<\/p>\n<p>[\/et_pb_blurb][\/et_pb_column][et_pb_column type=\u00bb2_5&#8243; _builder_version=\u00bb4.9.10&#8243; _module_preset=\u00bbdefault\u00bb global_colors_info=\u00bb{}\u00bb theme_builder_area=\u00bbpost_content\u00bb][et_pb_image src=\u00bbhttps:\/\/arboretumdegalicia.com\/wp-content\/uploads\/2021\/06\/flor-roja-arboretum.jpg\u00bb title_text=\u00bbflor-roja-arboretum\u00bb _builder_version=\u00bb4.14.1&#8243; _module_preset=\u00bbdefault\u00bb custom_margin=\u00bb|-111px||||\u00bb global_colors_info=\u00bb{}\u00bb theme_builder_area=\u00bbpost_content\u00bb][\/et_pb_image][\/et_pb_column][\/et_pb_row][et_pb_row column_structure=\u00bb1_3,1_3,1_3&#8243; _builder_version=\u00bb4.14.1&#8243; _module_preset=\u00bbdefault\u00bb width=\u00bb100%\u00bb custom_margin=\u00bb-3px|194px||auto||\u00bb custom_padding=\u00bb19px|0px||62px||\u00bb global_colors_info=\u00bb{}\u00bb theme_builder_area=\u00bbpost_content\u00bb][et_pb_column type=\u00bb1_3&#8243; _builder_version=\u00bb4.14.1&#8243; _module_preset=\u00bbdefault\u00bb global_colors_info=\u00bb{}\u00bb theme_builder_area=\u00bbpost_content\u00bb][et_pb_image src=\u00bbhttps:\/\/arboretumdegalicia.com\/wp-content\/uploads\/2021\/11\/1636181902317-2-scaled.jpg\u00bb title_text=\u00bb1636181902317 (2)\u00bb _builder_version=\u00bb4.14.1&#8243; _module_preset=\u00bbdefault\u00bb global_colors_info=\u00bb{}\u00bb theme_builder_area=\u00bbpost_content\u00bb][\/et_pb_image][\/et_pb_column][et_pb_column type=\u00bb1_3&#8243; _builder_version=\u00bb4.14.1&#8243; _module_preset=\u00bbdefault\u00bb global_colors_info=\u00bb{}\u00bb theme_builder_area=\u00bbpost_content\u00bb][et_pb_image src=\u00bbhttps:\/\/arboretumdegalicia.com\/wp-content\/uploads\/2021\/11\/1637595571476-scaled.jpg\u00bb title_text=\u00bb1637595571476&#8243; _builder_version=\u00bb4.14.1&#8243; _module_preset=\u00bbdefault\u00bb global_colors_info=\u00bb{}\u00bb theme_builder_area=\u00bbpost_content\u00bb][\/et_pb_image][\/et_pb_column][et_pb_column type=\u00bb1_3&#8243; _builder_version=\u00bb4.14.1&#8243; _module_preset=\u00bbdefault\u00bb global_colors_info=\u00bb{}\u00bb theme_builder_area=\u00bbpost_content\u00bb][et_pb_image src=\u00bbhttps:\/\/arboretumdegalicia.com\/wp-content\/uploads\/2021\/07\/plantada-2019.jpg\u00bb title_text=\u00bbplantada-2019&#8243; _builder_version=\u00bb4.14.1&#8243; _module_preset=\u00bbdefault\u00bb global_colors_info=\u00bb{}\u00bb theme_builder_area=\u00bbpost_content\u00bb][\/et_pb_image][\/et_pb_column][\/et_pb_row][\/et_pb_section]<\/p>","protected":false},"excerpt":{"rendered":"<p>Si desea apoyar el desarrollo del ARBORETUM le proponemos adoptar una planta, un arbusto o un \u00e1rbol. Ind\u00edquenos su inter\u00e9s al inscribirse para la vista y, si es posible, al llegar tendr\u00e1 su planta dispuesta para que la plante y la etiquete poniendo su nombre en la parte de atr\u00e1s de la etiqueta en pizarra. [&hellip;]<\/p>","protected":false},"author":1,"featured_media":76,"parent":0,"menu_order":0,"comment_status":"closed","ping_status":"closed","template":"","meta":{"_et_pb_use_builder":"on","_et_pb_old_content":"","_et_gb_content_width":"","pgc_sgb_lightbox_settings":""},"_links":{"self":[{"href":"https:\/\/arboretumdegalicia.com\/fr\/wp-json\/wp\/v2\/pages\/875"}],"collection":[{"href":"https:\/\/arboretumdegalicia.com\/fr\/wp-json\/wp\/v2\/pages"}],"about":[{"href":"https:\/\/arboretumdegalicia.com\/fr\/wp-json\/wp\/v2\/types\/page"}],"author":[{"embeddable":true,"href":"https:\/\/arboretumdegalicia.com\/fr\/wp-json\/wp\/v2\/users\/1"}],"replies":[{"embeddable":true,"href":"https:\/\/arboretumdegalicia.com\/fr\/wp-json\/wp\/v2\/comments?post=875"}],"version-history":[{"count":22,"href":"https:\/\/arboretumdegalicia.com\/fr\/wp-json\/wp\/v2\/pages\/875\/revisions"}],"predecessor-version":[{"id":1797,"href":"https:\/\/arboretumdegalicia.com\/fr\/wp-json\/wp\/v2\/pages\/875\/revisions\/1797"}],"wp:featuredmedia":[{"embeddable":true,"href":"https:\/\/arboretumdegalicia.com\/fr\/wp-json\/wp\/v2\/media\/76"}],"wp:attachment":[{"href":"https:\/\/arboretumdegalicia.com\/fr\/wp-json\/wp\/v2\/media?parent=875"}],"curies":[{"name":"wp","href":"https:\/\/api.w.org\/{rel}","templated":true}]}}