{"id":1581,"date":"2021-08-23T10:24:20","date_gmt":"2021-08-23T08:24:20","guid":{"rendered":"https:\/\/arboretumdegalicia.com\/?page_id=1581"},"modified":"2021-11-27T11:44:12","modified_gmt":"2021-11-27T09:44:12","slug":"metodologia","status":"publish","type":"page","link":"https:\/\/arboretumdegalicia.com\/gl\/colecciones\/guia-de-plantas\/metodologia\/","title":{"rendered":"Metodolox\u00eda"},"content":{"rendered":"<p>[et_pb_section fb_built=\u00bb1&#8243; _builder_version=\u00bb4.9.4&#8243; _module_preset=\u00bbdefault\u00bb background_color=\u00bb#F6F1E8&#8243; custom_padding=\u00bb||26px|||\u00bb global_colors_info=\u00bb{}\u00bb theme_builder_area=\u00bbpost_content\u00bb][et_pb_row _builder_version=\u00bb4.9.4&#8243; _module_preset=\u00bbdefault\u00bb custom_padding=\u00bb12px|||||\u00bb global_colors_info=\u00bb{}\u00bb theme_builder_area=\u00bbpost_content\u00bb][et_pb_column type=\u00bb4_4&#8243; _builder_version=\u00bb4.9.4&#8243; _module_preset=\u00bbdefault\u00bb custom_padding=\u00bb|7%||7%|false|true\u00bb global_colors_info=\u00bb{}\u00bb theme_builder_area=\u00bbpost_content\u00bb][et_pb_text _builder_version=\u00bb4.9.10&#8243; _module_preset=\u00bbdefault\u00bb header_2_font=\u00bb|600|||||||\u00bb header_2_font_size=\u00bb25px\u00bb header_2_line_height=\u00bb1.3em\u00bb custom_margin=\u00bb||23px|||\u00bb global_colors_info=\u00bb{}\u00bb theme_builder_area=\u00bbpost_content\u00bb]<\/p>\n<h2>A gu\u00eda das plantas do Arboretum de Galicia \u00e9 un \u00fatil de visita que permite informar sobre as principais caracter\u00edsticas bot\u00e1nicas e de cultivo dalgunhas das plantas presentes no Arboretum.<\/h2>\n<p>[\/et_pb_text][et_pb_text _builder_version=\u00bb4.9.10&#8243; _module_preset=\u00bbdefault\u00bb custom_css_main_element=\u00bb column-count: 2;\u00bb global_colors_info=\u00bb{}\u00bb custom_css_main_element_last_edited=\u00bbon|tablet\u00bb custom_css_main_element_tablet=\u00bbcolumn-count:1;\u00bb custom_css_main_element_phone=\u00bbcolumn-count:1;\u00bb theme_builder_area=\u00bbpost_content\u00bb]<\/p>\n<p>Esta gu\u00eda de campo forma parte dun conxunto de instrumentos que facilitan a visita e o co\u00f1ecemento das especies e dos cultivos presentes no Arboretum e estrut\u00farase en varias gu\u00edas por tipo de planta (gu\u00eda de \u00e1rbores, de fentos, de queirogas, de herb\u00e1ceas e de plantas de pradeira). Este instrumento de traballo non pretende ser nin orixinal nin exhaustivo: recollemos unicamente as principais plantas en cada categor\u00eda. Estas gu\u00edas de campo non pretenden ser unha referencia cient\u00edfica, sen\u00f3n s\u00f3 un instrumento de campo. Base\u00e1monos nas fontes existentes e na nosa propia experiencia, coa soa intenci\u00f3n de facilitarlle ao visitante o acceso \u00e1 informaci\u00f3n descritiva de base.\u00a0<b>A gu\u00eda de campo re\u00fane m\u00e1is de 400 fichas,<\/b>cun total de aproximadamente 1600 p\u00e1xinas e unhas 3000 fotograf\u00edas. A nosa intenci\u00f3n \u00e9 de completar esta gu\u00eda coas fichas das novas plantas a medida que introduzamos novos taxons no Arboretum.<\/p>\n<p class=\" translation-block\">Anualmente, actual\u00edzase un inventario de plantas no que figuran a maior\u00eda das que introducimos no Arboretum e \u00e9 accesible na p\u00e1xina web. As gu\u00edas de queirogas, arbustos e \u00e1rbores incl\u00faen a indicaci\u00f3n da parcela do Arboretum na que se sit\u00faa a planta descrita. O resto das plantas est\u00e1n diseminadas polo Arboretum.<\/p>\n<p>[\/et_pb_text][\/et_pb_column][\/et_pb_row][\/et_pb_section][et_pb_section fb_built=\u00bb1&#8243; _builder_version=\u00bb4.9.4&#8243; _module_preset=\u00bbdefault\u00bb background_color=\u00bb#F6F1E8&#8243; collapsed=\u00bboff\u00bb global_colors_info=\u00bb{}\u00bb theme_builder_area=\u00bbpost_content\u00bb][et_pb_row column_structure=\u00bb1_2,1_2&#8243; use_custom_gutter=\u00bbon\u00bb gutter_width=\u00bb1&#8243; make_equal=\u00bbon\u00bb _builder_version=\u00bb4.9.4&#8243; _module_preset=\u00bbdefault\u00bb positioning=\u00bbnone\u00bb position_origin_a=\u00bbbottom_left\u00bb custom_margin=\u00bb0px||0px||false|false\u00bb custom_padding=\u00bb0px||0px||false|false\u00bb global_colors_info=\u00bb{}\u00bb theme_builder_area=\u00bbpost_content\u00bb][et_pb_column type=\u00bb1_2&#8243; _builder_version=\u00bb4.9.4&#8243; _module_preset=\u00bbdefault\u00bb background_color=\u00bb#F6F1E8&#8243; custom_padding=\u00bb|7%||7%|true|true\u00bb global_colors_info=\u00bb{}\u00bb theme_builder_area=\u00bbpost_content\u00bb][et_pb_text _builder_version=\u00bb4.9.4&#8243; _module_preset=\u00bbdefault\u00bb custom_margin=\u00bb||19px|||\u00bb global_colors_info=\u00bb{}\u00bb theme_builder_area=\u00bbpost_content\u00bb]<\/p>\n<h2>Metodolox\u00eda<\/h2>\n<p>[\/et_pb_text][\/et_pb_column][et_pb_column type=\u00bb1_2&#8243; _builder_version=\u00bb4.9.4&#8243; _module_preset=\u00bbdefault\u00bb global_colors_info=\u00bb{}\u00bb theme_builder_area=\u00bbpost_content\u00bb][\/et_pb_column][\/et_pb_row][et_pb_row column_structure=\u00bb1_2,1_2&#8243; _builder_version=\u00bb4.9.4&#8243; _module_preset=\u00bbdefault\u00bb global_colors_info=\u00bb{}\u00bb theme_builder_area=\u00bbpost_content\u00bb][et_pb_column type=\u00bb1_2&#8243; _builder_version=\u00bb4.9.4&#8243; _module_preset=\u00bbdefault\u00bb global_colors_info=\u00bb{}\u00bb theme_builder_area=\u00bbpost_content\u00bb][dsm_image_hotspots src=\u00bbhttps:\/\/arboretumdegalicia.com\/wp-content\/uploads\/2021\/06\/Arboretum-ficha-tipo.jpg\u00bb title_text=\u00bbArboretum-ficha-tipo\u00bb hotspot_padding=\u00bb||||true|true\u00bb _builder_version=\u00bb4.9.7&#8243; _module_preset=\u00bbdefault\u00bb text_font_size=\u00bb16px\u00bb border_color_all_hotspot=\u00bb#000000&#8243; global_colors_info=\u00bb{}\u00bb theme_builder_area=\u00bbpost_content\u00bb][dsm_image_hotspots_child font_icon=\u00bb&#xe064;||divi||400&#8243; left_position=\u00bb10%\u00bb top_position=\u00bb14%\u00bb _builder_version=\u00bb4.9.7&#8243; _module_preset=\u00bbdefault\u00bb global_colors_info=\u00bb{}\u00bb theme_builder_area=\u00bbpost_content\u00bb]<\/p>\n<p>Indica a que gu\u00eda pertenece la ficha<\/p>\n<p>[\/dsm_image_hotspots_child][dsm_image_hotspots_child font_icon=\u00bb&#xe064;||divi||400&#8243; left_position=\u00bb2%\u00bb top_position=\u00bb5%\u00bb _builder_version=\u00bb4.9.7&#8243; _module_preset=\u00bbdefault\u00bb global_colors_info=\u00bb{}\u00bb theme_builder_area=\u00bbpost_content\u00bb]<\/p>\n<p>Lema de Arboretum: <em><strong>Cuida la Tierra, es \u00fanica<\/strong><\/em><\/p>\n<p>[\/dsm_image_hotspots_child][dsm_image_hotspots_child font_icon=\u00bb&#xe064;||divi||400&#8243; left_position=\u00bb47%\u00bb top_position=\u00bb91%\u00bb _builder_version=\u00bb4.9.7&#8243; _module_preset=\u00bbdefault\u00bb global_colors_info=\u00bb{}\u00bb theme_builder_area=\u00bbpost_content\u00bb]<\/p>\n<p>Ideograma sino-japon\u00e9s\u00a0de\u00a0Arboretum. Est\u00e1 en las fichas de \u00e1rboles y de arbustos arb\u00f3reos.<\/p>\n<p>[\/dsm_image_hotspots_child][dsm_image_hotspots_child font_icon=\u00bb&#xe064;||divi||400&#8243; left_position=\u00bb55%\u00bb top_position=\u00bb91%\u00bb _builder_version=\u00bb4.9.7&#8243; _module_preset=\u00bbdefault\u00bb global_colors_info=\u00bb{}\u00bb theme_builder_area=\u00bbpost_content\u00bb]<\/p>\n<p>Ideograma para Aceretum, en las fichas de Arces<\/p>\n<p>[\/dsm_image_hotspots_child][dsm_image_hotspots_child font_icon=\u00bb&#xe064;||divi||400&#8243; left_position=\u00bb76%\u00bb top_position=\u00bb91%\u00bb _builder_version=\u00bb4.9.7&#8243; _module_preset=\u00bbdefault\u00bb global_colors_info=\u00bb{}\u00bb theme_builder_area=\u00bbpost_content\u00bb]<\/p>\n<p>Indica la o las parcelas en las que se encuentra la planta descrita.<\/p>\n<p>[\/dsm_image_hotspots_child][\/dsm_image_hotspots][\/et_pb_column][et_pb_column type=\u00bb1_2&#8243; _builder_version=\u00bb4.9.4&#8243; _module_preset=\u00bbdefault\u00bb global_colors_info=\u00bb{}\u00bb theme_builder_area=\u00bbpost_content\u00bb][et_pb_text _builder_version=\u00bb4.9.7&#8243; _module_preset=\u00bbdefault\u00bb header_2_font=\u00bb|600|||||||\u00bb header_2_font_size=\u00bb25px\u00bb header_2_line_height=\u00bb1.3em\u00bb header_3_font_size=\u00bb26px\u00bb custom_margin=\u00bb||23px|||\u00bb global_colors_info=\u00bb{}\u00bb theme_builder_area=\u00bbpost_content\u00bb]<\/p>\n<h3>Como elaboramos estas fichas?<\/h3>\n<p>[\/et_pb_text][et_pb_text _builder_version=\u00bb4.9.4&#8243; _module_preset=\u00bbdefault\u00bb text_font=\u00bb||||||||\u00bb global_colors_info=\u00bb{}\u00bb theme_builder_area=\u00bbpost_content\u00bb]<\/p>\n<p class=\" translation-block\">A elaboraci\u00f3n destas fichas realizouse tomando como base a descrici\u00f3n e a maqueta de Wikipedia, complet\u00e1ndoa con textos descritivos da serie Wikiespecies e doutras fontes. As fichas en galego toman como referencia a Galipedia que, malia non inclu\u00edr moitas especies, \u00e9 de calidade moi superior \u00e1 de Wikipedia grazas ao enorme traballo desenvolvido por bot\u00e1nicos galegos. Estas fichas de base ampli\u00e1ronse con informaci\u00f3n sobre as caracter\u00edsticas bot\u00e1nicas, o cultivo e as condici\u00f3ns de desenvolvemento, multiplicaci\u00f3n e patolox\u00eda, utilizando as bases de datos bot\u00e1nicas, as\u00ed como contribuci\u00f3ns e experiencia propias. As fichas indican a localizaci\u00f3n de cada planta no Arboretum.<\/p>\n<p>[\/et_pb_text][et_pb_text _builder_version=\u00bb4.9.7&#8243; _module_preset=\u00bbdefault\u00bb header_2_font=\u00bb|600|||||||\u00bb header_2_font_size=\u00bb25px\u00bb header_2_line_height=\u00bb1.3em\u00bb header_3_font_size=\u00bb26px\u00bb custom_margin=\u00bb||23px|||\u00bb global_colors_info=\u00bb{}\u00bb theme_builder_area=\u00bbpost_content\u00bb]<\/p>\n<h3>Sobre o material fotogr\u00e1fico<\/h3>\n<p>[\/et_pb_text][et_pb_text _builder_version=\u00bb4.9.7&#8243; _module_preset=\u00bbdefault\u00bb text_font=\u00bb||||||||\u00bb global_colors_info=\u00bb{}\u00bb theme_builder_area=\u00bbpost_content\u00bb]<\/p>\n<p class=\" translation-block\">Integramos fotograf\u00edas da nosa colecci\u00f3n, as\u00ed como de Wikipedia Commons, ou de bases fotogr\u00e1ficas que nos autorizaron a s\u00faa utilizaci\u00f3n. Desexamos expresarlles a nosa gratitude aos fot\u00f3grafos (Ah\u00ed est\u00e1 flick, Teresalaloba etc.) e \u00e1s bases bot\u00e1nicas (Telabot\u00e1nica, Visioora etc.) que nos facilitaron o acceso e nos autorizaron a utilizar as s\u00faas fotograf\u00edas. Queremos resaltar o inmenso traballo realizado por Jes\u00fas Morado:  \u00abFlora de Galicia\u00bb, base bot\u00e1nica de dimensi\u00f3n enciclop\u00e9dica cunha enorme calidade t\u00e9cnica e cunha calidade fotogr\u00e1fica envexable. Poucos traballos individuais acadan o nivel de \u00abFlora de Galicia\u00bb. A visita a esta base bot\u00e1nica \u00e9 imprescindible para todo amante da natureza galega. O noso agradecemento aos fot\u00f3grafos e ao se\u00f1or Morado pola s\u00faa desinteresada colaboraci\u00f3n.<\/p>\n<p>[\/et_pb_text][et_pb_text _builder_version=\u00bb4.9.7&#8243; _module_preset=\u00bbdefault\u00bb header_2_font=\u00bb|600|||||||\u00bb header_2_font_size=\u00bb25px\u00bb header_2_line_height=\u00bb1.3em\u00bb header_3_font_size=\u00bb26px\u00bb custom_margin=\u00bb||23px|||\u00bb global_colors_info=\u00bb{}\u00bb theme_builder_area=\u00bbpost_content\u00bb]<\/p>\n<h3>Conceptos<\/h3>\n<p>[\/et_pb_text][et_pb_text _builder_version=\u00bb4.14.1&#8243; _module_preset=\u00bbdefault\u00bb text_font=\u00bb||||||||\u00bb global_colors_info=\u00bb{}\u00bb theme_builder_area=\u00bbpost_content\u00bb]<\/p>\n<p class=\" translation-block\">Para facilitar o manexo destas gu\u00edas, clasificamos as plantas de modo flexible e nalg\u00fans casos pouco ortodoxo. No caso concreto desta gu\u00eda de arbustos inclu\u00edmos algunhas plantas que corresponder\u00edan a unha definici\u00f3n de matogueira e non \u00e1 definici\u00f3n tradicional de arbusto. Esta heterodoxia conceptual responde a un obxectivo de simplificaci\u00f3n na elaboraci\u00f3n destas gu\u00edas. O visitante m\u00e1is ortodoxo saber\u00e1 perdoarnos.<\/p>\n<p>[\/et_pb_text][\/et_pb_column][\/et_pb_row][\/et_pb_section][et_pb_section fb_built=\u00bb1&#8243; admin_label=\u00bbEJEMPLO DE UNA FICHA DE LAS GUIAS DE CAMPO :\u00bb _builder_version=\u00bb4.14.1&#8243; _module_preset=\u00bbdefault\u00bb min_height=\u00bb471.4px\u00bb custom_margin=\u00bb-65px|||||\u00bb hover_enabled=\u00bb0&#8243; global_colors_info=\u00bb{}\u00bb theme_builder_area=\u00bbpost_content\u00bb sticky_enabled=\u00bb0&#8243;][et_pb_row _builder_version=\u00bb4.14.1&#8243; _module_preset=\u00bbdefault\u00bb theme_builder_area=\u00bbpost_content\u00bb hover_enabled=\u00bb0&#8243; sticky_enabled=\u00bb0&#8243; border_width_all=\u00bb0px\u00bb border_color_all=\u00bb#D13E04&#8243; background_color=\u00bb#F6F1E8&#8243;][et_pb_column _builder_version=\u00bb4.14.1&#8243; _module_preset=\u00bbdefault\u00bb type=\u00bb4_4&#8243; theme_builder_area=\u00bbpost_content\u00bb][et_pb_text _builder_version=\u00bb4.14.1&#8243; _module_preset=\u00bbdefault\u00bb theme_builder_area=\u00bbpost_content\u00bb hover_enabled=\u00bb0&#8243; sticky_enabled=\u00bb0&#8243; background_color=\u00bb#F6F1E8&#8243;]<\/p>\n<p><strong>FICHA EXEMPLO DE GU\u00cdAS DE CAMPO: Quercus robur, Carballo, Roble<\/strong><\/p>\n<p>[\/et_pb_text][\/et_pb_column][\/et_pb_row][et_pb_row column_structure=\u00bb1_4,1_4,1_4,1_4&#8243; _builder_version=\u00bb4.14.1&#8243; _module_preset=\u00bbdefault\u00bb min_height=\u00bb372.3px\u00bb global_colors_info=\u00bb{}\u00bb theme_builder_area=\u00bbpost_content\u00bb][et_pb_column type=\u00bb1_4&#8243; _builder_version=\u00bb4.14.1&#8243; _module_preset=\u00bbdefault\u00bb global_colors_info=\u00bb{}\u00bb theme_builder_area=\u00bbpost_content\u00bb][et_pb_image src=\u00bbhttps:\/\/arboretumdegalicia.com\/wp-content\/uploads\/2021\/11\/Quercus-robur.jpg\u00bb title_text=\u00bbModelo ficha: Quercus robur\u00bb _builder_version=\u00bb4.14.1&#8243; _module_preset=\u00bbdefault\u00bb global_colors_info=\u00bb{}\u00bb theme_builder_area=\u00bbpost_content\u00bb][\/et_pb_image][\/et_pb_column][et_pb_column type=\u00bb1_4&#8243; _builder_version=\u00bb4.14.1&#8243; _module_preset=\u00bbdefault\u00bb global_colors_info=\u00bb{}\u00bb theme_builder_area=\u00bbpost_content\u00bb][et_pb_image src=\u00bbhttps:\/\/arboretumdegalicia.com\/wp-content\/uploads\/2021\/11\/Quercus-robur-pagina-2-1.jpg\u00bb title_text=\u00bbQuercus robur, p\u00e1gina 2-1&#8243; _builder_version=\u00bb4.14.1&#8243; _module_preset=\u00bbdefault\u00bb global_colors_info=\u00bb{}\u00bb theme_builder_area=\u00bbpost_content\u00bb][\/et_pb_image][\/et_pb_column][et_pb_column type=\u00bb1_4&#8243; _builder_version=\u00bb4.14.1&#8243; _module_preset=\u00bbdefault\u00bb global_colors_info=\u00bb{}\u00bb theme_builder_area=\u00bbpost_content\u00bb][et_pb_image src=\u00bbhttps:\/\/arboretumdegalicia.com\/wp-content\/uploads\/2021\/11\/Quercus-robur-pagina-3-1.jpg\u00bb title_text=\u00bbQuercus robur p\u00e1gina 3-1&#8243; _builder_version=\u00bb4.14.1&#8243; _module_preset=\u00bbdefault\u00bb global_colors_info=\u00bb{}\u00bb theme_builder_area=\u00bbpost_content\u00bb][\/et_pb_image][\/et_pb_column][et_pb_column type=\u00bb1_4&#8243; _builder_version=\u00bb4.14.1&#8243; _module_preset=\u00bbdefault\u00bb global_colors_info=\u00bb{}\u00bb theme_builder_area=\u00bbpost_content\u00bb][et_pb_image src=\u00bbhttps:\/\/arboretumdegalicia.com\/wp-content\/uploads\/2021\/11\/Quercus-robur-pagina-4-1.jpg\u00bb title_text=\u00bbQuercus robur p\u00e1gina 4-1&#8243; _builder_version=\u00bb4.14.1&#8243; _module_preset=\u00bbdefault\u00bb global_colors_info=\u00bb{}\u00bb theme_builder_area=\u00bbpost_content\u00bb][\/et_pb_image][\/et_pb_column][\/et_pb_row][\/et_pb_section][et_pb_section fb_built=\u00bb1&#8243; _builder_version=\u00bb4.14.1&#8243; _module_preset=\u00bbdefault\u00bb global_colors_info=\u00bb{}\u00bb theme_builder_area=\u00bbpost_content\u00bb][et_pb_row column_structure=\u00bb1_3,1_3,1_3&#8243; _builder_version=\u00bb4.14.1&#8243; _module_preset=\u00bbdefault\u00bb global_colors_info=\u00bb{}\u00bb theme_builder_area=\u00bbpost_content\u00bb][et_pb_column type=\u00bb1_3&#8243; _builder_version=\u00bb4.14.1&#8243; _module_preset=\u00bbdefault\u00bb global_colors_info=\u00bb{}\u00bb theme_builder_area=\u00bbpost_content\u00bb][et_pb_image src=\u00bbhttps:\/\/arboretumdegalicia.com\/wp-content\/uploads\/2021\/11\/Quercus-robur-pagina-5-1.jpg\u00bb title_text=\u00bbQuercus robur p\u00e1gina 5-1&#8243; _builder_version=\u00bb4.14.1&#8243; _module_preset=\u00bbdefault\u00bb global_colors_info=\u00bb{}\u00bb theme_builder_area=\u00bbpost_content\u00bb][\/et_pb_image][\/et_pb_column][et_pb_column type=\u00bb1_3&#8243; _builder_version=\u00bb4.14.1&#8243; _module_preset=\u00bbdefault\u00bb global_colors_info=\u00bb{}\u00bb theme_builder_area=\u00bbpost_content\u00bb][et_pb_image src=\u00bbhttps:\/\/arboretumdegalicia.com\/wp-content\/uploads\/2021\/11\/Quercus-robur-pagina-6.jpg\u00bb title_text=\u00bbQuercus-robur-p\u00e1gina-6&#8243; _builder_version=\u00bb4.14.1&#8243; _module_preset=\u00bbdefault\u00bb global_colors_info=\u00bb{}\u00bb theme_builder_area=\u00bbpost_content\u00bb][\/et_pb_image][\/et_pb_column][et_pb_column type=\u00bb1_3&#8243; _builder_version=\u00bb4.14.1&#8243; _module_preset=\u00bbdefault\u00bb global_colors_info=\u00bb{}\u00bb theme_builder_area=\u00bbpost_content\u00bb][et_pb_image src=\u00bbhttps:\/\/arboretumdegalicia.com\/wp-content\/uploads\/2021\/11\/Quercus-robur-pagina-7.jpg\u00bb title_text=\u00bbQuercus-robur-p\u00e1gina-7&#8243; _builder_version=\u00bb4.14.1&#8243; _module_preset=\u00bbdefault\u00bb global_colors_info=\u00bb{}\u00bb theme_builder_area=\u00bbpost_content\u00bb][\/et_pb_image][\/et_pb_column][\/et_pb_row][\/et_pb_section]<\/p>","protected":false},"excerpt":{"rendered":"<p>La Gu\u00eda de las principales plantas del Arboretum de Galicia es un \u00fatil de visita que permite informar sobre las principales caracter\u00edsticas bot\u00e1nicas y de cultivo de algunas de las plantas presentes en el Arboretum.Esta Gu\u00eda de Campo forma parte de un conjunto de instrumentos que facilitan la visita y el conocimiento\u00a0de las especies y [&hellip;]<\/p>","protected":false},"author":1,"featured_media":1552,"parent":668,"menu_order":0,"comment_status":"closed","ping_status":"closed","template":"","meta":{"_et_pb_use_builder":"on","_et_pb_old_content":"","_et_gb_content_width":"","pgc_sgb_lightbox_settings":""},"_links":{"self":[{"href":"https:\/\/arboretumdegalicia.com\/gl\/wp-json\/wp\/v2\/pages\/1581"}],"collection":[{"href":"https:\/\/arboretumdegalicia.com\/gl\/wp-json\/wp\/v2\/pages"}],"about":[{"href":"https:\/\/arboretumdegalicia.com\/gl\/wp-json\/wp\/v2\/types\/page"}],"author":[{"embeddable":true,"href":"https:\/\/arboretumdegalicia.com\/gl\/wp-json\/wp\/v2\/users\/1"}],"replies":[{"embeddable":true,"href":"https:\/\/arboretumdegalicia.com\/gl\/wp-json\/wp\/v2\/comments?post=1581"}],"version-history":[{"count":9,"href":"https:\/\/arboretumdegalicia.com\/gl\/wp-json\/wp\/v2\/pages\/1581\/revisions"}],"predecessor-version":[{"id":1788,"href":"https:\/\/arboretumdegalicia.com\/gl\/wp-json\/wp\/v2\/pages\/1581\/revisions\/1788"}],"up":[{"embeddable":true,"href":"https:\/\/arboretumdegalicia.com\/gl\/wp-json\/wp\/v2\/pages\/668"}],"wp:featuredmedia":[{"embeddable":true,"href":"https:\/\/arboretumdegalicia.com\/gl\/wp-json\/wp\/v2\/media\/1552"}],"wp:attachment":[{"href":"https:\/\/arboretumdegalicia.com\/gl\/wp-json\/wp\/v2\/media?parent=1581"}],"curies":[{"name":"wp","href":"https:\/\/api.w.org\/{rel}","templated":true}]}}