{"id":200,"date":"2021-06-09T13:36:21","date_gmt":"2021-06-09T11:36:21","guid":{"rendered":"https:\/\/arboretumdegalicia.com\/?page_id=200"},"modified":"2022-04-04T06:55:10","modified_gmt":"2022-04-04T04:55:10","slug":"colecciones","status":"publish","type":"page","link":"https:\/\/arboretumdegalicia.com\/gl\/colecciones\/","title":{"rendered":"COLECCI\u00d3NS"},"content":{"rendered":"<p>[et_pb_section fb_built=\u00bb1&#8243; _builder_version=\u00bb4.16&#8243; _module_preset=\u00bbdefault\u00bb background_color=\u00bb#F6F1E8&#8243; custom_padding=\u00bb54px|||||\u00bb collapsed=\u00bboff\u00bb global_colors_info=\u00bb{}\u00bb theme_builder_area=\u00bbpost_content\u00bb][et_pb_row _builder_version=\u00bb4.16&#8243; _module_preset=\u00bbdefault\u00bb custom_padding=\u00bb46px||20px|||\u00bb global_colors_info=\u00bb{}\u00bb theme_builder_area=\u00bbpost_content\u00bb][et_pb_column type=\u00bb4_4&#8243; _builder_version=\u00bb4.16&#8243; _module_preset=\u00bbdefault\u00bb global_colors_info=\u00bb{}\u00bb theme_builder_area=\u00bbpost_content\u00bb][et_pb_text _builder_version=\u00bb4.16&#8243; _module_preset=\u00bbdefault\u00bb header_2_font=\u00bb|600|||||||\u00bb header_2_font_size=\u00bb25px\u00bb header_2_line_height=\u00bb1.3em\u00bb header_3_font_size=\u00bb26px\u00bb custom_margin=\u00bb||23px|||\u00bb global_colors_info=\u00bb{}\u00bb theme_builder_area=\u00bbpost_content\u00bb]<\/p>\n<h3>As principais colecci\u00f3ns do Arboretum son:<\/h3>\n<p>As cerdeiras xaponesas (Prunus), cun cento de \u00e1rbores de 70 variedades distintas, Malus (maceiras), Quercus (carballos, faias etc.), tileiros, camelias (con m\u00e1is de 350 variedades), pradairos (m\u00e1is de 300 taxons distintos) etc.<\/p>\n<p>No Arboretum encontrar\u00e1 carballos e casti\u00f1eiros centenarios. As novas colecci\u00f3ns son \u00e1rbores novas, pero co tama\u00f1o suficiente para observar e apreciar as s\u00faas caracter\u00edsticas, outras precisan tempo\u2026<\/p>\n<p>&nbsp;<\/p>\n<p>&nbsp;<\/p>\n<p>[\/et_pb_text][\/et_pb_column][\/et_pb_row][\/et_pb_section][et_pb_section fb_built=\u00bb1&#8243; fullwidth=\u00bbon\u00bb _builder_version=\u00bb4.16&#8243; _module_preset=\u00bbdefault\u00bb min_height=\u00bb603.9px\u00bb global_colors_info=\u00bb{}\u00bb theme_builder_area=\u00bbpost_content\u00bb][et_pb_fullwidth_image src=\u00bbhttps:\/\/arboretumdegalicia.com\/wp-content\/uploads\/2021\/11\/IMG_20211105_130037-1.jpg\u00bb title_text=\u00bbIMG_20211105_130037 (1)\u00bb _builder_version=\u00bb4.16&#8243; _module_preset=\u00bbdefault\u00bb global_colors_info=\u00bb{}\u00bb theme_builder_area=\u00bbpost_content\u00bb][\/et_pb_fullwidth_image][\/et_pb_section][et_pb_section fb_built=\u00bb1&#8243; _builder_version=\u00bb4.16&#8243; _module_preset=\u00bbdefault\u00bb global_colors_info=\u00bb{}\u00bb theme_builder_area=\u00bbpost_content\u00bb][et_pb_row _builder_version=\u00bb4.16&#8243; _module_preset=\u00bbdefault\u00bb global_colors_info=\u00bb{}\u00bb theme_builder_area=\u00bbpost_content\u00bb][et_pb_column type=\u00bb4_4&#8243; _builder_version=\u00bb4.16&#8243; _module_preset=\u00bbdefault\u00bb global_colors_info=\u00bb{}\u00bb theme_builder_area=\u00bbpost_content\u00bb][et_pb_image src=\u00bbhttps:\/\/arboretumdegalicia.com\/wp-content\/uploads\/2021\/08\/POSTER-COGUMELOS_page-0001-1.jpg\u00bb _builder_version=\u00bb4.16&#8243; _module_preset=\u00bbdefault\u00bb global_colors_info=\u00bb{}\u00bb theme_builder_area=\u00bbpost_content\u00bb][\/et_pb_image][\/et_pb_column][\/et_pb_row][\/et_pb_section][et_pb_section fb_built=\u00bb1&#8243; _builder_version=\u00bb4.16&#8243; _module_preset=\u00bbdefault\u00bb global_colors_info=\u00bb{}\u00bb theme_builder_area=\u00bbpost_content\u00bb][et_pb_row _builder_version=\u00bb4.16&#8243; _module_preset=\u00bbdefault\u00bb global_colors_info=\u00bb{}\u00bb theme_builder_area=\u00bbpost_content\u00bb][et_pb_column type=\u00bb4_4&#8243; _builder_version=\u00bb4.16&#8243; _module_preset=\u00bbdefault\u00bb global_colors_info=\u00bb{}\u00bb theme_builder_area=\u00bbpost_content\u00bb][et_pb_image src=\u00bbhttps:\/\/arboretumdegalicia.com\/wp-content\/uploads\/2021\/08\/POSTER-FLORES_page-0001-1.jpg\u00bb _builder_version=\u00bb4.16&#8243; _module_preset=\u00bbdefault\u00bb global_colors_info=\u00bb{}\u00bb theme_builder_area=\u00bbpost_content\u00bb][\/et_pb_image][\/et_pb_column][\/et_pb_row][\/et_pb_section]<\/p>","protected":false},"excerpt":{"rendered":"<p>Las principales colecciones del Arboretum son: Los Cerezos japoneses (Prunus) con un centenar de arboles de 70 varietales distintos, Malus (manzanos), Quercus (robles, hayas, etc), Tilos, Camelios con m\u00e1s de 350 varietales, Arces ( m\u00e1s de 300 taxones distintos), etc. En el arboretum encontrar\u00e1 robles y casta\u00f1os centenarios&#8230;las nuevas colecciones son \u00e1rboles j\u00f3venes pero con [&hellip;]<\/p>","protected":false},"author":1,"featured_media":182,"parent":0,"menu_order":0,"comment_status":"closed","ping_status":"closed","template":"","meta":{"_et_pb_use_builder":"on","_et_pb_old_content":"","_et_gb_content_width":"","pgc_sgb_lightbox_settings":""},"_links":{"self":[{"href":"https:\/\/arboretumdegalicia.com\/gl\/wp-json\/wp\/v2\/pages\/200"}],"collection":[{"href":"https:\/\/arboretumdegalicia.com\/gl\/wp-json\/wp\/v2\/pages"}],"about":[{"href":"https:\/\/arboretumdegalicia.com\/gl\/wp-json\/wp\/v2\/types\/page"}],"author":[{"embeddable":true,"href":"https:\/\/arboretumdegalicia.com\/gl\/wp-json\/wp\/v2\/users\/1"}],"replies":[{"embeddable":true,"href":"https:\/\/arboretumdegalicia.com\/gl\/wp-json\/wp\/v2\/comments?post=200"}],"version-history":[{"count":47,"href":"https:\/\/arboretumdegalicia.com\/gl\/wp-json\/wp\/v2\/pages\/200\/revisions"}],"predecessor-version":[{"id":1981,"href":"https:\/\/arboretumdegalicia.com\/gl\/wp-json\/wp\/v2\/pages\/200\/revisions\/1981"}],"wp:featuredmedia":[{"embeddable":true,"href":"https:\/\/arboretumdegalicia.com\/gl\/wp-json\/wp\/v2\/media\/182"}],"wp:attachment":[{"href":"https:\/\/arboretumdegalicia.com\/gl\/wp-json\/wp\/v2\/media?parent=200"}],"curies":[{"name":"wp","href":"https:\/\/api.w.org\/{rel}","templated":true}]}}