{"id":836,"date":"2021-07-15T14:10:05","date_gmt":"2021-07-15T12:10:05","guid":{"rendered":"https:\/\/arboretumdegalicia.com\/?page_id=836"},"modified":"2021-12-19T09:23:39","modified_gmt":"2021-12-19T07:23:39","slug":"historia-de-un-proyecto","status":"publish","type":"page","link":"https:\/\/arboretumdegalicia.com\/gl\/historia-de-un-proyecto\/","title":{"rendered":"Historia dun proxecto"},"content":{"rendered":"<p>[et_pb_section fb_built=\u00bb1&#8243; _builder_version=\u00bb4.9.4&#8243; _module_preset=\u00bbdefault\u00bb background_color=\u00bb#F6F1E8&#8243; width=\u00bb100%\u00bb min_height=\u00bb1134.5px\u00bb custom_padding=\u00bb||26px|||\u00bb global_colors_info=\u00bb{}\u00bb theme_builder_area=\u00bbpost_content\u00bb][et_pb_row _builder_version=\u00bb4.9.7&#8243; _module_preset=\u00bbdefault\u00bb custom_padding=\u00bb12px||64px||false|false\u00bb global_colors_info=\u00bb{}\u00bb theme_builder_area=\u00bbpost_content\u00bb][et_pb_column type=\u00bb4_4&#8243; _builder_version=\u00bb4.9.7&#8243; _module_preset=\u00bbdefault\u00bb custom_padding=\u00bb||||false|false\u00bb global_colors_info=\u00bb{}\u00bb theme_builder_area=\u00bbpost_content\u00bb][et_pb_text module_class=\u00bbintro\u00bb _builder_version=\u00bb4.9.9&#8243; _module_preset=\u00bbdefault\u00bb header_2_font_size=\u00bb28px\u00bb max_width=\u00bb73%\u00bb max_width_tablet=\u00bb100%\u00bb max_width_phone=\u00bb\u00bb max_width_last_edited=\u00bbon|tablet\u00bb global_colors_info=\u00bb{}\u00bb theme_builder_area=\u00bbpost_content\u00bb]<\/p>\n<h2>O proxecto do Arboretum de Galicia in\u00edciase en setembro de 2010 coa compra dun terreo de oito hect\u00e1reas situado no lugar de Reiriz, San Vicente de Pena, Begonte (Lugo).<\/h2>\n<p>[\/et_pb_text][et_pb_text _builder_version=\u00bb4.9.10&#8243; _module_preset=\u00bbdefault\u00bb custom_css_main_element=\u00bbcolumn-count:2;\u00bb global_colors_info=\u00bb{}\u00bb theme_builder_area=\u00bbpost_content\u00bb]<\/p>\n<p>O terreo conservaba un bosque composto por unha carballeira e un bosque de ribeira relativamente ben conservados dado que a propiedade permaneceu abandonada durante m\u00e1is de 30 anos. Foi necesario rozar e eliminar eucaliptos e outras \u00e1rbores. As plantaci\u00f3ns inici\u00e1ronse en 2011 e, en paralelo, desenvolv\u00e9ronse traballos de recuperaci\u00f3n das estruturas agr\u00edcolas tradicionais: cami\u00f1os, muros de pedra seca, h\u00f3rreos, mu\u00ed\u00f1o, casetas, rueiros, parideiras etc., utilizando sistematicamente t\u00e9cnicas tradicionais e materiais locais. Progresivamente f\u00f3ronse engadindo as parcelas lindeiras e eliminando as plantaci\u00f3ns de eucalipto e recuperando chans con t\u00e9cnicas de fertilizante verde, enterramento, estercado etc., ata acadar as 15 hect\u00e1reas actuais en \u00abcoto redondo\u00bb.<\/p>\n<p>Somos dous bi\u00f3logos galegos que, despois de 45 anos residindo no estranxeiro traballando en Organizaci\u00f3ns Internacionais e na Uni\u00f3n Europea, decidimos dedicar o noso esforzo a unha iniciativa de protecci\u00f3n dun espazo natural en Galicia con fins educativos. Familiares e amigos un\u00edronse a este proxecto.<\/p>\n<p>\u00a0 Este proxecto non nace unicamente da vontade da familia que o iniciou, formouse co esforzo de veci\u00f1os e amigos -Mart\u00edn, Carlos, Teresa (familia Castro Gonz\u00e1lez)-; de Elena L\u00f3pez; de profesionais da zona (Jos\u00e9 Luis L\u00f3pez, Canteiros Hermanos Quijada etc.) que achegaron e seguen achegando o seu saber e o seu cari\u00f1o desinteresado. Moitos loitaron durante anos para rehabilitar o lugar no que traballaron de nenos. <strong>O arboreto tam\u00e9n \u00e9 seu.<\/strong>.<\/p>\n<p><strong>C\u00e9sar e Bego\u00f1a<\/strong><\/p>\n<p>[\/et_pb_text][\/et_pb_column][\/et_pb_row][et_pb_row column_structure=\u00bb1_2,1_2&#8243; _builder_version=\u00bb4.9.7&#8243; _module_preset=\u00bbdefault\u00bb custom_padding=\u00bb16px|||||\u00bb global_colors_info=\u00bb{}\u00bb theme_builder_area=\u00bbpost_content\u00bb][et_pb_column type=\u00bb1_2&#8243; _builder_version=\u00bb4.9.7&#8243; _module_preset=\u00bbdefault\u00bb global_colors_info=\u00bb{}\u00bb theme_builder_area=\u00bbpost_content\u00bb][et_pb_text _builder_version=\u00bb4.9.7&#8243; _module_preset=\u00bbdefault\u00bb header_3_font_size=\u00bb24px\u00bb custom_margin=\u00bb||||false|false\u00bb global_colors_info=\u00bb{}\u00bb theme_builder_area=\u00bbpost_content\u00bb]<\/p>\n<h3>Un arboreto \u00e9 un proxecto de varias xeraci\u00f3ns\u2026<\/h3>\n<p>[\/et_pb_text][et_pb_text _builder_version=\u00bb4.9.7&#8243; _module_preset=\u00bbdefault\u00bb global_colors_info=\u00bb{}\u00bb theme_builder_area=\u00bbpost_content\u00bb]<\/p>\n<p>Despois de 10 anos de traballos e plantaci\u00f3ns, as colecci\u00f3ns consol\u00eddanse e mantense un programa de novas introduci\u00f3ns de taxons de \u00e1rbores e arbustos. Seguiremos buscando e plantando novos taxons de especies do bi\u00f3topo atl\u00e1ntico temperado, exclu\u00edndo as plantas invasoras. As plantas obt\u00e9\u00f1ense en viveiros e coleccionistas de B\u00e9lxica, Os Pa\u00edses Baixos, Francia, O Reino Unido e Espa\u00f1a. Por motivos fitosanitarios non importamos plantas de f\u00f3ra da Uni\u00f3n Europea. O arboreto ten como norma o recurso a pr\u00e1cticas de cultivo respectuosas co medio; excl\u00faense totalmente o uso de insecticidas, herbicidas, produtos agroqu\u00edmicos etc.<\/p>\n<p>[\/et_pb_text][\/et_pb_column][et_pb_column type=\u00bb1_2&#8243; _builder_version=\u00bb4.9.7&#8243; _module_preset=\u00bbdefault\u00bb global_colors_info=\u00bb{}\u00bb theme_builder_area=\u00bbpost_content\u00bb][et_pb_divider divider_weight=\u00bb3px\u00bb _builder_version=\u00bb4.9.7&#8243; _module_preset=\u00bbdefault\u00bb width=\u00bb45%\u00bb custom_margin=\u00bb||7px|||\u00bb global_colors_info=\u00bb{}\u00bb theme_builder_area=\u00bbpost_content\u00bb][\/et_pb_divider][et_pb_text quote_border_weight=\u00bb0px\u00bb _builder_version=\u00bb4.9.10&#8243; _module_preset=\u00bbdefault\u00bb text_text_color=\u00bb#1F2C33&#8243; quote_font=\u00bb|300|on||||||\u00bb quote_text_color=\u00bb#000000&#8243; quote_font_size=\u00bb28px\u00bb quote_line_height=\u00bb1.3em\u00bb custom_margin=\u00bb10px||||false|false\u00bb scroll_vertical_motion=\u00bb0|50|50|100|-1|0|1&#8243; border_color_bottom=\u00bb#A87B25&#8243; global_colors_info=\u00bb{}\u00bb theme_builder_area=\u00bbpost_content\u00bb]<\/p>\n<blockquote><p>Un proxecto como o do arboreto ten un inicio, pero nunca termina. Perseverando, sen abandonar\u2026 \u00abNON DEFICERE\u00bb<\/p><\/blockquote>\n<p>[\/et_pb_text][\/et_pb_column][\/et_pb_row][et_pb_row _builder_version=\u00bb4.14.1&#8243; _module_preset=\u00bbdefault\u00bb width=\u00bb100%\u00bb max_width=\u00bb2560px\u00bb min_height=\u00bb664.3px\u00bb global_colors_info=\u00bb{}\u00bb theme_builder_area=\u00bbpost_content\u00bb][et_pb_column type=\u00bb4_4&#8243; _builder_version=\u00bb4.14.1&#8243; _module_preset=\u00bbdefault\u00bb global_colors_info=\u00bb{}\u00bb theme_builder_area=\u00bbpost_content\u00bb][et_pb_image src=\u00bbhttps:\/\/arboretumdegalicia.com\/wp-content\/uploads\/2021\/11\/IMG_20211105_155349-1.jpg\u00bb _builder_version=\u00bb4.14.1&#8243; _module_preset=\u00bbdefault\u00bb global_colors_info=\u00bb{}\u00bb theme_builder_area=\u00bbpost_content\u00bb][\/et_pb_image][\/et_pb_column][\/et_pb_row][et_pb_row column_structure=\u00bb1_2,1_2&#8243; use_custom_gutter=\u00bbon\u00bb make_equal=\u00bbon\u00bb _builder_version=\u00bb4.14.2&#8243; _module_preset=\u00bbdefault\u00bb width=\u00bb100%\u00bb min_height=\u00bb235.7px\u00bb custom_margin=\u00bb-14px|51px||-23px||\u00bb custom_padding=\u00bb33px|0px|43px|0px||\u00bb global_colors_info=\u00bb{}\u00bb theme_builder_area=\u00bbpost_content\u00bb][et_pb_column type=\u00bb1_2&#8243; _builder_version=\u00bb4.14.2&#8243; _module_preset=\u00bbdefault\u00bb global_colors_info=\u00bb{}\u00bb theme_builder_area=\u00bbpost_content\u00bb][et_pb_image src=\u00bbhttps:\/\/arboretumdegalicia.com\/wp-content\/uploads\/2021\/12\/WEB10.jpg\u00bb title_text=\u00bbWEB10&#8243; _builder_version=\u00bb4.14.2&#8243; _module_preset=\u00bbdefault\u00bb custom_padding=\u00bb||4px|||\u00bb global_colors_info=\u00bb{}\u00bb theme_builder_area=\u00bbpost_content\u00bb][\/et_pb_image][\/et_pb_column][et_pb_column type=\u00bb1_2&#8243; _builder_version=\u00bb4.14.2&#8243; _module_preset=\u00bbdefault\u00bb global_colors_info=\u00bb{}\u00bb theme_builder_area=\u00bbpost_content\u00bb][et_pb_image src=\u00bbhttps:\/\/arboretumdegalicia.com\/wp-content\/uploads\/2021\/11\/WEB15.jpg\u00bb title_text=\u00bbWEB15&#8243; force_fullwidth=\u00bbon\u00bb _builder_version=\u00bb4.14.2&#8243; _module_preset=\u00bbdefault\u00bb height=\u00bb309px\u00bb custom_margin=\u00bb-22px||13px|||\u00bb custom_padding=\u00bb|||0px||\u00bb global_colors_info=\u00bb{}\u00bb theme_builder_area=\u00bbpost_content\u00bb][\/et_pb_image][\/et_pb_column][\/et_pb_row][\/et_pb_section][et_pb_section fb_built=\u00bb1&#8243; theme_builder_area=\u00bbpost_content\u00bb _builder_version=\u00bb4.14.4&#8243; _module_preset=\u00bbdefault\u00bb][et_pb_row _builder_version=\u00bb4.14.4&#8243; _module_preset=\u00bbdefault\u00bb theme_builder_area=\u00bbpost_content\u00bb column_structure=\u00bb1_3,1_3,1_3&#8243;][et_pb_column _builder_version=\u00bb4.14.4&#8243; _module_preset=\u00bbdefault\u00bb type=\u00bb1_3&#8243; theme_builder_area=\u00bbpost_content\u00bb][et_pb_image src=\u00bbhttps:\/\/arboretumdegalicia.com\/wp-content\/uploads\/2021\/12\/1637595571481-1-scaled.jpg\u00bb _builder_version=\u00bb4.14.4&#8243; _module_preset=\u00bbdefault\u00bb theme_builder_area=\u00bbpost_content\u00bb title_text=\u00bb1637595571481 (1)\u00bb hover_enabled=\u00bb0&#8243; sticky_enabled=\u00bb0&#8243;][\/et_pb_image][\/et_pb_column][et_pb_column _builder_version=\u00bb4.14.4&#8243; _module_preset=\u00bbdefault\u00bb type=\u00bb1_3&#8243; theme_builder_area=\u00bbpost_content\u00bb][et_pb_image src=\u00bbhttps:\/\/arboretumdegalicia.com\/wp-content\/uploads\/2021\/11\/1637596083104-scaled.jpg\u00bb _builder_version=\u00bb4.14.4&#8243; _module_preset=\u00bbdefault\u00bb theme_builder_area=\u00bbpost_content\u00bb title_text=\u00bb1637596083104&#8243; hover_enabled=\u00bb0&#8243; sticky_enabled=\u00bb0&#8243;][\/et_pb_image][\/et_pb_column][et_pb_column _builder_version=\u00bb4.14.4&#8243; _module_preset=\u00bbdefault\u00bb type=\u00bb1_3&#8243; theme_builder_area=\u00bbpost_content\u00bb][et_pb_image src=\u00bbhttps:\/\/arboretumdegalicia.com\/wp-content\/uploads\/2021\/08\/fotos-monte-cesar-4-202-scaled.jpg\u00bb _builder_version=\u00bb4.14.4&#8243; _module_preset=\u00bbdefault\u00bb theme_builder_area=\u00bbpost_content\u00bb title_text=\u00bbfotos monte cesar 4 202&#8243; hover_enabled=\u00bb0&#8243; sticky_enabled=\u00bb0&#8243;][\/et_pb_image][\/et_pb_column][\/et_pb_row][\/et_pb_section]<\/p>","protected":false},"excerpt":{"rendered":"<p>El proyecto del Arboretum de Galicia se inicia en Septiembre de 2010 con la compra de una finca de 8 hect\u00e1reas situada en el lugar de Reiriz, San Vicente de Pena, Begonte (Lugo).La finca conservaba un bosque compuesto por una carballeira y un bosque de ribera relativamente bien conservados dado que la propiedad permaneci\u00f3 abandonada [&hellip;]<\/p>","protected":false},"author":1,"featured_media":1094,"parent":0,"menu_order":0,"comment_status":"closed","ping_status":"closed","template":"","meta":{"_et_pb_use_builder":"on","_et_pb_old_content":"","_et_gb_content_width":"","pgc_sgb_lightbox_settings":""},"_links":{"self":[{"href":"https:\/\/arboretumdegalicia.com\/gl\/wp-json\/wp\/v2\/pages\/836"}],"collection":[{"href":"https:\/\/arboretumdegalicia.com\/gl\/wp-json\/wp\/v2\/pages"}],"about":[{"href":"https:\/\/arboretumdegalicia.com\/gl\/wp-json\/wp\/v2\/types\/page"}],"author":[{"embeddable":true,"href":"https:\/\/arboretumdegalicia.com\/gl\/wp-json\/wp\/v2\/users\/1"}],"replies":[{"embeddable":true,"href":"https:\/\/arboretumdegalicia.com\/gl\/wp-json\/wp\/v2\/comments?post=836"}],"version-history":[{"count":21,"href":"https:\/\/arboretumdegalicia.com\/gl\/wp-json\/wp\/v2\/pages\/836\/revisions"}],"predecessor-version":[{"id":1840,"href":"https:\/\/arboretumdegalicia.com\/gl\/wp-json\/wp\/v2\/pages\/836\/revisions\/1840"}],"wp:featuredmedia":[{"embeddable":true,"href":"https:\/\/arboretumdegalicia.com\/gl\/wp-json\/wp\/v2\/media\/1094"}],"wp:attachment":[{"href":"https:\/\/arboretumdegalicia.com\/gl\/wp-json\/wp\/v2\/media?parent=836"}],"curies":[{"name":"wp","href":"https:\/\/api.w.org\/{rel}","templated":true}]}}