{"id":849,"date":"2021-07-19T13:39:03","date_gmt":"2021-07-19T11:39:03","guid":{"rendered":"https:\/\/arboretumdegalicia.com\/?page_id=849"},"modified":"2021-11-28T19:45:12","modified_gmt":"2021-11-28T17:45:12","slug":"visitas-al-arboretum","status":"publish","type":"page","link":"https:\/\/arboretumdegalicia.com\/gl\/visitas-al-arboretum\/","title":{"rendered":"VISITAS AO ARBORETUM"},"content":{"rendered":"<p>[et_pb_section fb_built=\u00bb1&#8243; specialty=\u00bbon\u00bb _builder_version=\u00bb4.9.9&#8243; _module_preset=\u00bbdefault\u00bb background_color=\u00bb#F6F1E8&#8243; custom_padding=\u00bb35px|||||\u00bb global_colors_info=\u00bb{}\u00bb theme_builder_area=\u00bbpost_content\u00bb][et_pb_column type=\u00bb2_3&#8243; specialty_columns=\u00bb2&#8243; _builder_version=\u00bb3.25&#8243; custom_padding=\u00bb|||\u00bb global_colors_info=\u00bb{}\u00bb custom_padding__hover=\u00bb|||\u00bb theme_builder_area=\u00bbpost_content\u00bb][et_pb_row_inner _builder_version=\u00bb4.9.9&#8243; _module_preset=\u00bbdefault\u00bb custom_padding=\u00bb16px||7px|||\u00bb global_colors_info=\u00bb{}\u00bb theme_builder_area=\u00bbpost_content\u00bb][et_pb_column_inner saved_specialty_column_type=\u00bb2_3&#8243; _builder_version=\u00bb4.9.7&#8243; _module_preset=\u00bbdefault\u00bb global_colors_info=\u00bb{}\u00bb theme_builder_area=\u00bbpost_content\u00bb][et_pb_text module_class=\u00bbintro\u00bb _builder_version=\u00bb4.13.1&#8243; _module_preset=\u00bbdefault\u00bb header_2_font_size=\u00bb28px\u00bb max_width_tablet=\u00bb100%\u00bb max_width_last_edited=\u00bboff|desktop\u00bb global_colors_info=\u00bb{}\u00bb theme_builder_area=\u00bbpost_content\u00bb]<\/p>\n<h2>Situado no l\u00edmite entre a provincia da Coru\u00f1a e a de Lugo, a catro quil\u00f3metros do cruzamento entre a A6 (Madrid-A Coru\u00f1a) e a A8 (Autov\u00eda do Cant\u00e1brico) en Baamonde, o Arboretum \u00e9 de f\u00e1cil acceso desde calquera punto de Galicia e unha agradable parada e descanso en desprazamentos desde o norte ou o centro da pen\u00ednsula. O Cami\u00f1o Norte a santiago de Compostela pasa por Baamonde.\u00a0<\/h2>\n<p>[\/et_pb_text][et_pb_text _builder_version=\u00bb4.9.9&#8243; _module_preset=\u00bbdefault\u00bb global_colors_info=\u00bb{}\u00bb theme_builder_area=\u00bbpost_content\u00bb]<\/p>\n<p>A visita do Arboretum pode facerse en calquera per\u00edodo do ano, pero recomendamos en particular a primavera, durante os per\u00edodos de floraci\u00f3n, e o outono, pola coloraci\u00f3n espectacular de moitas \u00e1rbores. O Arboretum est\u00e1 aberto \u00e1s visitas:<\/p>\n<p>[\/et_pb_text][et_pb_text _builder_version=\u00bb4.9.9&#8243; _module_preset=\u00bbdefault\u00bb header_3_font_size=\u00bb28px\u00bb custom_margin=\u00bb||||false|false\u00bb global_colors_info=\u00bb{}\u00bb theme_builder_area=\u00bbpost_content\u00bb]<\/p>\n<h3>Visita libre<\/h3>\n<p>[\/et_pb_text][et_pb_text _builder_version=\u00bb4.13.1&#8243; _module_preset=\u00bbdefault\u00bb custom_margin=\u00bb1px||56px|||\u00bb global_colors_info=\u00bb{}\u00bb theme_builder_area=\u00bbpost_content\u00bb]<\/p>\n<h4><span style=\"color: #ff6600;\"><strong>Apertura ao p\u00fablico prevista en Maio 2022.<\/strong><\/span><\/h4>\n<p><strong>Do 15 de abril ao 15 de novembro, os s\u00e1bados en d\u00faas quendas: <\/strong><\/p>\n<p class=\" translation-block\">&gt; Ma\u00f1\u00e1, de 10:00 a 14:00 \/ Tarde, de 15:00 a 19:00<\/p>\n<p class=\" translation-block\"><strong>Logo de inscrici\u00f3n previa en:<\/strong><a href=\"arboretumdegalicia@yahoo.es\" target=\"_self\">\u00a0arboretumdegalicia@yahoo.es<\/a><\/p>\n<p><b>Poderase inscribir un m\u00e1ximo de 25 persoas (maiores de 10 anos) para cada quenda.\u00a0<\/b>Non hai l\u00edmite para nenos menores de 10 anos, que non ter\u00e1n que inscribirse.<span><\/span><\/p>\n<p>Unha vez inscrito, a visita \u00e9 libre. Aconsellamos aparcar na explanada das igrexa de San Vicente de Pena e baixar andando ao Arboretum. Entre libremente no Arboretum e goce del!<\/p>\n<p>Est\u00e1 sinalizado un percorrido central con marcos de pedra que serven como referencia para pasear polo Arboretum, pero o visitante pode desprazarse con total liberdade.<\/p>\n<p><span style=\"text-decoration: underline;\"><strong><\/strong><\/span><\/p>\n<p><strong>Cami\u00f1o do Norte: <\/strong><strong style=\"font-size: 19px;\">Os peregrinos poden acceder sen reserva previa calquera d\u00eda do ano.<\/strong><\/p>\n<p>&nbsp;<\/p>\n<p>[\/et_pb_text][et_pb_divider divider_weight=\u00bb3px\u00bb _builder_version=\u00bb4.9.7&#8243; _module_preset=\u00bbdefault\u00bb width=\u00bb45%\u00bb custom_margin=\u00bb||7px|||\u00bb custom_padding=\u00bb||0px|||\u00bb global_colors_info=\u00bb{}\u00bb theme_builder_area=\u00bbpost_content\u00bb][\/et_pb_divider][\/et_pb_column_inner][\/et_pb_row_inner][et_pb_row_inner _builder_version=\u00bb4.9.9&#8243; _module_preset=\u00bbdefault\u00bb custom_padding=\u00bb19px||4px|||\u00bb global_colors_info=\u00bb{}\u00bb theme_builder_area=\u00bbpost_content\u00bb][et_pb_column_inner saved_specialty_column_type=\u00bb2_3&#8243; _builder_version=\u00bb4.9.7&#8243; _module_preset=\u00bbdefault\u00bb global_colors_info=\u00bb{}\u00bb theme_builder_area=\u00bbpost_content\u00bb][et_pb_text _builder_version=\u00bb4.9.9&#8243; _module_preset=\u00bbdefault\u00bb header_3_font_size=\u00bb28px\u00bb custom_margin=\u00bb||2px||false|false\u00bb global_colors_info=\u00bb{}\u00bb theme_builder_area=\u00bbpost_content\u00bb]<\/p>\n<h3>Visita libre en grupo<\/h3>\n<p>[\/et_pb_text][et_pb_text _builder_version=\u00bb4.9.7&#8243; _module_preset=\u00bbdefault\u00bb custom_margin=\u00bb1px||59px|||\u00bb global_colors_info=\u00bb{}\u00bb theme_builder_area=\u00bbpost_content\u00bb]<\/p>\n<p>Logo de inscrici\u00f3n previa en:\u00a0<a>arboretumdegalicia@yahoo.es\u00a0<\/a>e sempre segundo dispo\u00f1ibilidade.<\/p>\n<p class=\" translation-block\">As visitas en grupos escolares p\u00f3dense organizar en d\u00edas distintos aos nosos d\u00edas de apertura.<\/p>\n<p>[\/et_pb_text][et_pb_divider divider_weight=\u00bb3px\u00bb _builder_version=\u00bb4.9.7&#8243; _module_preset=\u00bbdefault\u00bb width=\u00bb45%\u00bb custom_margin=\u00bb||7px|||\u00bb global_colors_info=\u00bb{}\u00bb theme_builder_area=\u00bbpost_content\u00bb][\/et_pb_divider][\/et_pb_column_inner][\/et_pb_row_inner][et_pb_row_inner _builder_version=\u00bb4.9.9&#8243; _module_preset=\u00bbdefault\u00bb custom_padding=\u00bb16px|||||\u00bb global_colors_info=\u00bb{}\u00bb theme_builder_area=\u00bbpost_content\u00bb][et_pb_column_inner saved_specialty_column_type=\u00bb2_3&#8243; _builder_version=\u00bb4.9.7&#8243; _module_preset=\u00bbdefault\u00bb global_colors_info=\u00bb{}\u00bb theme_builder_area=\u00bbpost_content\u00bb][et_pb_text _builder_version=\u00bb4.9.9&#8243; _module_preset=\u00bbdefault\u00bb header_3_font_size=\u00bb28px\u00bb custom_margin=\u00bb||2px||false|false\u00bb global_colors_info=\u00bb{}\u00bb theme_builder_area=\u00bbpost_content\u00bb]<\/p>\n<h3>Visita guiada<\/h3>\n<p>[\/et_pb_text][et_pb_text _builder_version=\u00bb4.9.7&#8243; _module_preset=\u00bbdefault\u00bb custom_margin=\u00bb1px|||||\u00bb global_colors_info=\u00bb{}\u00bb theme_builder_area=\u00bbpost_content\u00bb]<\/p>\n<p>Logo de inscrici\u00f3n previa en:\u00a0<a>arboretumdegalicia@yahoo.es\u00a0<\/a>e sempre segundo dispo\u00f1ibilidade.<\/p>\n<p><i>Reservadas para profesionais ou afeccionados \u00e1 bot\u00e1nica.<\/i><\/p>\n<p>[\/et_pb_text][\/et_pb_column_inner][\/et_pb_row_inner][\/et_pb_column][et_pb_column type=\u00bb1_3&#8243; _builder_version=\u00bb3.25&#8243; custom_padding=\u00bb|||\u00bb global_colors_info=\u00bb{}\u00bb custom_padding__hover=\u00bb|||\u00bb theme_builder_area=\u00bbpost_content\u00bb][et_pb_blurb title=\u00bbCobertura telef\u00f3nica\u00bb use_icon=\u00bbon\u00bb font_icon=\u00bb&#xe090;||divi||400&#8243; icon_color=\u00bb#FFFFFF\u00bb image_icon_background_color=\u00bb#3A4A54&#8243; image_icon_width=\u00bb27px\u00bb icon_alignment=\u00bbleft\u00bb _builder_version=\u00bb4.13.0&#8243; _module_preset=\u00bbdefault\u00bb header_font_size=\u00bb24px\u00bb body_font_size=\u00bb16px\u00bb body_line_height=\u00bb1.2em\u00bb background_color=\u00bb#FFFFFF\u00bb image_icon_custom_padding=\u00bb25px|25px|25px|25px|false|false\u00bb custom_margin=\u00bb-26px|||||\u00bb custom_padding=\u00bb17px|21px|26px|21px|false|true\u00bb custom_css_blurb_title=\u00bbmargin-top:-10px;||\u00bb border_radii_image=\u00bbon|100%|100%|100%|100%\u00bb icon_font_size=\u00bb27px\u00bb use_circle=\u00bbon\u00bb circle_color=\u00bb#3A4A54&#8243; global_colors_info=\u00bb{}\u00bb image_icon_background_color__sticky_enabled=\u00bb#a87b25&#8243; image_icon_background_color__sticky=\u00bb#a87b25&#8243; theme_builder_area=\u00bbpost_content\u00bb]<\/p>\n<p><em><strong>En el Arboretum no hay cobertura telef\u00f3nica. No tenga miedo. No pasa nada. Sobrevivir\u00e1 \ud83d\ude09<\/strong> Si necesita hacer una llamada urgente (o simplemente caes en mono\u2026) suba hasta la cumbre de una de las laderas&#8230;no podr\u00e1 bajarse una peli pero con suerte podr\u00e1 hacer una simple llamada\u2026<\/em><\/p>\n<p>[\/et_pb_blurb][et_pb_blurb title=\u00bbPeligro de incendio\u00bb image=\u00bbhttps:\/\/arboretumdegalicia.com\/wp-content\/uploads\/2021\/07\/ico-incendio.svg\u00bb icon_alignment=\u00bbleft\u00bb _builder_version=\u00bb4.13.0&#8243; _module_preset=\u00bbdefault\u00bb header_font_size=\u00bb24px\u00bb body_font_size=\u00bb16px\u00bb body_line_height=\u00bb1.2em\u00bb background_color=\u00bb#FFFFFF\u00bb custom_margin=\u00bb-26px|||||\u00bb custom_padding=\u00bb17px|21px|26px|21px|false|true\u00bb custom_css_blurb_title=\u00bbmargin-top:-10px;||\u00bb global_colors_info=\u00bb{}\u00bb theme_builder_area=\u00bbpost_content\u00bb]<\/p>\n<p class=\" translation-block\"><em>De memoria de lugare\u00f1o nunca ha habido un incendio en el Arboretum\u2026.<\/em><br>Desbrozamos y limpiamos sistem\u00e1ticamente el bosque y plantamos cipreses en los limites m\u00e1s expuestos dejando cortafuegos\u2026<\/p>\n<p>&gt; <em>Pero non est\u00e1 de m\u00e1is lembrar as consignas b\u00e1sicas:<\/em> o lume sempre sobe... en caso de incendio, evite as partes altas, busque a sa\u00edda seguindo o curso do rego que percorre o centro da valgada do Arboretum.<\/p>\n<p>[\/et_pb_blurb][et_pb_blurb title=\u00bbPrimeros auxilios\u00bb image=\u00bbhttps:\/\/arboretumdegalicia.com\/wp-content\/uploads\/2021\/08\/png-transparent-white-and-red-cross-logo-red-cross-red-circle-texture-texture-flag-circle-frame-150&#215;150.png\u00bb icon_alignment=\u00bbleft\u00bb _builder_version=\u00bb4.13.0&#8243; _module_preset=\u00bbdefault\u00bb header_font_size=\u00bb24px\u00bb body_font_size=\u00bb16px\u00bb body_line_height=\u00bb1.2em\u00bb background_color=\u00bb#FFFFFF\u00bb custom_margin=\u00bb-26px|||||\u00bb custom_padding=\u00bb17px|21px|26px|21px|false|true\u00bb custom_css_blurb_title=\u00bbmargin-top:-10px;||\u00bb global_colors_info=\u00bb{}\u00bb theme_builder_area=\u00bbpost_content\u00bb]<\/p>\n<p><i>Hai unha caixa de primeiros auxilios debaixo do h\u00f3rreo vello.<\/i><\/p>\n<p>[\/et_pb_blurb][et_pb_blurb title=\u00bbParking\u00bb image=\u00bbhttps:\/\/arboretumdegalicia.com\/wp-content\/uploads\/2021\/08\/P-DE-PARKING-150&#215;150.jpg\u00bb icon_alignment=\u00bbleft\u00bb _builder_version=\u00bb4.13.0&#8243; _module_preset=\u00bbdefault\u00bb header_font_size=\u00bb24px\u00bb body_font_size=\u00bb16px\u00bb body_line_height=\u00bb1.2em\u00bb background_color=\u00bb#FFFFFF\u00bb custom_margin=\u00bb-26px|||||\u00bb custom_padding=\u00bb17px|21px|26px|21px|false|true\u00bb custom_css_blurb_title=\u00bbmargin-top:-10px;||\u00bb global_colors_info=\u00bb{}\u00bb theme_builder_area=\u00bbpost_content\u00bb]<\/p>\n<p><i>Aparque o seu coche na explanada da igrexa de San Vicente de Pena.<\/i><\/p>\n<p>As persoas maiores, familias con beb\u00e9s ou persoas con mobilidade reducida poden deixar o seu coche na entrada.<i><\/i><\/p>\n<p><i><\/i><\/p>\n<p>[\/et_pb_blurb][et_pb_blurb image=\u00bbhttps:\/\/arboretumdegalicia.com\/wp-content\/uploads\/2021\/11\/facebook_1625172351557_6816466894827343608.jpg\u00bb icon_alignment=\u00bbleft\u00bb _builder_version=\u00bb4.14.1&#8243; _module_preset=\u00bbdefault\u00bb header_font_size=\u00bb24px\u00bb body_font_size=\u00bb16px\u00bb body_line_height=\u00bb1.2em\u00bb background_color=\u00bb#FFFFFF\u00bb custom_margin=\u00bb-26px|||||\u00bb custom_padding=\u00bb17px|21px|26px|21px|false|true\u00bb hover_enabled=\u00bb0&#8243; custom_css_blurb_title=\u00bbmargin-top:-10px;||\u00bb global_colors_info=\u00bb{}\u00bb theme_builder_area=\u00bbpost_content\u00bb sticky_enabled=\u00bb0&#8243; title_text=\u00bbfacebook_1625172351557_6816466894827343608&#8243;]<\/p>\n<p><i><\/i><\/p>\n<p><i><\/i><\/p>\n<p>[\/et_pb_blurb][\/et_pb_column][\/et_pb_section][et_pb_section fb_built=\u00bb1&#8243; _builder_version=\u00bb4.9.9&#8243; _module_preset=\u00bbdefault\u00bb custom_padding=\u00bb50px|||||\u00bb global_colors_info=\u00bb{}\u00bb theme_builder_area=\u00bbpost_content\u00bb][et_pb_row _builder_version=\u00bb4.9.7&#8243; _module_preset=\u00bbdefault\u00bb custom_padding=\u00bb41px|||||\u00bb global_colors_info=\u00bb{}\u00bb theme_builder_area=\u00bbpost_content\u00bb][et_pb_column type=\u00bb4_4&#8243; _builder_version=\u00bb4.9.7&#8243; _module_preset=\u00bbdefault\u00bb global_colors_info=\u00bb{}\u00bb theme_builder_area=\u00bbpost_content\u00bb][et_pb_text _builder_version=\u00bb4.9.9&#8243; _module_preset=\u00bbdefault\u00bb custom_margin=\u00bb|-72px||||\u00bb global_colors_info=\u00bb{}\u00bb theme_builder_area=\u00bbpost_content\u00bb]<\/p>\n<blockquote><\/blockquote>\n<blockquote>\n<h3><b>Todas as visitas son de balde. <\/b><\/h3>\n<\/blockquote>\n<p>O Arboretum de Galicia non ten un obxectivo lucrativo, non solicita subvenci\u00f3ns nin ten ning\u00fan tipo de financiamento p\u00fablico ou privado. Se desexa contribu\u00edr ao mantemento e a expansi\u00f3n do Arboretum, pode apadri\u00f1ar unha \u00e1rbore.<\/p>\n<p>O Arboretum ten unha extensi\u00f3n de 15 hect\u00e1reas, pode facer o percorrido sinalizado con marcos de pedra numerados (do 1 ao 90) ou desprazarse libremente. Dependendo do ritmo do paseo e das paradas, o percorrido habitual dura entre d\u00faas e tres horas, pero pode reducirse se as\u00ed o desexa.<\/p>\n<p><strong>Para chegar:<\/strong><strong> Google Maps: Arboretum de Galicia, Lugo.      \n   Navegador: Igrexa de San Vicente de Pena, Lugo\u00a0 <\/strong><\/p>\n<p><strong>Coordenadas xeogr\u00e1ficas: Lat. 43\u00ba 08' 200\" N   ; Lonx. 7\u00ba 44' 340\" W\u00a0\u00a0<\/strong><\/p>\n<p><b>Goce do paseo!<\/b><\/p>\n<p>[\/et_pb_text][\/et_pb_column][\/et_pb_row][et_pb_row column_structure=\u00bb1_2,1_2&#8243; _builder_version=\u00bb4.14.1&#8243; _module_preset=\u00bbdefault\u00bb global_colors_info=\u00bb{}\u00bb theme_builder_area=\u00bbpost_content\u00bb][et_pb_column type=\u00bb1_2&#8243; _builder_version=\u00bb4.14.1&#8243; _module_preset=\u00bbdefault\u00bb global_colors_info=\u00bb{}\u00bb theme_builder_area=\u00bbpost_content\u00bb][et_pb_image src=\u00bbhttps:\/\/arboretumdegalicia.com\/wp-content\/uploads\/2021\/11\/IMG_20200610_150956.jpg\u00bb alt=\u00bbDEJESE GUIAR POR LOS MOJONES NUMERADOS\u00bb title_text=\u00bbIMG_20200610_150956&#8243; _builder_version=\u00bb4.14.1&#8243; _module_preset=\u00bbdefault\u00bb custom_margin=\u00bb||-48px|||\u00bb global_colors_info=\u00bb{}\u00bb theme_builder_area=\u00bbpost_content\u00bb][\/et_pb_image][\/et_pb_column][et_pb_column type=\u00bb1_2&#8243; _builder_version=\u00bb4.14.1&#8243; _module_preset=\u00bbdefault\u00bb global_colors_info=\u00bb{}\u00bb theme_builder_area=\u00bbpost_content\u00bb][et_pb_image src=\u00bbhttps:\/\/arboretumdegalicia.com\/wp-content\/uploads\/2021\/11\/IMG_20191125_142104-scaled.jpg\u00bb title_text=\u00bbMUCHOS ARBOLES ESTAN ETIQUETADOS\u00bb _builder_version=\u00bb4.14.1&#8243; _module_preset=\u00bbdefault\u00bb min_height=\u00bb538px\u00bb global_colors_info=\u00bb{}\u00bb theme_builder_area=\u00bbpost_content\u00bb][\/et_pb_image][\/et_pb_column][\/et_pb_row][et_pb_row _builder_version=\u00bb4.9.10&#8243; _module_preset=\u00bbdefault\u00bb global_colors_info=\u00bb{}\u00bb theme_builder_area=\u00bbpost_content\u00bb][et_pb_column type=\u00bb4_4&#8243; _builder_version=\u00bb4.9.10&#8243; _module_preset=\u00bbdefault\u00bb global_colors_info=\u00bb{}\u00bb theme_builder_area=\u00bbpost_content\u00bb][et_pb_accordion _builder_version=\u00bb4.9.10&#8243; _module_preset=\u00bbdefault\u00bb global_colors_info=\u00bb{}\u00bb theme_builder_area=\u00bbpost_content\u00bb][et_pb_accordion_item open=\u00bbon\u00bb _builder_version=\u00bb4.9.10&#8243; _module_preset=\u00bbdefault\u00bb global_colors_info=\u00bb{}\u00bb theme_builder_area=\u00bbpost_content\u00bb][\/et_pb_accordion_item][et_pb_accordion_item title=\u00bbResponsabilidad por da\u00f1os y accidentes\u00bb _builder_version=\u00bb4.9.10&#8243; _module_preset=\u00bbdefault\u00bb global_colors_info=\u00bb{}\u00bb theme_builder_area=\u00bbpost_content\u00bb open=\u00bboff\u00bb]<\/p>\n<p>O visitante asume a total responsabilidade por calquera dano ou accidente ocorrido durante a s\u00faa visita. O Arboretum non asume ningunha responsabilidade en caso de accidente, o visitante realiza a visita pola s\u00faa conta e risco e ao facelo acepta estas condici\u00f3ns.<\/p>\n<p>[\/et_pb_accordion_item][\/et_pb_accordion][\/et_pb_column][\/et_pb_row][\/et_pb_section][et_pb_section fb_built=\u00bb1&#8243; _builder_version=\u00bb4.9.9&#8243; _module_preset=\u00bbdefault\u00bb custom_margin=\u00bb0px||0px||false|false\u00bb custom_padding=\u00bb0px||0px||false|false\u00bb global_colors_info=\u00bb{}\u00bb theme_builder_area=\u00bbpost_content\u00bb][et_pb_row _builder_version=\u00bb4.9.9&#8243; _module_preset=\u00bbdefault\u00bb width=\u00bb100%\u00bb max_width=\u00bb100%\u00bb custom_margin=\u00bb0px||0px||false|false\u00bb custom_padding=\u00bb0px||0px||false|false\u00bb global_colors_info=\u00bb{}\u00bb theme_builder_area=\u00bbpost_content\u00bb][et_pb_column type=\u00bb4_4&#8243; _builder_version=\u00bb4.9.9&#8243; _module_preset=\u00bbdefault\u00bb global_colors_info=\u00bb{}\u00bb theme_builder_area=\u00bbpost_content\u00bb][et_pb_text _builder_version=\u00bb4.9.9&#8243; _module_preset=\u00bbdefault\u00bb global_colors_info=\u00bb{}\u00bb theme_builder_area=\u00bbpost_content\u00bb]<iframe src=\"https:\/\/www.google.com\/maps\/embed?pb=!1m18!1m12!1m3!1d156021.49443196537!2d-7.895944024718862!3d43.149951091470584!2m3!1f0!2f0!3f0!3m2!1i1024!2i768!4f13.1!3m3!1m2!1s0xd31d9b4216af4a3%3A0x6a03abd9e7ec3826!2sARBORETUM%20DE%20GALICIA!5e0!3m2!1ses!2ses!4v1626697016441!5m2!1ses!2ses\" width=\"1920\" height=\"600\" style=\"border:0;\" allowfullscreen=\"\" loading=\"lazy\"><\/iframe>[\/et_pb_text][\/et_pb_column][\/et_pb_row][\/et_pb_section]<\/p>","protected":false},"excerpt":{"rendered":"<p>Situado en el l\u00edmite entre la Provincia de A Coru\u00f1a y la de Lugo, a 3 km del cruce entre la A6 (Madrid- A Coru\u00f1a) y la A8 (Autov\u00eda del Cant\u00e1brico) en Baamonde, el Arboretum es de f\u00e1cil acceso desde cualquier punto de Galicia y una agradable parada y descanso en desplazamientos desde el Norte [&hellip;]<\/p>","protected":false},"author":1,"featured_media":1092,"parent":0,"menu_order":0,"comment_status":"closed","ping_status":"closed","template":"","meta":{"_et_pb_use_builder":"on","_et_pb_old_content":"","_et_gb_content_width":"","pgc_sgb_lightbox_settings":""},"_links":{"self":[{"href":"https:\/\/arboretumdegalicia.com\/gl\/wp-json\/wp\/v2\/pages\/849"}],"collection":[{"href":"https:\/\/arboretumdegalicia.com\/gl\/wp-json\/wp\/v2\/pages"}],"about":[{"href":"https:\/\/arboretumdegalicia.com\/gl\/wp-json\/wp\/v2\/types\/page"}],"author":[{"embeddable":true,"href":"https:\/\/arboretumdegalicia.com\/gl\/wp-json\/wp\/v2\/users\/1"}],"replies":[{"embeddable":true,"href":"https:\/\/arboretumdegalicia.com\/gl\/wp-json\/wp\/v2\/comments?post=849"}],"version-history":[{"count":39,"href":"https:\/\/arboretumdegalicia.com\/gl\/wp-json\/wp\/v2\/pages\/849\/revisions"}],"predecessor-version":[{"id":1823,"href":"https:\/\/arboretumdegalicia.com\/gl\/wp-json\/wp\/v2\/pages\/849\/revisions\/1823"}],"wp:featuredmedia":[{"embeddable":true,"href":"https:\/\/arboretumdegalicia.com\/gl\/wp-json\/wp\/v2\/media\/1092"}],"wp:attachment":[{"href":"https:\/\/arboretumdegalicia.com\/gl\/wp-json\/wp\/v2\/media?parent=849"}],"curies":[{"name":"wp","href":"https:\/\/api.w.org\/{rel}","templated":true}]}}