{"id":863,"date":"2021-07-20T12:51:35","date_gmt":"2021-07-20T10:51:35","guid":{"rendered":"https:\/\/arboretumdegalicia.com\/?page_id=863"},"modified":"2021-11-27T11:21:59","modified_gmt":"2021-11-27T09:21:59","slug":"reglas-del-arboretum","status":"publish","type":"page","link":"https:\/\/arboretumdegalicia.com\/gl\/reglas-del-arboretum\/","title":{"rendered":"Regras do Arboretum"},"content":{"rendered":"<p>[et_pb_section fb_built=\u00bb1&#8243; _builder_version=\u00bb4.9.10&#8243; _module_preset=\u00bbdefault\u00bb background_color=\u00bb#F6F1E8&#8243; custom_padding=\u00bb||116px|||\u00bb global_colors_info=\u00bb{}\u00bb theme_builder_area=\u00bbpost_content\u00bb][et_pb_row column_structure=\u00bb3_5,2_5&#8243; _builder_version=\u00bb4.14.1&#8243; _module_preset=\u00bbdefault\u00bb hover_enabled=\u00bb0&#8243; global_colors_info=\u00bb{}\u00bb theme_builder_area=\u00bbpost_content\u00bb sticky_enabled=\u00bb0&#8243;][et_pb_column type=\u00bb3_5&#8243; _builder_version=\u00bb4.14.1&#8243; _module_preset=\u00bbdefault\u00bb hover_enabled=\u00bb0&#8243; global_colors_info=\u00bb{}\u00bb theme_builder_area=\u00bbpost_content\u00bb sticky_enabled=\u00bb0&#8243;][et_pb_blurb title=\u00bbDeje que las flores florezcan y las plantas crezcan.\u00bb use_icon=\u00bbon\u00bb font_icon=\u00bb&#x5a;||divi||400&#8243; icon_placement=\u00bbleft\u00bb content_max_width=\u00bb100%\u00bb _builder_version=\u00bb4.13.0&#8243; _module_preset=\u00bbdefault\u00bb custom_padding=\u00bb|||0px|false|false\u00bb custom_css_blurb_image=\u00bbpadding-right:20px;\u00bb global_colors_info=\u00bb{}\u00bb theme_builder_area=\u00bbpost_content\u00bb]<\/p>\n<p><strong>Goce do lugar sen danalo.<\/strong><br \/>Non importa o pequeno que sexa. Cando se recolle ou dana unha flor, un cogomelo ou unha planta, pert\u00farbase o equilibrio natural no bosque. As abellas chegan ao n\u00e9ctar das flores e as\u00ed aseguran a polinizaci\u00f3n. Os cogomelos descompo\u00f1en a madeira morta e proporcionan nutrientes importantes para outras especies de plantas. E para os animais do bosque como os esqu\u00edos, os ratos e os escaravellos, os fungos son un bocadillo nutritivo.<\/p>\n<p><strong>COIDADO:<\/strong>: <em>Moitas plantas do Arboretum son t\u00f3xicas, evite que os nenos toquen as plantas que desco\u00f1ecen.<\/em><\/p>\n<p>[\/et_pb_blurb][et_pb_blurb title=\u00bbLos animales tambi\u00e9n disfrutan de la paz, no hagan demasiado ruido.\u00bb use_icon=\u00bbon\u00bb font_icon=\u00bb&#x5a;||divi||400&#8243; icon_placement=\u00bbleft\u00bb content_max_width=\u00bb100%\u00bb _builder_version=\u00bb4.13.0&#8243; _module_preset=\u00bbdefault\u00bb custom_padding=\u00bb|||0px|false|false\u00bb custom_css_blurb_image=\u00bbpadding-right:20px;\u00bb global_colors_info=\u00bb{}\u00bb theme_builder_area=\u00bbpost_content\u00bb]<\/p>\n<p>Respecte o silencio da natureza. O ru\u00eddo artificial modifica o comportamento da fauna e impide o gozo da tranquilidade e dos sons naturais que tanto precisamos todos. Non utilice instrumentos que produzan ru\u00eddo (meg\u00e1fonos, chifres, reprodutores de m\u00fasica etc.) e baixe o ton de voz. Non realice acci\u00f3ns que alteren ou asusten os animais.<br \/>Non s\u00f3 a xente aprecia a paz no bosque. Para moitos animais, \u00e9 necesario descansar o suficiente para sobrevivir. As aves migratorias e reprodutoras, por exemplo, necesitan tranquilidade para criar as s\u00faas cr\u00edas ou para embarcarse na esgotadora viaxe migratoria anual.<\/p>\n<p><em>Non est\u00e1 permitido o uso de drons.<\/em><\/p>\n<p>[\/et_pb_blurb][et_pb_blurb title=\u00bbMantenga a su perro atado.\u00bb use_icon=\u00bbon\u00bb font_icon=\u00bb&#x5a;||divi||400&#8243; icon_placement=\u00bbleft\u00bb content_max_width=\u00bb100%\u00bb _builder_version=\u00bb4.13.0&#8243; _module_preset=\u00bbdefault\u00bb custom_padding=\u00bb|||0px|false|false\u00bb custom_css_blurb_image=\u00bbpadding-right:20px;\u00bb global_colors_info=\u00bb{}\u00bb theme_builder_area=\u00bbpost_content\u00bb]<\/p>\n<p>Se queremos que o Arboretum siga sendo un lugar seguro, os visitantes deben manter as s\u00faas mascotas atadas en todo momento. Outros visitantes apreciarano. Algunhas persoas t\u00e9\u00f1enlles medo aos cans. Eles tam\u00e9n te\u00f1en dereito a un paseo tranquilo pola natureza.<\/p>\n<p>No Arboretum hai cans pastores que coidan das nosas ovellas; est\u00e1n afeitos \u00e1s visitas, son sociables e non atacar\u00e1n a s\u00faa mascota, pero \u00e9 mellor levala atada e evitar que se achegue a eles e \u00e1s ovellas.<\/p>\n<p>[\/et_pb_blurb][et_pb_blurb title=\u00bbCuide las plantas del Arboretum.\u00bb use_icon=\u00bbon\u00bb font_icon=\u00bb&#x5a;||divi||400&#8243; icon_placement=\u00bbleft\u00bb content_max_width=\u00bb100%\u00bb _builder_version=\u00bb4.13.0&#8243; _module_preset=\u00bbdefault\u00bb custom_padding=\u00bb|||0px|false|false\u00bb custom_css_blurb_image=\u00bbpadding-right:20px;\u00bb global_colors_info=\u00bb{}\u00bb theme_builder_area=\u00bbpost_content\u00bb]<\/p>\n<p>Non corte escallos nin arranque plantas ou flores.<br \/>Rascar \u00e1rbores \u00e9 o mesmo que ferilas. A ferida \u00e9 unha porta de entrada aos fungos e insectos que poden debilitala.<\/p>\n<p>[\/et_pb_blurb][et_pb_blurb title=\u00bbAyude a mantener limpio el bosque;  ll\u00e9vese sus desechos a casa.\u00bb use_icon=\u00bbon\u00bb font_icon=\u00bb&#x5a;||divi||400&#8243; icon_placement=\u00bbleft\u00bb content_max_width=\u00bb100%\u00bb _builder_version=\u00bb4.13.0&#8243; _module_preset=\u00bbdefault\u00bb custom_padding=\u00bb|||0px|false|false\u00bb custom_css_blurb_image=\u00bbpadding-right:20px;\u00bb global_colors_info=\u00bb{}\u00bb theme_builder_area=\u00bbpost_content\u00bb]<\/p>\n<p>No Arboretum non encontrar\u00e1 papeleiras. Procure que non queden pegadas da s\u00faa visita levando canda vostede os seus refugallos.<br \/>O lixo afea a paisaxe e molesta a outros visitantes do bosque. Ademais, o lixo \u00e9 malo para as persoas, os animais e a natureza: pode contaminar o chan, os animais c\u00f3meno ou quedan prendidos nel.<\/p>\n<p>[\/et_pb_blurb][et_pb_blurb title=\u00bbMant\u00e9ngase en los caminos; no pisotee  el terreno.\u00bb use_icon=\u00bbon\u00bb font_icon=\u00bb&#x5a;||divi||400&#8243; icon_placement=\u00bbleft\u00bb content_max_width=\u00bb100%\u00bb _builder_version=\u00bb4.13.0&#8243; _module_preset=\u00bbdefault\u00bb custom_padding=\u00bb|||0px|false|false\u00bb custom_css_blurb_image=\u00bbpadding-right:20px;\u00bb global_colors_info=\u00bb{}\u00bb theme_builder_area=\u00bbpost_content\u00bb]<\/p>\n<p>Se cami\u00f1a con frecuencia sobre o terreo, o chan comprimirase e eventualmente endurecerase. A auga e o aire xa non penetrar\u00e1n nas ra\u00edces das plantas e das \u00e1rbores. Empezan a apodrecer e isto provoca a s\u00faa morte. Calquera que saia dos cami\u00f1os tam\u00e9n dana especies de plantas vulnerables e perturba os habitantes do Arboretum.<br \/>No Arboretum traz\u00e1ronse cami\u00f1os por medio de marcos de pedra numerados como orientaci\u00f3n para facilitar o paseo dos usuarios. Elixa o cami\u00f1o axeitado para a s\u00faa actividade e en funci\u00f3n do tempo dispo\u00f1ible.<\/p>\n<p>[\/et_pb_blurb][et_pb_blurb title=\u00bbMant\u00e9nga el Arboretum a salvo del fuego: un incendio se propaga r\u00e1pidamente.\u00bb use_icon=\u00bbon\u00bb font_icon=\u00bb&#x5a;||divi||400&#8243; icon_placement=\u00bbleft\u00bb content_max_width=\u00bb100%\u00bb _builder_version=\u00bb4.13.0&#8243; _module_preset=\u00bbdefault\u00bb custom_padding=\u00bb|||0px|false|false\u00bb custom_css_blurb_image=\u00bbpadding-right:20px;\u00bb global_colors_info=\u00bb{}\u00bb theme_builder_area=\u00bbpost_content\u00bb]<\/p>\n<p>Nos per\u00edodos secos, unha cabicha \u00e9 suficiente para incendiar o bosque en pouco tempo. Por iso est\u00e1 estritamente prohibido fumar ou facer lume no Arboretum.<\/p>\n<p>[\/et_pb_blurb][et_pb_blurb title=\u00bbDeje la madera muerta: a los animales y plantas les gusta vivir all\u00ed.\u00bb use_icon=\u00bbon\u00bb font_icon=\u00bb&#x5a;||divi||400&#8243; icon_placement=\u00bbleft\u00bb content_max_width=\u00bb100%\u00bb _builder_version=\u00bb4.13.0&#8243; _module_preset=\u00bbdefault\u00bb custom_padding=\u00bb|||0px|false|false\u00bb custom_css_blurb_image=\u00bbpadding-right:20px;\u00bb global_colors_info=\u00bb{}\u00bb theme_builder_area=\u00bbpost_content\u00bb]<\/p>\n<p>A madeira morta e en descomposici\u00f3n aumenta a biodiversidade forestal. \u00c9 unha fonte de alimento para moitos microorganismos e invertebrados e, polo tanto, constit\u00fae un v\u00ednculo importante no ecosistema forestal. Os animais como as p\u00edntegas, os morcegos e as martas de pi\u00f1eiro a mi\u00fado utilizan \u00e1rbores mortas ca\u00eddas ou en p\u00e9 como agochadoiros.<\/p>\n<p>[\/et_pb_blurb][et_pb_blurb title=\u00bbEvite la entrada de animales y plantas ex\u00f3ticos o invasoras en el Arboretum. \u00bb use_icon=\u00bbon\u00bb font_icon=\u00bb&#x5a;||divi||400&#8243; icon_placement=\u00bbleft\u00bb content_max_width=\u00bb100%\u00bb _builder_version=\u00bb4.13.1&#8243; _module_preset=\u00bbdefault\u00bb custom_padding=\u00bb|||0px|false|false\u00bb custom_css_blurb_image=\u00bbpadding-right:20px;\u00bb global_colors_info=\u00bb{}\u00bb theme_builder_area=\u00bbpost_content\u00bb]<\/p>\n<p><strong>No introduzca plantas o animales.<\/strong> La lucha contra plantas invasoras como el plumero de la Pampa y las acacias en nuestros bosques representa un problema muy importante para la conservaci\u00f3n de nuestros biotopos. Se propagan muy r\u00e1pidamente y desplazan a las plantas nativas.<\/p>\n<p>[\/et_pb_blurb][et_pb_blurb title=\u00bbDisfrute  pero tambi\u00e9n respete a los vecinos y a los dem\u00e1s visitantes del Arboretum.\u00bb use_icon=\u00bbon\u00bb font_icon=\u00bb&#x5a;||divi||400&#8243; icon_placement=\u00bbleft\u00bb content_max_width=\u00bb100%\u00bb _builder_version=\u00bb4.13.0&#8243; _module_preset=\u00bbdefault\u00bb custom_padding=\u00bb|||0px|false|false\u00bb custom_css_blurb_image=\u00bbpadding-right:20px;\u00bb global_colors_info=\u00bb{}\u00bb theme_builder_area=\u00bbpost_content\u00bb]<\/p>\n<p>Esta regra resume ben todas as demais regras. Ao amosar respecto pola natureza e polos outros visitantes, todos poder\u00e1n gozar plenamente do Arboretum durante moitas xeraci\u00f3ns por vir.<br \/>Non entre co seu veh\u00edculo (nin coches, nin motos nin bicis) no Arboretum. Pode aparcar na explanada da igrexa de San Vicente de Pena. Evite molestar os veci\u00f1os.<\/p>\n<p>[\/et_pb_blurb][et_pb_blurb title=\u00bbEvite riesgos.\u00bb use_icon=\u00bbon\u00bb font_icon=\u00bb&#x5a;||divi||400&#8243; icon_placement=\u00bbleft\u00bb content_max_width=\u00bb100%\u00bb _builder_version=\u00bb4.13.0&#8243; _module_preset=\u00bbdefault\u00bb custom_padding=\u00bb|||0px|false|false\u00bb custom_css_blurb_image=\u00bbpadding-right:20px;\u00bb global_colors_info=\u00bb{}\u00bb theme_builder_area=\u00bbpost_content\u00bb]<\/p>\n<p>A visita real\u00edzase baixo a enteira responsabilidade do visitante. O Arboretum non se fai responsable de accidentes ou danos acaecidos durante a visita.<\/p>\n<p>[\/et_pb_blurb][et_pb_text _builder_version=\u00bb4.10.7&#8243; _module_preset=\u00bbdefault\u00bb global_colors_info=\u00bb{}\u00bb theme_builder_area=\u00bbpost_content\u00bb]<\/p>\n<p>AO ENTRAR NO ARBORETUM ACEPTA ESTAS NORMAS E ASUME A TOTAL RESPONSABILIDADE<\/p>\n<p>[\/et_pb_text][\/et_pb_column][et_pb_column type=\u00bb2_5&#8243; _builder_version=\u00bb4.9.10&#8243; _module_preset=\u00bbdefault\u00bb global_colors_info=\u00bb{}\u00bb theme_builder_area=\u00bbpost_content\u00bb][et_pb_text _builder_version=\u00bb4.14.1&#8243; _module_preset=\u00bbdefault\u00bb text_font_size=\u00bb17px\u00bb text_line_height=\u00bb1.4em\u00bb header_3_font_size=\u00bb34px\u00bb background_color=\u00bb#D13E04&#8243; use_background_color_gradient=\u00bbon\u00bb background_color_gradient_end=\u00bbrgba(242,69,53,0.59)\u00bb custom_padding=\u00bb18px|10px|18px|25px|true|false\u00bb sticky_position=\u00bbtop\u00bb sticky_limit_bottom=\u00bbbody\u00bb hover_enabled=\u00bb0&#8243; sticky_position_tablet=\u00bbnone\u00bb sticky_position_phone=\u00bb\u00bb sticky_position_last_edited=\u00bbon|tablet\u00bb custom_css_main_element=\u00bbtext-transform:lowercase;\u00bb global_colors_info=\u00bb{}\u00bb theme_builder_area=\u00bbpost_content\u00bb module_alignment=\u00bbcenter\u00bb border_color_all=\u00bb#D13E04&#8243; border_style_all=\u00bbnone\u00bb sticky_enabled=\u00bb0&#8243; overflow-x=\u00bbhidden\u00bb overflow-y=\u00bbhidden\u00bb hover_transition_duration=\u00bb0ms\u00bb sticky_offset_surrounding=\u00bboff\u00bb sticky_transition=\u00bboff\u00bb]<\/p>\n<table cellspacing=\"0\" border=\"0\" width=\"346\" height=\"1003\">\n<colgroup width=\"695\"><\/colgroup>\n<tbody>\n<tr>\n<td height=\"37\" align=\"left\" valign=\"bottom\" style=\"width: 360.641px;\">\n<h1><span style=\"color: #ffffff;\">Aviso<\/span><\/h1>\n<\/td>\n<\/tr>\n<tr>\n<td height=\"37\" align=\"left\" valign=\"bottom\" style=\"width: 360.641px;\"><span style=\"color: #e8e8e8;\">\u2026 quen tire lixo, quen queime<\/span><\/td>\n<\/tr>\n<tr>\n<td height=\"37\" align=\"left\" valign=\"bottom\" style=\"width: 360.641px;\"><span style=\"color: #e8e8e8;\">ou intente queimar,<\/span><\/td>\n<\/tr>\n<tr>\n<td height=\"37\" align=\"left\" valign=\"bottom\" style=\"width: 360.641px;\"><span style=\"color: #e8e8e8;\">roubar ou danar<\/span><\/td>\n<\/tr>\n<tr>\n<td height=\"37\" align=\"left\" valign=\"bottom\" style=\"width: 360.641px;\"><span style=\"color: #e8e8e8;\">as plantas deste lugar,<\/span><\/td>\n<\/tr>\n<tr>\n<td height=\"37\" align=\"left\" valign=\"bottom\" style=\"width: 360.641px;\"><span style=\"color: #e8e8e8;\">deixe que a s\u00faa man<\/span><\/td>\n<\/tr>\n<tr>\n<td height=\"37\" align=\"left\" valign=\"bottom\" style=\"width: 360.641px;\"><span style=\"color: #e8e8e8;\">se converta nunha navalla<\/span><\/td>\n<\/tr>\n<tr>\n<td height=\"37\" align=\"left\" valign=\"bottom\" style=\"width: 360.641px;\"><span style=\"color: #e8e8e8;\">e esgace a s\u00faa pel<\/span><\/td>\n<\/tr>\n<tr>\n<td height=\"37\" align=\"left\" valign=\"bottom\" style=\"width: 360.641px;\"><span style=\"color: #e8e8e8;\">que estea paralizado e sufra,<\/span><\/td>\n<\/tr>\n<tr>\n<td height=\"37\" align=\"left\" valign=\"bottom\" style=\"width: 360.641px;\"><span style=\"color: #e8e8e8;\">que se desmaie da dor,<\/span><\/td>\n<\/tr>\n<tr>\n<td height=\"37\" align=\"left\" valign=\"bottom\" style=\"width: 360.641px;\"><span style=\"color: #e8e8e8;\">que berre e clame por misericordia<\/span><\/td>\n<\/tr>\n<tr>\n<td height=\"37\" align=\"left\" valign=\"bottom\" style=\"width: 360.641px;\"><span style=\"color: #e8e8e8;\">e que nada alivie o seu sufrimento<\/span><\/td>\n<\/tr>\n<tr>\n<td height=\"37\" align=\"left\" valign=\"bottom\" style=\"width: 360.641px;\"><span style=\"color: #e8e8e8;\">ata perecer.<\/span><\/td>\n<\/tr>\n<tr>\n<td height=\"37\" align=\"left\" valign=\"bottom\" style=\"width: 360.641px;\"><span style=\"color: #e8e8e8;\">que os vermes roian as s\u00faas entra\u00f1as<\/span><\/td>\n<\/tr>\n<tr>\n<td height=\"37\" align=\"left\" valign=\"bottom\" style=\"width: 360.641px;\"><span style=\"color: #f2f2f2;\">e que, como a quen plantou eucalipto<\/span><\/td>\n<\/tr>\n<tr>\n<td height=\"37\" align=\"left\" valign=\"bottom\" style=\"width: 360.641px;\"><span style=\"color: #f2f2f2;\">o seu carallo podreza.<\/span><\/td>\n<\/tr>\n<tr>\n<td height=\"37\" align=\"left\" valign=\"bottom\" style=\"width: 360.641px;\"><span style=\"color: #f2f2f2;\">e que cando finalmente<\/span><\/td>\n<\/tr>\n<tr>\n<td height=\"37\" align=\"left\" valign=\"bottom\" style=\"width: 360.641px;\"><span style=\"color: #efefef;\">descenda ao castigo eterno,<\/span><\/td>\n<\/tr>\n<tr>\n<td height=\"37\" align=\"left\" valign=\"bottom\" style=\"width: 360.641px;\"><span style=\"color: #efefef;\">que as chamas do inferno<\/span><\/td>\n<\/tr>\n<tr>\n<td height=\"37\" align=\"left\" valign=\"bottom\" style=\"width: 360.641px;\"><span style=\"color: #efefef;\">o consuman para sempre<\/span><\/td>\n<\/tr>\n<tr>\n<td height=\"37\" align=\"left\" valign=\"bottom\" style=\"width: 360.641px;\"><span style=\"color: #efefef;\">que os deuses do ceo e da terra<\/span><\/td>\n<\/tr>\n<tr>\n<td height=\"37\" align=\"left\" valign=\"bottom\" style=\"width: 360.641px;\">\n<p><span style=\"color: #efefef;\">o castiguen con<\/span><\/p>\n<p><span style=\"color: #efefef;\">esta maldici\u00f3n a el,<\/span><\/p>\n<\/td>\n<\/tr>\n<tr>\n<td height=\"37\" align=\"left\" valign=\"bottom\" style=\"width: 360.641px;\"><span style=\"color: #efefef;\">a os seus fillos e netos,<\/span><\/td>\n<\/tr>\n<tr>\n<td height=\"37\" align=\"left\" valign=\"bottom\" style=\"width: 360.641px;\"><span style=\"color: #efefef;\">e aos netos dos seus netos,<\/span><\/td>\n<\/tr>\n<tr>\n<td height=\"37\" align=\"left\" valign=\"bottom\" style=\"width: 360.641px;\"><span style=\"color: #efefef;\">por sempre, eternamente.<\/span><\/td>\n<\/tr>\n<tr>\n<td height=\"37\" align=\"left\" valign=\"bottom\" style=\"width: 360.641px;\"><span style=\"color: #efefef;\">Non esqueza\u2026<\/span><\/td>\n<\/tr>\n<\/tbody>\n<\/table>\n<p>&nbsp;<\/p>\n<p>[\/et_pb_text][\/et_pb_column][\/et_pb_row][\/et_pb_section][et_pb_section fb_built=\u00bb1&#8243; fullwidth=\u00bbon\u00bb _builder_version=\u00bb4.14.1&#8243; _module_preset=\u00bbdefault\u00bb global_colors_info=\u00bb{}\u00bb theme_builder_area=\u00bbpost_content\u00bb][et_pb_fullwidth_image src=\u00bbhttps:\/\/arboretumdegalicia.com\/wp-content\/uploads\/2021\/08\/monte-cesar-24-01-2013-026-scaled.jpg\u00bb title_text=\u00bbmonte cesar 24-01-2013 026&#8243; _builder_version=\u00bb4.14.1&#8243; _module_preset=\u00bbdefault\u00bb global_colors_info=\u00bb{}\u00bb theme_builder_area=\u00bbpost_content\u00bb][\/et_pb_fullwidth_image][\/et_pb_section]<\/p>","protected":false},"excerpt":{"rendered":"<p>Disfrute del entorno sin da\u00f1arlo.No importa cu\u00e1n peque\u00f1o sea, cuando se recoge o da\u00f1a una flor, una seta o una planta, se perturba el equilibrio natural en el bosque. Las abejas llegan al n\u00e9ctar de las flores y as\u00ed aseguran la polinizaci\u00f3n. Las setas descomponen la madera muerta y proporcionan nutrientes importantes para otras especies [&hellip;]<\/p>","protected":false},"author":1,"featured_media":68,"parent":0,"menu_order":0,"comment_status":"closed","ping_status":"closed","template":"","meta":{"_et_pb_use_builder":"on","_et_pb_old_content":"","_et_gb_content_width":"","pgc_sgb_lightbox_settings":""},"_links":{"self":[{"href":"https:\/\/arboretumdegalicia.com\/gl\/wp-json\/wp\/v2\/pages\/863"}],"collection":[{"href":"https:\/\/arboretumdegalicia.com\/gl\/wp-json\/wp\/v2\/pages"}],"about":[{"href":"https:\/\/arboretumdegalicia.com\/gl\/wp-json\/wp\/v2\/types\/page"}],"author":[{"embeddable":true,"href":"https:\/\/arboretumdegalicia.com\/gl\/wp-json\/wp\/v2\/users\/1"}],"replies":[{"embeddable":true,"href":"https:\/\/arboretumdegalicia.com\/gl\/wp-json\/wp\/v2\/comments?post=863"}],"version-history":[{"count":21,"href":"https:\/\/arboretumdegalicia.com\/gl\/wp-json\/wp\/v2\/pages\/863\/revisions"}],"predecessor-version":[{"id":1785,"href":"https:\/\/arboretumdegalicia.com\/gl\/wp-json\/wp\/v2\/pages\/863\/revisions\/1785"}],"wp:featuredmedia":[{"embeddable":true,"href":"https:\/\/arboretumdegalicia.com\/gl\/wp-json\/wp\/v2\/media\/68"}],"wp:attachment":[{"href":"https:\/\/arboretumdegalicia.com\/gl\/wp-json\/wp\/v2\/media?parent=863"}],"curies":[{"name":"wp","href":"https:\/\/api.w.org\/{rel}","templated":true}]}}