{"id":875,"date":"2021-07-20T13:01:29","date_gmt":"2021-07-20T11:01:29","guid":{"rendered":"https:\/\/arboretumdegalicia.com\/?page_id=875"},"modified":"2021-11-27T20:02:06","modified_gmt":"2021-11-27T18:02:06","slug":"apadrina-un-arbol","status":"publish","type":"page","link":"https:\/\/arboretumdegalicia.com\/gl\/apadrina-un-arbol\/","title":{"rendered":"Apadri\u00f1e unha planta"},"content":{"rendered":"<p>[et_pb_section fb_built=\u00bb1&#8243; _builder_version=\u00bb4.9.10&#8243; _module_preset=\u00bbdefault\u00bb background_color=\u00bb#F6F1E8&#8243; custom_padding=\u00bb||116px|||\u00bb global_colors_info=\u00bb{}\u00bb theme_builder_area=\u00bbpost_content\u00bb][et_pb_row column_structure=\u00bb3_5,2_5&#8243; _builder_version=\u00bb4.9.10&#8243; _module_preset=\u00bbdefault\u00bb min_height=\u00bb443.5px\u00bb global_colors_info=\u00bb{}\u00bb theme_builder_area=\u00bbpost_content\u00bb][et_pb_column type=\u00bb3_5&#8243; _builder_version=\u00bb4.9.10&#8243; _module_preset=\u00bbdefault\u00bb global_colors_info=\u00bb{}\u00bb theme_builder_area=\u00bbpost_content\u00bb][et_pb_blurb title=\u00bbApoye el desarrollo de Arboretum\u00bb use_icon=\u00bbon\u00bb font_icon=\u00bb&#x5a;||divi||400&#8243; icon_placement=\u00bbleft\u00bb content_max_width=\u00bb100%\u00bb _builder_version=\u00bb4.13.0&#8243; _module_preset=\u00bbdefault\u00bb custom_padding=\u00bb|||0px|false|false\u00bb custom_css_blurb_image=\u00bbpadding-right:20px;\u00bb global_colors_info=\u00bb{}\u00bb theme_builder_area=\u00bbpost_content\u00bb]<\/p>\n<p>Se desexa apoiar o desenvolvemento do ARBORETUM, propo\u00f1\u00e9moslle adoptar unha planta, un arbusto ou unha \u00e1rbore.<\/p>\n<p>Ind\u00edquenos o seu interese ao inscribirse para a visita e, se \u00e9 posible, ao chegar ter\u00e1 a s\u00faa planta disposta para que a plante e a etiquete po\u00f1endo o seu nome na parte de atr\u00e1s da etiqueta en lousa. Informar\u00e9molo\/a de onde est\u00e1 esperando por vostede coas ferramentas necesarias, como e onde plantala.<\/p>\n<p>Se desexa contribu\u00edr, env\u00edenos unha mensaxe electr\u00f3nica a: <strong><a>arboretumdegalicia@yahoo.es<\/a>\u00a0<\/strong><\/p>\n<p>&nbsp;<\/p>\n<p>&nbsp;<\/p>\n<p>[\/et_pb_blurb][\/et_pb_column][et_pb_column type=\u00bb2_5&#8243; _builder_version=\u00bb4.9.10&#8243; _module_preset=\u00bbdefault\u00bb global_colors_info=\u00bb{}\u00bb theme_builder_area=\u00bbpost_content\u00bb][et_pb_image src=\u00bbhttps:\/\/arboretumdegalicia.com\/wp-content\/uploads\/2021\/06\/flor-roja-arboretum.jpg\u00bb title_text=\u00bbflor-roja-arboretum\u00bb _builder_version=\u00bb4.14.1&#8243; _module_preset=\u00bbdefault\u00bb custom_margin=\u00bb|-111px||||\u00bb global_colors_info=\u00bb{}\u00bb theme_builder_area=\u00bbpost_content\u00bb][\/et_pb_image][\/et_pb_column][\/et_pb_row][et_pb_row column_structure=\u00bb1_3,1_3,1_3&#8243; _builder_version=\u00bb4.14.1&#8243; _module_preset=\u00bbdefault\u00bb width=\u00bb100%\u00bb custom_margin=\u00bb-3px|194px||auto||\u00bb custom_padding=\u00bb19px|0px||62px||\u00bb global_colors_info=\u00bb{}\u00bb theme_builder_area=\u00bbpost_content\u00bb][et_pb_column type=\u00bb1_3&#8243; _builder_version=\u00bb4.14.1&#8243; _module_preset=\u00bbdefault\u00bb global_colors_info=\u00bb{}\u00bb theme_builder_area=\u00bbpost_content\u00bb][et_pb_image src=\u00bbhttps:\/\/arboretumdegalicia.com\/wp-content\/uploads\/2021\/11\/1636181902317-2-scaled.jpg\u00bb title_text=\u00bb1636181902317 (2)\u00bb _builder_version=\u00bb4.14.1&#8243; _module_preset=\u00bbdefault\u00bb global_colors_info=\u00bb{}\u00bb theme_builder_area=\u00bbpost_content\u00bb][\/et_pb_image][\/et_pb_column][et_pb_column type=\u00bb1_3&#8243; _builder_version=\u00bb4.14.1&#8243; _module_preset=\u00bbdefault\u00bb global_colors_info=\u00bb{}\u00bb theme_builder_area=\u00bbpost_content\u00bb][et_pb_image src=\u00bbhttps:\/\/arboretumdegalicia.com\/wp-content\/uploads\/2021\/11\/1637595571476-scaled.jpg\u00bb title_text=\u00bb1637595571476&#8243; _builder_version=\u00bb4.14.1&#8243; _module_preset=\u00bbdefault\u00bb global_colors_info=\u00bb{}\u00bb theme_builder_area=\u00bbpost_content\u00bb][\/et_pb_image][\/et_pb_column][et_pb_column type=\u00bb1_3&#8243; _builder_version=\u00bb4.14.1&#8243; _module_preset=\u00bbdefault\u00bb global_colors_info=\u00bb{}\u00bb theme_builder_area=\u00bbpost_content\u00bb][et_pb_image src=\u00bbhttps:\/\/arboretumdegalicia.com\/wp-content\/uploads\/2021\/07\/plantada-2019.jpg\u00bb title_text=\u00bbplantada-2019&#8243; _builder_version=\u00bb4.14.1&#8243; _module_preset=\u00bbdefault\u00bb global_colors_info=\u00bb{}\u00bb theme_builder_area=\u00bbpost_content\u00bb][\/et_pb_image][\/et_pb_column][\/et_pb_row][\/et_pb_section]<\/p>","protected":false},"excerpt":{"rendered":"<p>Si desea apoyar el desarrollo del ARBORETUM le proponemos adoptar una planta, un arbusto o un \u00e1rbol. Ind\u00edquenos su inter\u00e9s al inscribirse para la vista y, si es posible, al llegar tendr\u00e1 su planta dispuesta para que la plante y la etiquete poniendo su nombre en la parte de atr\u00e1s de la etiqueta en pizarra. [&hellip;]<\/p>","protected":false},"author":1,"featured_media":76,"parent":0,"menu_order":0,"comment_status":"closed","ping_status":"closed","template":"","meta":{"_et_pb_use_builder":"on","_et_pb_old_content":"","_et_gb_content_width":"","pgc_sgb_lightbox_settings":""},"_links":{"self":[{"href":"https:\/\/arboretumdegalicia.com\/gl\/wp-json\/wp\/v2\/pages\/875"}],"collection":[{"href":"https:\/\/arboretumdegalicia.com\/gl\/wp-json\/wp\/v2\/pages"}],"about":[{"href":"https:\/\/arboretumdegalicia.com\/gl\/wp-json\/wp\/v2\/types\/page"}],"author":[{"embeddable":true,"href":"https:\/\/arboretumdegalicia.com\/gl\/wp-json\/wp\/v2\/users\/1"}],"replies":[{"embeddable":true,"href":"https:\/\/arboretumdegalicia.com\/gl\/wp-json\/wp\/v2\/comments?post=875"}],"version-history":[{"count":22,"href":"https:\/\/arboretumdegalicia.com\/gl\/wp-json\/wp\/v2\/pages\/875\/revisions"}],"predecessor-version":[{"id":1797,"href":"https:\/\/arboretumdegalicia.com\/gl\/wp-json\/wp\/v2\/pages\/875\/revisions\/1797"}],"wp:featuredmedia":[{"embeddable":true,"href":"https:\/\/arboretumdegalicia.com\/gl\/wp-json\/wp\/v2\/media\/76"}],"wp:attachment":[{"href":"https:\/\/arboretumdegalicia.com\/gl\/wp-json\/wp\/v2\/media?parent=875"}],"curies":[{"name":"wp","href":"https:\/\/api.w.org\/{rel}","templated":true}]}}